{"id":2151,"date":"2025-10-10T08:42:43","date_gmt":"2025-10-10T06:42:43","guid":{"rendered":"https:\/\/sev-e.com\/?page_id=2151"},"modified":"2025-10-22T09:52:52","modified_gmt":"2025-10-22T07:52:52","slug":"politica-de-cookies","status":"publish","type":"page","link":"https:\/\/sev-e.com\/es\/politica-de-cookies\/","title":{"rendered":"Pol\u00edtica de cookies"},"content":{"rendered":"\n\n<div id=\"block-hero-block_e8dc4215303d56bc461e1735cd63d59f\" class=\"row page_intro_part  block-hero\">\n    <div class=\"col-12 breadcrumb_part\">\n    <nav aria-label=\"breadcrumbs\" class=\"rank-math-breadcrumb\"><p><span class=\"last\">Inicio<\/span><\/p><\/nav>    <\/div>\n    <div class=\"col-12 col-xxl-8 offset-xxl-2\">\n        <h1 class=\"h1 blue\">Pol\u00edtica de cookies<\/h1>\n            <\/div>\n<\/div>\n\n\n\n<div class=\"row content\"><div class=\"col-12 heading col-xl-10 offset-xl-1\">\n<h2 class=\"wp-block-heading\">\u00bfQu\u00e9 es una cookie?<\/h2>\n<\/div><\/div>\n\n<div class=\"row content\"><div class=\"col-12 paragraph col-xl-10 offset-xl-1\">\n<p>Las cookies son datos almacenados en su ordenador o dispositivo m\u00f3vil. Se distinguen por sus identificadores \u00fanicos, asociados a sus dispositivos. Las cookies ayudan a garantizar una mejor experiencia de navegaci\u00f3n en sus sitios web favoritos, ya que recuerdan sus acciones y preferencias. De este modo, no es necesario volver a introducir informaci\u00f3n como la ubicaci\u00f3n, la fuente o el idioma cada vez que visite el sitio.<\/p>\n<\/div><\/div>\n\n<div class=\"row content\"><div class=\"col-12 paragraph col-xl-10 offset-xl-1\">\n<p>Estas cookies se almacenan en su ordenador. No nos permiten identificarle personalmente; sin embargo, registran informaci\u00f3n relativa a la navegaci\u00f3n de su dispositivo en el sitio web (las p\u00e1ginas consultadas, la fecha y hora de la visita, etc.), que podremos leer en sus futuras visitas.<\/p>\n<\/div><\/div>\n\n<div class=\"row content\"><div class=\"col-12 paragraph col-xl-10 offset-xl-1\">\n<p>Para todos los tratamientos de datos relacionados con la recogida de cookies, Sev-e, Sociedad por Acciones Simplificada (SAS) con un capital social de 20.000 euros, con domicilio social en Lieudit Le Gueirard, Chemin du Vallon des Vaux, La Gaude, determina los medios y las finalidades del tratamiento.<\/p>\n<\/div><\/div>\n\n<div class=\"row content\"><div class=\"col-12 paragraph col-xl-10 offset-xl-1\">\n<p>Por lo tanto, Sev-e act\u00faa como responsable del tratamiento, de conformidad con la normativa sobre protecci\u00f3n de datos personales, en particular el Reglamento (UE) 2016\/679 relativo a la protecci\u00f3n de las personas f\u00edsicas en lo que respecta al tratamiento de datos personales y a la libre circulaci\u00f3n de dichos datos (RGPD).<\/p>\n<\/div><\/div>\n\n<div class=\"row content\"><div class=\"col-12 paragraph col-xl-10 offset-xl-1\">\n<p>Sev-e concede la m\u00e1xima importancia y cuidado a la protecci\u00f3n de la privacidad y de los datos personales, as\u00ed como al cumplimiento de la normativa aplicable.<\/p>\n<\/div><\/div>\n\n<div class=\"row content\"><div class=\"col-12 paragraph col-xl-10 offset-xl-1\">\n<p>La presente pol\u00edtica de cookies (en adelante, la \u201cPol\u00edtica\u201d) tiene como objetivo ofrecerle informaci\u00f3n sencilla y clara sobre c\u00f3mo se recogen sus datos a trav\u00e9s de las cookies depositadas en nuestro sitio web.<\/p>\n<\/div><\/div>\n\n<div class=\"row content\"><div class=\"col-12 heading col-xl-10 offset-xl-1\">\n<h2 class=\"wp-block-heading\">\u00bfQu\u00e9 datos se recogen a trav\u00e9s de las cookies?<\/h2>\n<\/div><\/div>\n\n<div class=\"row content\"><div class=\"col-12 paragraph col-xl-10 offset-xl-1\">\n<p>A trav\u00e9s de las cookies se pueden recoger datos relacionados con un dispositivo en un momento determinado, en particular:<\/p>\n<\/div><\/div>\n\n<div class=\"row content\"><div class=\"col-12 list col-xl-10 offset-xl-1\">\n<ul class=\"wp-block-list\">\n<li>Uno o varios identificadores t\u00e9cnicos que permiten identificar su conexi\u00f3n a Internet;<\/li>\n\n\n\n<li>La fecha, hora y duraci\u00f3n de la conexi\u00f3n de un dispositivo al sitio web;<\/li>\n\n\n\n<li>La direcci\u00f3n de Internet (URL) de la p\u00e1gina de procedencia del dispositivo que accede al sitio;<\/li>\n\n\n\n<li>El tipo de sistema operativo del dispositivo (por ejemplo: Windows, macOS, Linux, Unix, etc.);<\/li>\n\n\n\n<li>El tipo y la versi\u00f3n del navegador utilizado (por ejemplo: Internet Explorer, Firefox, Safari, Chrome, Opera, etc.);<\/li>\n\n\n\n<li>La marca y el modelo del dispositivo m\u00f3vil o tableta;<\/li>\n\n\n\n<li>Posibles errores de descarga;<\/li>\n\n\n\n<li>El idioma de uso del navegador del dispositivo;<\/li>\n\n\n\n<li>Las caracter\u00edsticas de los contenidos consultados y compartidos.<\/li>\n<\/ul>\n<\/div><\/div>\n\n<div class=\"row content\"><div class=\"col-12 heading col-xl-10 offset-xl-1\">\n<h2 class=\"wp-block-heading\">\u00bfCu\u00e1l es la finalidad de las cookies utilizadas?<\/h2>\n<\/div><\/div>\n\n<div class=\"row content\"><div class=\"col-12 paragraph col-xl-10 offset-xl-1\">\n<p>En nuestro sitio web podemos instalar diferentes tipos de cookies con varias finalidades, entre ellas:<\/p>\n<\/div><\/div>\n\n<div class=\"row content\"><div class=\"col-12 list col-xl-10 offset-xl-1\">\n<ul class=\"wp-block-list\">\n<li><strong>Cookies necesarias para la personalizaci\u00f3n y el funcionamiento del sitio web:<\/strong><br>Estas cookies permiten utilizar las funciones principales del sitio, como guardar informaci\u00f3n entre dos visitas en el mismo dispositivo, recordar los datos de inicio de sesi\u00f3n o conservar los elementos de personalizaci\u00f3n de la interfaz (como la elecci\u00f3n del idioma o el dise\u00f1o). Estas cookies no requieren su consentimiento previo.<\/li>\n<\/ul>\n<\/div><\/div>\n\n<div class=\"row content\"><div class=\"col-12 paragraph col-xl-10 offset-xl-1\">\n<p class=\"has-vivid-red-color has-text-color has-link-color wp-elements-c9365267f914bd71ea50e5e539e3962b\"><\/p>\n<\/div><\/div>\n\n\n<figure class=\"wp-block-table\"><table class=\"has-fixed-layout\"><tbody><tr><td><strong>NOMBRE DE LA COOKIE<\/strong><\/td><td><strong>FINALIDAD<\/strong><\/td><td><strong>PER\u00cdODO DE CONSERVACI\u00d3N<\/strong><\/td><\/tr><tr><td>moove_gdpr_popup<\/td><td>Gesti\u00f3n del consentimiento<\/td><td>6 meses<\/td><\/tr><tr><td>wp-wpml_current_language<\/td><td>Preferencia de idioma<\/td><td>Sesi\u00f3n<\/td><\/tr><tr><td>wpcf7_guest_user_id<\/td><td>Personalizaci\u00f3n<\/td><td>1 d\u00eda<\/td><\/tr><\/tbody><\/table><\/figure>\n\n\n<div class=\"row content\"><div class=\"col-12 paragraph col-xl-10 offset-xl-1\">\n<p class=\"has-vivid-red-color has-text-color has-link-color wp-elements-c9365267f914bd71ea50e5e539e3962b\"><\/p>\n<\/div><\/div>\n\n<div class=\"row content\"><div class=\"col-12 paragraph col-xl-10 offset-xl-1\">\n<p><\/p>\n<\/div><\/div>\n\n<div class=\"row content\"><div class=\"col-12 heading col-xl-10 offset-xl-1\">\n<h2 class=\"wp-block-heading\">\u00bfQui\u00e9n coloca las cookies en el sitio web?<\/h2>\n<\/div><\/div>\n\n<div class=\"row content\"><div class=\"col-12 paragraph col-xl-10 offset-xl-1\">\n<p>Las cookies en este sitio pueden ser colocadas por:<\/p>\n<\/div><\/div>\n\n<div class=\"row content\"><div class=\"col-12 list col-xl-10 offset-xl-1\">\n<ul class=\"wp-block-list\">\n<li>El editor del sitio, es decir, Sev-e; y los encargados del tratamiento de Sev-e, es decir, los proveedores t\u00e9cnicos que tratan los datos de navegaci\u00f3n en nombre de Sev-e.<\/li>\n<\/ul>\n<\/div><\/div>\n\n<div class=\"row content\"><div class=\"col-12 paragraph col-xl-10 offset-xl-1\">\n<p>\u00bfC\u00f3mo configurar las cookies en los navegadores web?<br>Puede configurar su navegador para aceptar o rechazar todas las cookies, eliminarlas peri\u00f3dicamente o ser informado cuando se emita una cookie, conocer su duraci\u00f3n y contenido, y rechazar su almacenamiento.<\/p>\n<\/div><\/div>\n\n<div class=\"row content\"><div class=\"col-12 paragraph col-xl-10 offset-xl-1\">\n<p>Puede bloquear o desactivar las cookies en cualquier momento ajustando la configuraci\u00f3n de su navegador en su ordenador, tableta o m\u00f3vil, de acuerdo con las instrucciones de su proveedor de navegador. A continuaci\u00f3n, encontrar\u00e1 informaci\u00f3n m\u00e1s detallada sobre c\u00f3mo hacerlo en los navegadores m\u00e1s utilizados:<\/p>\n<\/div><\/div>\n\n<div class=\"row content\"><div class=\"col-12 list col-xl-10 offset-xl-1\">\n<ul class=\"wp-block-list\">\n<li><a href=\"https:\/\/support.microsoft.com\/es-es\/topic\/c%C3%B3mo-eliminar-archivos-de-cookies-en-internet-explorer-bca9446f-d873-78de-77ba-d42645fa52fc\" target=\"_blank\" rel=\"noreferrer noopener nofollow\">Internet Explorer<\/a><\/li>\n\n\n\n<li><a href=\"https:\/\/support.google.com\/chrome\/answer\/95647?hl=es&amp;sjid=12990004451911790528-EU\" target=\"_blank\" rel=\"noreferrer noopener nofollow\">Chro<\/a><a href=\"https:\/\/support.google.com\/chrome\/answer\/95647?hl=fr\" target=\"_blank\" rel=\"noreferrer noopener nofollow\">me<\/a><\/li>\n\n\n\n<li><a href=\"https:\/\/support.mozilla.org\/es\/kb\/Protecci%C3%B3n-contra-el-rastreo-mejorada-en-Firefox-para-escritorio?redirectslug=activer-desactiver-cookies-preferences&amp;redirectlocale=fr\" target=\"_blank\" rel=\"noreferrer noopener nofollow\">Firefox<\/a><\/li>\n\n\n\n<li><a href=\"https:\/\/support.apple.com\/es-es\/guide\/safari\/sfri11471\/mac\" target=\"_blank\" rel=\"noreferrer noopener nofollow\">Safari<\/a><\/li>\n\n\n\n<li><a href=\"https:\/\/blogs.opera.com\/tips-and-tricks\/2023\/04\/clean-browser-and-remove-trackers\/\" target=\"_blank\" rel=\"noreferrer noopener nofollow\">Opera<\/a><\/li>\n<\/ul>\n<\/div><\/div>\n\n<div class=\"row content\"><div class=\"col-12 paragraph col-xl-10 offset-xl-1\">\n<p>Tambi\u00e9n puede consultar el men\u00fa \u00abAyuda\u00bb de su navegador para saber c\u00f3mo modificar los ajustes relacionados con las cookies.<\/p>\n<\/div><\/div>\n\n<div class=\"row content\"><div class=\"col-12 heading col-xl-10 offset-xl-1\">\n<h2 class=\"wp-block-heading\">\u00bfCu\u00e1les son las consecuencias de rechazar las cookies?<\/h2>\n<\/div><\/div>\n\n<div class=\"row content\"><div class=\"col-12 paragraph col-xl-10 offset-xl-1\">\n<p>Si rechaza el almacenamiento de las cookies necesarias para el correcto funcionamiento del sitio en su dispositivo o navegador, o si elimina las que ya est\u00e1n almacenadas, debe saber que su navegaci\u00f3n y experiencia en el sitio pueden verse limitadas.<\/p>\n<\/div><\/div>\n\n\n<div style=\"height:100px\" aria-hidden=\"true\" class=\"wp-block-spacer\"><\/div>\n","protected":false},"excerpt":{"rendered":"<p>\u00bfQu\u00e9 es una cookie? Las cookies son datos almacenados en su ordenador o dispositivo m\u00f3vil. Se distinguen por sus identificadores \u00fanicos, asociados a sus dispositivos. Las cookies ayudan a garantizar una mejor experiencia de navegaci\u00f3n en sus sitios web favoritos, ya que recuerdan sus acciones y preferencias. De este modo, no es necesario volver a [&hellip;]<\/p>\n","protected":false},"author":1,"featured_media":0,"parent":0,"menu_order":0,"comment_status":"closed","ping_status":"closed","template":"","meta":{"_acf_changed":false,"footnotes":""},"class_list":["post-2151","page","type-page","status-publish","hentry"],"acf":[],"_links":{"self":[{"href":"https:\/\/sev-e.com\/es\/wp-json\/wp\/v2\/pages\/2151","targetHints":{"allow":["GET"]}}],"collection":[{"href":"https:\/\/sev-e.com\/es\/wp-json\/wp\/v2\/pages"}],"about":[{"href":"https:\/\/sev-e.com\/es\/wp-json\/wp\/v2\/types\/page"}],"author":[{"embeddable":true,"href":"https:\/\/sev-e.com\/es\/wp-json\/wp\/v2\/users\/1"}],"replies":[{"embeddable":true,"href":"https:\/\/sev-e.com\/es\/wp-json\/wp\/v2\/comments?post=2151"}],"version-history":[{"count":2,"href":"https:\/\/sev-e.com\/es\/wp-json\/wp\/v2\/pages\/2151\/revisions"}],"predecessor-version":[{"id":2254,"href":"https:\/\/sev-e.com\/es\/wp-json\/wp\/v2\/pages\/2151\/revisions\/2254"}],"wp:attachment":[{"href":"https:\/\/sev-e.com\/es\/wp-json\/wp\/v2\/media?parent=2151"}],"curies":[{"name":"wp","href":"https:\/\/api.w.org\/{rel}","templated":true}]}}