{"id":2040,"date":"2025-08-19T09:49:36","date_gmt":"2025-08-19T07:49:36","guid":{"rendered":"https:\/\/sev-e.com\/?page_id=2040"},"modified":"2025-11-13T09:35:45","modified_gmt":"2025-11-13T08:35:45","slug":"politica-de-protecccion-de-datos","status":"publish","type":"page","link":"https:\/\/sev-e.com\/es\/politica-de-protecccion-de-datos\/","title":{"rendered":"Pol\u00edtica de Protecci\u00f3n de Datos"},"content":{"rendered":"\n\n<div id=\"block-hero-block_0eb6fa5a9b2c3b21dd791717fac84061\" class=\"row page_intro_part  block-hero\">\n    <div class=\"col-12 breadcrumb_part\">\n    <nav aria-label=\"breadcrumbs\" class=\"rank-math-breadcrumb\"><p><span class=\"last\">Inicio<\/span><\/p><\/nav>    <\/div>\n    <div class=\"col-12 col-xxl-8 offset-xxl-2\">\n        <h1 class=\"h1 blue\">Pol\u00edtica de Protecci\u00f3n de Datos<\/h1>\n            <\/div>\n<\/div>\n\n\n\n<div class=\"row content\"><div class=\"col-12 heading col-xl-10 offset-xl-1\">\n<h2 class=\"wp-block-heading\">Objetivo y Alcance de la Pol\u00edtica<\/h2>\n<\/div><\/div>\n\n<div class=\"row content\"><div class=\"col-12 paragraph col-xl-10 offset-xl-1\">\n<p>Sev-e, filial del Grupo RAGNI, otorga la m\u00e1xima importancia y cuidado a la protecci\u00f3n de la privacidad y de los datos personales, as\u00ed como al cumplimiento de la legislaci\u00f3n aplicable.<\/p>\n<\/div><\/div>\n\n<div class=\"row content\"><div class=\"col-12 paragraph col-xl-10 offset-xl-1\">\n<p>El Reglamento (UE) 2016\/679 del 27 de abril de 2016 relativo a la protecci\u00f3n de las personas f\u00edsicas en lo que respecta al tratamiento de datos personales y a la libre circulaci\u00f3n de estos datos (en adelante, \u201cRGPD\u201d) establece que los datos personales deben tratarse de manera l\u00edcita, leal y transparente.<\/p>\n<\/div><\/div>\n\n<div class=\"row content\"><div class=\"col-12 paragraph col-xl-10 offset-xl-1\">\n<p>Esta Pol\u00edtica de Protecci\u00f3n de Datos (en adelante, la \u201cPol\u00edtica\u201d) tiene como objetivo proporcionarle informaci\u00f3n clara y sencilla sobre el tratamiento de sus datos personales, especialmente en el contexto de su navegaci\u00f3n y de las operaciones realizadas en nuestro sitio web.<\/p>\n<\/div><\/div>\n\n<div class=\"row content\"><div class=\"col-12 heading col-xl-10 offset-xl-1\">\n<h2 class=\"wp-block-heading\">Responsable del Tratamiento de sus Datos Personales<\/h2>\n<\/div><\/div>\n\n<div class=\"row content\"><div class=\"col-12 paragraph col-xl-10 offset-xl-1\">\n<p>El responsable del tratamiento de sus datos personales, seg\u00fan la normativa aplicable en materia de protecci\u00f3n de datos personales y, en particular, el RGPD, es:<br>Sev-e, Sociedad por Acciones Simplificada (SAS) con un capital social de 20.000 \u20ac, con domicilio social en Lieudit Le Guerard, Chemin du Vallon des Vaux, 06610 La Gaude, Francia.<\/p>\n<\/div><\/div>\n\n<div class=\"row content\"><div class=\"col-12 paragraph col-xl-10 offset-xl-1\">\n<p>Puede encontrar toda la informaci\u00f3n relativa a Sev-e en nuestra p\u00e1gina de <a href=\"https:\/\/sev-e.com\/es\/avisos-legales\/\">Aviso Legal<\/a>.<\/p>\n<\/div><\/div>\n\n<div class=\"row content\"><div class=\"col-12 heading col-xl-10 offset-xl-1\">\n<h2 class=\"wp-block-heading\">\u00bfPor Qu\u00e9 Recopilamos Sus Datos Personales?<\/h2>\n<\/div><\/div>\n\n<div class=\"row content\"><div class=\"col-12 paragraph col-xl-10 offset-xl-1\">\n<p>Esta Pol\u00edtica se aplica a la recopilaci\u00f3n y tratamiento de sus datos personales con fines espec\u00edficos y sobre diferentes bases legales.<\/p>\n<\/div><\/div>\n\n<div class=\"row content\"><div class=\"col-12 paragraph col-xl-10 offset-xl-1\">\n<p>En el marco de la ejecuci\u00f3n de un contrato o de medidas precontractuales, sus datos se tratan para los siguientes fines:<\/p>\n<\/div><\/div>\n\n<div class=\"row content\"><div class=\"col-12 list col-xl-10 offset-xl-1\">\n<ul class=\"wp-block-list\">\n<li>Gesti\u00f3n de presupuestos;<\/li>\n\n\n\n<li>Gesti\u00f3n de pedidos y compras;<\/li>\n\n\n\n<li>Gesti\u00f3n de contratos con clientes\/proveedores;<\/li>\n\n\n\n<li>Gesti\u00f3n de su cuenta de cliente Seve Connect;<\/li>\n\n\n\n<li>Gesti\u00f3n de reclamaciones y del servicio postventa.<\/li>\n<\/ul>\n<\/div><\/div>\n\n<div class=\"row content\"><div class=\"col-12 paragraph col-xl-10 offset-xl-1\">\n<p>En el marco del inter\u00e9s leg\u00edtimo de Sev-e, sus datos se tratan para los siguientes fines:<\/p>\n<\/div><\/div>\n\n<div class=\"row content\"><div class=\"col-12 list col-xl-10 offset-xl-1\">\n<ul class=\"wp-block-list\">\n<li>Gesti\u00f3n de solicitudes de informaci\u00f3n;<\/li>\n\n\n\n<li>Gesti\u00f3n de comunicaciones;<\/li>\n\n\n\n<li>Gesti\u00f3n de relaciones con prospectos y clientes;<\/li>\n\n\n\n<li>Organizaci\u00f3n y gesti\u00f3n de eventos comerciales;<\/li>\n\n\n\n<li>Gesti\u00f3n de cookies estrictamente necesarias para el correcto funcionamiento del sitio web (incluida la gesti\u00f3n de preferencias y la seguridad del sitio);<\/li>\n\n\n\n<li>Gesti\u00f3n de situaciones de prelitigio y litigio.<\/li>\n<\/ul>\n<\/div><\/div>\n\n<div class=\"row content\"><div class=\"col-12 paragraph col-xl-10 offset-xl-1\">\n<p>En el marco de las obligaciones legales y reglamentarias de Sev-e, sus datos se tratan para los siguientes fines:<\/p>\n<\/div><\/div>\n\n<div class=\"row content\"><div class=\"col-12 list col-xl-10 offset-xl-1\">\n<ul class=\"wp-block-list\">\n<li>Mantenimiento de la contabilidad general y auxiliar;<\/li>\n\n\n\n<li>Gesti\u00f3n de sus derechos en materia de protecci\u00f3n de datos personales.<\/li>\n<\/ul>\n<\/div><\/div>\n\n<div class=\"row content\"><div class=\"col-12 heading col-xl-10 offset-xl-1\">\n<h2 class=\"wp-block-heading\">Datos Personales que Recopilamos Sobre Usted<\/h2>\n<\/div><\/div>\n\n<div class=\"row content\"><div class=\"col-12 paragraph col-xl-10 offset-xl-1\">\n<p>Los datos personales se tratan respetando el principio de minimizaci\u00f3n establecido por el RGPD. La naturaleza y el tipo de datos personales tratados var\u00edan seg\u00fan la relaci\u00f3n que usted mantenga con Sev-e. Las principales categor\u00edas incluyen:<\/p>\n<\/div><\/div>\n\n<div class=\"row content\"><div class=\"col-12 list col-xl-10 offset-xl-1\">\n<ul class=\"wp-block-list\">\n<li><strong>Datos de identificaci\u00f3n:<\/strong> informaci\u00f3n que nos permite identificarle, como su nombre, apellidos y n\u00famero de tel\u00e9fono. Tambi\u00e9n podemos recopilar su correo electr\u00f3nico y direcci\u00f3n postal (esta \u00faltima necesaria para la emisi\u00f3n de facturas).<\/li>\n\n\n\n<li><strong>Datos de acceso:<\/strong> informaci\u00f3n necesaria para acceder a su cuenta personal, como contrase\u00f1as y otros datos de autenticaci\u00f3n. Tambi\u00e9n recopilamos su direcci\u00f3n IP con fines de mantenimiento y estad\u00edsticos.<\/li>\n\n\n\n<li><strong>Datos financieros: <\/strong>informaci\u00f3n bancaria, como IBAN.<\/li>\n\n\n\n<li><strong>Informaci\u00f3n de navegaci\u00f3n:<\/strong> durante su navegaci\u00f3n en nuestro sitio web, se recopilan ciertos datos t\u00e9cnicos y de comportamiento.<\/li>\n\n\n\n<li><strong>Datos recopilados a trav\u00e9s de nuestra red de agentes comerciales\/distribuidores:<\/strong> estos pueden recoger ciertos datos personales (nombre, apellidos, correo electr\u00f3nico, tel\u00e9fono e informaci\u00f3n sobre intereses comerciales) como parte de sus funciones, los cuales se transmiten a Sev-e para asegurar la continuidad de la relaci\u00f3n comercial.<\/li>\n<\/ul>\n<\/div><\/div>\n\n<div class=\"row content\"><div class=\"col-12 heading col-xl-10 offset-xl-1\">\n<h2 class=\"wp-block-heading\">Destinatarios de Sus Datos Personales<\/h2>\n<\/div><\/div>\n\n<div class=\"row content\"><div class=\"col-12 paragraph col-xl-10 offset-xl-1\">\n<p>Sus datos solo son accesibles a los empleados autorizados de Sev-e encargados de la gesti\u00f3n de contratos y obligaciones legales, dentro de los l\u00edmites de sus funciones.<\/p>\n<\/div><\/div>\n\n<div class=\"row content\"><div class=\"col-12 paragraph col-xl-10 offset-xl-1\">\n<p>Tambi\u00e9n pueden ser transmitidos, para fines espec\u00edficos y dentro de sus competencias, a los siguientes destinatarios:<\/p>\n<\/div><\/div>\n\n<div class=\"row content\"><div class=\"col-12 list col-xl-10 offset-xl-1\">\n<ul class=\"wp-block-list\">\n<li>Entidades del Grupo RAGNI (por ejemplo, para fines de comunicaci\u00f3n);<\/li>\n\n\n\n<li>Nuestra red de agentes comerciales\/distribuidores;<\/li>\n\n\n\n<li>Proveedores que nos asisten en operaciones como:<br>Transporte y log\u00edstica de pedidos<br>Almacenamiento de datos<br>Marketing y prospecci\u00f3n comercial<br>Gesti\u00f3n del servicio postventa<\/li>\n\n\n\n<li>Autoridades p\u00fablicas competentes (judiciales, reguladoras, etc.) en cumplimiento de obligaciones legales;<\/li>\n\n\n\n<li>Profesionales regulados (abogados, agentes judiciales, etc.) que intervengan en garant\u00edas, recobros o litigios.<\/li>\n<\/ul>\n<\/div><\/div>\n\n<div class=\"row content\"><div class=\"col-12 paragraph col-xl-10 offset-xl-1\">\n<p>Todos nuestros socios y proveedores est\u00e1n obligados contractualmente a mantener la confidencialidad y seguridad de sus datos y a utilizarlos \u00fanicamente para los fines acordados.<\/p>\n<\/div><\/div>\n\n<div class=\"row content\"><div class=\"col-12 paragraph col-xl-10 offset-xl-1\">\n<p>Sev-e no vende sus datos personales.<\/p>\n<\/div><\/div>\n\n<div class=\"row content\"><div class=\"col-12 heading col-xl-10 offset-xl-1\">\n<h2 class=\"wp-block-heading\">Transferencias de Datos a Pa\u00edses Extranjeros<\/h2>\n<\/div><\/div>\n\n<div class=\"row content\"><div class=\"col-12 paragraph col-xl-10 offset-xl-1\">\n<p>Sev-e procura almacenar los datos personales en Francia o, al menos, dentro del Espacio Econ\u00f3mico Europeo (EEE).<\/p>\n<\/div><\/div>\n\n<div class=\"row content\"><div class=\"col-12 paragraph col-xl-10 offset-xl-1\">\n<p>Sin embargo, algunos de nuestros proveedores pueden estar ubicados fuera del EEE. En tales casos, las transferencias de datos se realizan \u00fanicamente si:<\/p>\n<\/div><\/div>\n\n<div class=\"row content\"><div class=\"col-12 list col-xl-10 offset-xl-1\">\n<ul class=\"wp-block-list\">\n<li>El pa\u00eds de destino garantiza un nivel adecuado de protecci\u00f3n;<\/li>\n\n\n\n<li>Se aplican cl\u00e1usulas contractuales est\u00e1ndar; o<\/li>\n\n\n\n<li>Se aplican normas internas de empresa vinculantes.<\/li>\n<\/ul>\n<\/div><\/div>\n\n<div class=\"row content\"><div class=\"col-12 paragraph col-xl-10 offset-xl-1\">\n<p>Para m\u00e1s informaci\u00f3n sobre estas transferencias, puede contactarnos (ver \u201c<strong>Sus Contactos<\/strong>\u201d a continuaci\u00f3n).<\/p>\n<\/div><\/div>\n\n<div class=\"row content\"><div class=\"col-12 heading col-xl-10 offset-xl-1\">\n<h2 class=\"wp-block-heading\">Medidas T\u00e9cnicas y Organizativas para Proteger Sus Datos<\/h2>\n<\/div><\/div>\n\n<div class=\"row content\"><div class=\"col-12 paragraph col-xl-10 offset-xl-1\">\n<p>Sev-e se compromete a proteger los datos personales frente a p\u00e9rdida, destrucci\u00f3n, alteraci\u00f3n, acceso o divulgaci\u00f3n no autorizada.<\/p>\n<\/div><\/div>\n\n<div class=\"row content\"><div class=\"col-12 paragraph col-xl-10 offset-xl-1\">\n<p>Implementamos medidas t\u00e9cnicas y organizativas apropiadas, tales como acceso restringido, seudonimizaci\u00f3n, cifrado y sistemas de autenticaci\u00f3n seguros.<\/p>\n<\/div><\/div>\n\n<div class=\"row content\"><div class=\"col-12 paragraph col-xl-10 offset-xl-1\">\n<p>Nuestras pol\u00edticas y pr\u00e1cticas de seguridad se revisan y actualizan regularmente.<\/p>\n<\/div><\/div>\n\n<div class=\"row content\"><div class=\"col-12 heading col-xl-10 offset-xl-1\">\n<h2 class=\"wp-block-heading\">Periodo de Conservaci\u00f3n de Sus Datos Personales<\/h2>\n<\/div><\/div>\n\n<div class=\"row content\"><div class=\"col-12 paragraph col-xl-10 offset-xl-1\">\n<p>Sus datos personales se conservan, como m\u00ednimo, durante la ejecuci\u00f3n de los tratamientos relacionados con nuestra relaci\u00f3n contractual. M\u00e1s all\u00e1 de esta relaci\u00f3n, estos plazos se ampl\u00edan para tener en cuenta las reglas de prescripci\u00f3n legal y las obligaciones legales y reglamentarias de conservaci\u00f3n.<\/p>\n<\/div><\/div>\n\n<div class=\"row content\"><div class=\"col-12 paragraph col-xl-10 offset-xl-1\">\n<p>Para los prospectos, el per\u00edodo m\u00e1ximo posible de conservaci\u00f3n de los datos recopilados es de 3 a\u00f1os a partir del \u00faltimo contacto entre Sev-e y el prospecto, salvo que solicite la eliminaci\u00f3n de sus datos.<\/p>\n<\/div><\/div>\n\n<div class=\"row content\"><div class=\"col-12 paragraph col-xl-10 offset-xl-1\">\n<p>Para las personas que simplemente hayan solicitado informaci\u00f3n mediante el formulario de contacto, sus datos se eliminar\u00e1n una vez que su solicitud haya sido tratada.<\/p>\n<\/div><\/div>\n\n<div class=\"row content\"><div class=\"col-12 paragraph col-xl-10 offset-xl-1\">\n<p>Para los candidatos no seleccionados, sus datos (en particular el CV y la informaci\u00f3n asociada) pueden conservarse durante un per\u00edodo m\u00e1ximo de 2 a\u00f1os a partir del \u00faltimo contacto, salvo oposici\u00f3n por su parte.<\/p>\n<\/div><\/div>\n\n<div class=\"row content\"><div class=\"col-12 paragraph col-xl-10 offset-xl-1\">\n<p>Cuando ejerce sus derechos, nuestro Delegado de Protecci\u00f3n de Datos trata sus datos personales con el fin de gestionar su solicitud (tratamiento, apellido, nombre, copia del documento de identidad, naturaleza de la solicitud, respuesta proporcionada). Estos datos se conservan durante un per\u00edodo de 5 a\u00f1os, excepto la copia de su documento de identidad \u2014si fuera necesaria\u2014 que se conserva \u00fanicamente durante el tiempo necesario para realizar las verificaciones o cumplir una obligaci\u00f3n legal.<\/p>\n<\/div><\/div>\n\n<div class=\"row content\"><div class=\"col-12 paragraph col-xl-10 offset-xl-1\">\n<p>Cuando ejerce sus derechos, los datos necesarios para la gesti\u00f3n de la solicitud (incluida copia de identidad si es requerida) se conservan hasta 5 a\u00f1os, excepto la copia de la identificaci\u00f3n, que se elimina inmediatamente tras la verificaci\u00f3n.<\/p>\n<\/div><\/div>\n\n<div class=\"row content\"><div class=\"col-12 heading col-xl-10 offset-xl-1\">\n<h2 class=\"wp-block-heading\">Sus Derechos sobre Sus Datos Personales<\/h2>\n<\/div><\/div>\n\n<div class=\"row content\"><div class=\"col-12 paragraph col-xl-10 offset-xl-1\">\n<p>Puede ejercer sus derechos en cualquier momento contactando a Sev-e (ver \u201cSus Contactos\u201d). Entre ellos se incluyen:<\/p>\n<\/div><\/div>\n\n<div class=\"row content\"><div class=\"col-12 list col-xl-10 offset-xl-1\">\n<ul class=\"wp-block-list\">\n<li><strong>Derecho de oposici\u00f3n<\/strong> \u2013 para detener el tratamiento de sus datos, salvo obligaciones legales o contractuales.<\/li>\n\n\n\n<li><strong>Derecho a retirar su consentimiento <\/strong>\u2013 para tratamientos basados en su consentimiento.<\/li>\n\n\n\n<li><strong>Derecho de acceso <\/strong>\u2013 para obtener informaci\u00f3n y copias de sus datos personales.<\/li>\n\n\n\n<li><strong>Derecho de rectificaci\u00f3n<\/strong> \u2013 para corregir datos inexactos o incompletos.<\/li>\n\n\n\n<li><strong>Derecho de supresi\u00f3n<\/strong> \u2013 para eliminar sus datos una vez cumplido el prop\u00f3sito o el plazo legal.<\/li>\n\n\n\n<li><strong>Derecho a la limitaci\u00f3n del tratamiento<\/strong> \u2013 para suspender temporalmente el procesamiento de sus datos.<\/li>\n\n\n\n<li><strong>Derecho a la portabilidad de los datos<\/strong> \u2013 para recibir sus datos en un formato estructurado y transmitirlos a otro responsable.<\/li>\n\n\n\n<li><strong>Derecho a definir instrucciones post-mortem<\/strong> \u2013 para determinar qu\u00e9 ocurre con sus datos tras su fallecimiento.<\/li>\n<\/ul>\n<\/div><\/div>\n\n<div class=\"row content\"><div class=\"col-12 paragraph col-xl-10 offset-xl-1\">\n<p>Si la respuesta no es satisfactoria, puede presentar una reclamaci\u00f3n ante la CNIL.<\/p>\n<\/div><\/div>\n\n<div class=\"row content\"><div class=\"col-12 heading col-xl-10 offset-xl-1\">\n<h2 class=\"wp-block-heading\">Sus Contactos<\/h2>\n<\/div><\/div>\n\n<div class=\"row content\"><div class=\"col-12 paragraph col-xl-10 offset-xl-1\">\n<p>Para ejercer sus derechos o solicitar m\u00e1s informaci\u00f3n, contacte al Delegado de Protecci\u00f3n de Datos (DPO) de Sev-e: contact@sev-e.com<\/p>\n<\/div><\/div>\n\n<div class=\"row content\"><div class=\"col-12 paragraph col-xl-10 offset-xl-1\">\n<p>Se le puede pedir que justifique su identidad y que precise el tipo de derecho ejercido y los datos tratados.<\/p>\n<\/div><\/div>\n\n<div class=\"row content\"><div class=\"col-12 heading col-xl-10 offset-xl-1\">\n<h2 class=\"wp-block-heading\">Actualizaci\u00f3n de la Pol\u00edtica<\/h2>\n<\/div><\/div>\n\n<div class=\"row content\"><div class=\"col-12 paragraph col-xl-10 offset-xl-1\">\n<p>Sev-e puede modificar esta Pol\u00edtica de Protecci\u00f3n de Datos seg\u00fan sea necesario. En caso de cambios significativos, se le informar\u00e1 (por ejemplo, mediante un aviso en nuestro sitio web).<\/p>\n<\/div><\/div>\n\n<div class=\"row content\"><div class=\"col-12 paragraph col-xl-10 offset-xl-1\">\n<p><strong>\u00daltima actualizaci\u00f3n: octubre de 2025<\/strong><\/p>\n<\/div><\/div>\n\n\n<div style=\"height:100px\" aria-hidden=\"true\" class=\"wp-block-spacer\"><\/div>\n","protected":false},"excerpt":{"rendered":"<p>Objetivo y Alcance de la Pol\u00edtica Sev-e, filial del Grupo RAGNI, otorga la m\u00e1xima importancia y cuidado a la protecci\u00f3n de la privacidad y de los datos personales, as\u00ed como al cumplimiento de la legislaci\u00f3n aplicable. El Reglamento (UE) 2016\/679 del 27 de abril de 2016 relativo a la protecci\u00f3n de las personas f\u00edsicas en [&hellip;]<\/p>\n","protected":false},"author":1,"featured_media":0,"parent":0,"menu_order":0,"comment_status":"closed","ping_status":"closed","template":"","meta":{"_acf_changed":false,"footnotes":""},"class_list":["post-2040","page","type-page","status-publish","hentry"],"acf":[],"_links":{"self":[{"href":"https:\/\/sev-e.com\/es\/wp-json\/wp\/v2\/pages\/2040","targetHints":{"allow":["GET"]}}],"collection":[{"href":"https:\/\/sev-e.com\/es\/wp-json\/wp\/v2\/pages"}],"about":[{"href":"https:\/\/sev-e.com\/es\/wp-json\/wp\/v2\/types\/page"}],"author":[{"embeddable":true,"href":"https:\/\/sev-e.com\/es\/wp-json\/wp\/v2\/users\/1"}],"replies":[{"embeddable":true,"href":"https:\/\/sev-e.com\/es\/wp-json\/wp\/v2\/comments?post=2040"}],"version-history":[{"count":6,"href":"https:\/\/sev-e.com\/es\/wp-json\/wp\/v2\/pages\/2040\/revisions"}],"predecessor-version":[{"id":3158,"href":"https:\/\/sev-e.com\/es\/wp-json\/wp\/v2\/pages\/2040\/revisions\/3158"}],"wp:attachment":[{"href":"https:\/\/sev-e.com\/es\/wp-json\/wp\/v2\/media?parent=2040"}],"curies":[{"name":"wp","href":"https:\/\/api.w.org\/{rel}","templated":true}]}}