{"id":2038,"date":"2025-08-19T10:30:21","date_gmt":"2025-08-19T08:30:21","guid":{"rendered":"https:\/\/sev-e.com\/?page_id=2038"},"modified":"2025-08-19T10:30:23","modified_gmt":"2025-08-19T08:30:23","slug":"avisos-legales","status":"publish","type":"page","link":"https:\/\/sev-e.com\/es\/avisos-legales\/","title":{"rendered":"Avisos legales"},"content":{"rendered":"\n\n<div id=\"block-hero-block_24b3063a402fa2845d99d22b91ca28d9\" class=\"row page_intro_part  block-hero\">\n    <div class=\"col-12 breadcrumb_part\">\n    <nav aria-label=\"breadcrumbs\" class=\"rank-math-breadcrumb\"><p><span class=\"last\">Inicio<\/span><\/p><\/nav>    <\/div>\n    <div class=\"col-12 col-xxl-8 offset-xxl-2\">\n        <h1 class=\"h1 blue\">Avisos legales<\/h1>\n            <\/div>\n<\/div>\n\n\n\n<div class=\"row content\"><div class=\"col-12 paragraph col-xl-10 offset-xl-1\">\n<p>De conformidad con el art\u00edculo 6 de la Ley N\u00ba 2004-575 de 21 de junio de 2004 para la confianza en la Econom\u00eda Digital, los usuarios del sitio web Sev-e son informados de la identidad de las distintas partes interesadas en el contexto de su implementaci\u00f3n y seguimiento:<\/p>\n<\/div><\/div>\n\n<div class=\"row content\"><div class=\"col-12 paragraph col-xl-10 offset-xl-1\">\n<p><strong>Propietarios<\/strong><strong><\/strong><\/p>\n<\/div><\/div>\n\n<div class=\"row content\"><div class=\"col-12 list col-xl-10 offset-xl-1\">\n<ul class=\"wp-block-list\">\n<li>Nombre del propietario<\/li>\n\n\n\n<li>Direcci\u00f3n<\/li>\n\n\n\n<li>Tel\u00e9fono<\/li>\n\n\n\n<li>Forma jur\u00eddica: Forma jur\u00eddica<\/li>\n\n\n\n<li>SIRET: SIRET<\/li>\n\n\n\n<li>C\u00f3digo NAF o APE: C\u00f3digo NAF o APE<\/li>\n\n\n\n<li>Capital social: Capital social<\/li>\n\n\n\n<li>N\u00famero de IVA intracomunitario: IVA intracomunitario&nbsp;<\/li>\n\n\n\n<li>Responsable del sitio web: Nombre APELLIDO, Funci\u00f3n \u2014 Tel\u00e9fono<\/li>\n<\/ul>\n<\/div><\/div>\n\n<div class=\"row content\"><div class=\"col-12 paragraph col-xl-10 offset-xl-1\">\n<p><strong>Creaci\u00f3n del sitio<\/strong><strong><\/strong><\/p>\n<\/div><\/div>\n\n<div class=\"row content\"><div class=\"col-12 paragraph col-xl-10 offset-xl-1\">\n<p>B17 Comunicaci\u00f3n<\/p>\n<\/div><\/div>\n\n<div class=\"row content\"><div class=\"col-12 paragraph col-xl-10 offset-xl-1\">\n<p>5, rue du Clos Toreau<\/p>\n<\/div><\/div>\n\n<div class=\"row content\"><div class=\"col-12 paragraph col-xl-10 offset-xl-1\">\n<p>44230 Saint-S\u00e9bastien\/Loire<\/p>\n<\/div><\/div>\n\n<div class=\"row content\"><div class=\"col-12 paragraph col-xl-10 offset-xl-1\">\n<p>02 40 89 78 74<\/p>\n<\/div><\/div>\n\n<div class=\"row content\"><div class=\"col-12 paragraph col-xl-10 offset-xl-1\">\n<p><strong>Alojamiento web<\/strong><strong><\/strong><\/p>\n<\/div><\/div>\n\n<div class=\"row content\"><div class=\"col-12 paragraph col-xl-10 offset-xl-1\">\n<p>Nombre del hosting<\/p>\n<\/div><\/div>\n\n<div class=\"row content\"><div class=\"col-12 paragraph col-xl-10 offset-xl-1\">\n<p>Direcci\u00f3n del hosting<\/p>\n<\/div><\/div>\n\n<div class=\"row content\"><div class=\"col-12 paragraph col-xl-10 offset-xl-1\">\n<p>Tel\u00e9fono del hosting<\/p>\n<\/div><\/div>\n\n<div class=\"row content\"><div class=\"col-12 paragraph col-xl-10 offset-xl-1\">\n<p><strong>Cr\u00e9ditos fotogr\u00e1ficos<\/strong><strong><\/strong><\/p>\n<\/div><\/div>\n\n<div class=\"row content\"><div class=\"col-12 paragraph col-xl-10 offset-xl-1\">\n<p>Shutterstock &#8211; \u00bfotros?<\/p>\n<\/div><\/div>\n\n<div class=\"row content\"><div class=\"col-12 heading col-xl-10 offset-xl-1\">\n<h2 class=\"wp-block-heading\">2. T\u00e9rminos y condiciones generales de uso del sitio y de los servicios ofrecidos<\/h2>\n<\/div><\/div>\n\n<div class=\"row content\"><div class=\"col-12 paragraph col-xl-10 offset-xl-1\">\n<p>El uso del sitio web deSev-e implica la plena aceptaci\u00f3n de las condiciones generales de uso descritas a continuaci\u00f3n. Estas condiciones de uso pueden ser modificadas o complementadas en cualquier momento, por lo que se aconseja a los usuarios del sitio webSev-e consultarlas regularmente.<\/p>\n<\/div><\/div>\n\n<div class=\"row content\"><div class=\"col-12 paragraph col-xl-10 offset-xl-1\">\n<p>Este sitio es normalmente accesible para los usuarios en todo momento. Sin embargo, una interrupci\u00f3n por mantenimiento t\u00e9cnico podr\u00e1 ser decidida por Sev-e, que se esforzar\u00e1 por comunicar con antelaci\u00f3n a los usuarios las fechas y horas de la intervenci\u00f3n.<\/p>\n<\/div><\/div>\n\n<div class=\"row content\"><div class=\"col-12 paragraph col-xl-10 offset-xl-1\">\n<p>El sitio Sev-e se actualiza regularmente. Del mismo modo, los avisos legales pueden ser modificados en cualquier momento: no obstante, son vinculantes para el usuario, al que se le invita a consultarlos con la mayor frecuencia posible para que los conozca.<\/p>\n<\/div><\/div>\n\n<div class=\"row content\"><div class=\"col-12 heading col-xl-10 offset-xl-1\">\n<h2 class=\"wp-block-heading\">3. Descripci\u00f3n de los servicios prestados<\/h2>\n<\/div><\/div>\n\n<div class=\"row content\"><div class=\"col-12 paragraph col-xl-10 offset-xl-1\">\n<p>El prop\u00f3sito del sitio web Sev-e &nbsp;es proporcionar informaci\u00f3n sobre todas las actividades de la empresa.<\/p>\n<\/div><\/div>\n\n<div class=\"row content\"><div class=\"col-12 paragraph col-xl-10 offset-xl-1\">\n<p>La compa\u00f1\u00eda Sev-e se esfuerza por proporcionar informaci\u00f3n en su sitio web lo m\u00e1s precisa posible. Sin embargo, no puede ser considerado responsable de omisiones, inexactitudes y deficiencias en la actualizaci\u00f3n, ya sea por su propia acci\u00f3n o por parte de terceros socios que le faciliten dicha informaci\u00f3n.<\/p>\n<\/div><\/div>\n\n<div class=\"row content\"><div class=\"col-12 paragraph col-xl-10 offset-xl-1\">\n<p>Toda la informaci\u00f3n indicada en el sitio web de la compa\u00f1\u00eda Sev-e se proporciona \u00fanicamente con fines informativos y est\u00e1 sujeta a cambios. Adem\u00e1s, la informaci\u00f3n en el sitio web de la compa\u00f1\u00edaSev-e &nbsp;no es exhaustiva. La informaci\u00f3n queda sujeta a cambios que se han realizado desde que se publican en l\u00ednea.<\/p>\n<\/div><\/div>\n\n<div class=\"row content\"><div class=\"col-12 heading col-xl-10 offset-xl-1\">\n<h2 class=\"wp-block-heading\">4. Limitaciones contractuales de los datos t\u00e9cnicos<\/h2>\n<\/div><\/div>\n\n<div class=\"row content\"><div class=\"col-12 paragraph col-xl-10 offset-xl-1\">\n<p>El sitio utiliza tecnolog\u00eda JavaScript. El sitio web no se hace responsable de los da\u00f1os materiales relacionados con el uso del sitio. Adem\u00e1s, el usuario del sitio se compromete a acceder al sitio utilizando material reciente, libre de virus y con un navegador de \u00faltima generaci\u00f3n actualizado.<\/p>\n<\/div><\/div>\n\n<div class=\"row content\"><div class=\"col-12 heading col-xl-10 offset-xl-1\">\n<h2 class=\"wp-block-heading\">5. Propiedad Intelectual y falsificaciones<\/h2>\n<\/div><\/div>\n\n<div class=\"row content\"><div class=\"col-12 paragraph col-xl-10 offset-xl-1\">\n<p>La compa\u00f1\u00eda Sev-e es el titular de los derechos de propiedad intelectual y posee los derechos de uso de todos los elementos accesibles en el sitio, incluyendo textos, im\u00e1genes, gr\u00e1ficos, logotipos, iconos, sonidos y software. Cualquier reproducci\u00f3n, representaci\u00f3n, modificaci\u00f3n, publicaci\u00f3n, adaptaci\u00f3n de todos o parte de los elementos del sitio, independientemente de los medios o procesos utilizados, est\u00e1 prohibida, salvo consentimiento previo por escrito de la compa\u00f1\u00eda Sev-e. Cualquier explotaci\u00f3n no autorizada del sitio o de cualquier elemento contenido en el mismo se considerar\u00e1 una infracci\u00f3n y ser\u00e1 perseguida de acuerdo con lo dispuesto en los art\u00edculos L.335-2 y siguientes del C\u00f3digo de Propiedad Intelectual.<\/p>\n<\/div><\/div>\n\n<div class=\"row content\"><div class=\"col-12 heading col-xl-10 offset-xl-1\">\n<h2 class=\"wp-block-heading\">6. Limitaciones de responsabilidad<\/h2>\n<\/div><\/div>\n\n<div class=\"row content\"><div class=\"col-12 paragraph col-xl-10 offset-xl-1\">\n<p>La compa\u00f1\u00eda Sev-e no puede ser considerada responsable de los da\u00f1os directos e indirectos causados al material del usuario, al acceder al sitio web de la compa\u00f1\u00eda Sev-e, y que resulten bien del uso de equipos que no cumplan las especificaciones indicadas en el punto 4, o de la aparici\u00f3n de un bug o incompatibilidad.<\/p>\n<\/div><\/div>\n\n<div class=\"row content\"><div class=\"col-12 paragraph col-xl-10 offset-xl-1\">\n<p>La compa\u00f1\u00eda Sev-e tampoco puede ser considerada responsable de los da\u00f1os indirectos (como por ejemplo p\u00e9rdida de negocio o p\u00e9rdida de oportunidades) resultantes del uso del sitio web de la compa\u00f1\u00eda Sev-e.<\/p>\n<\/div><\/div>\n\n<div class=\"row content\"><div class=\"col-12 paragraph col-xl-10 offset-xl-1\">\n<p>Los usuarios disponen de espacios interactivos (por ejemplo, con la posibilidad de hacer preguntas en el \u00e1rea de contacto). La compa\u00f1\u00eda Sev-e se reserva el derecho de eliminar, sin previo aviso, cualquier contenido publicado en este espacio que contravenga la legislaci\u00f3n aplicable en Francia, en particular las disposiciones relativas a la protecci\u00f3n de datos. En caso necesario, la compa\u00f1\u00eda Sev-e tambi\u00e9n se reserva el derecho de cuestionar la responsabilidad civil y\/o penal del usuario, en particular en caso de mensaje racista, abusivo, difamatorio o pornogr\u00e1fico, independientemente del medio utilizado (texto, fotograf\u00eda&#8230;).&nbsp;<\/p>\n<\/div><\/div>\n\n<div class=\"row content\"><div class=\"col-12 heading col-xl-10 offset-xl-1\">\n<h2 class=\"wp-block-heading\">7. Legislaci\u00f3n aplicable y jurisdicci\u00f3n<\/h2>\n<\/div><\/div>\n\n<div class=\"row content\"><div class=\"col-12 paragraph col-xl-10 offset-xl-1\">\n<p>Toda la informaci\u00f3n difundida en el sitio y su uso est\u00e1n sujetas exclusivamente a la legislaci\u00f3n francesa. S\u00f3lo los tribunales que entran dentro de la jurisdicci\u00f3n del Tribunal de Apelaci\u00f3n del domicilio social de la compa\u00f1\u00eda Sev-e son competentes para conocer de cualquier disputa relacionada con el uso del sitio.<\/p>\n<\/div><\/div>","protected":false},"excerpt":{"rendered":"<p>De conformidad con el art\u00edculo 6 de la Ley N\u00ba 2004-575 de 21 de junio de 2004 para la confianza en la Econom\u00eda Digital, los usuarios del sitio web son informados de la identidad de las distintas partes interesadas en el contexto de su implementaci\u00f3n y seguimiento: Propietarios Creaci\u00f3n del sitio B17 Comunicaci\u00f3n 5, rue [&hellip;]<\/p>\n","protected":false},"author":1,"featured_media":0,"parent":0,"menu_order":0,"comment_status":"closed","ping_status":"closed","template":"","meta":{"_acf_changed":false,"footnotes":""},"class_list":["post-2038","page","type-page","status-publish","hentry"],"acf":[],"_links":{"self":[{"href":"https:\/\/sev-e.com\/es\/wp-json\/wp\/v2\/pages\/2038","targetHints":{"allow":["GET"]}}],"collection":[{"href":"https:\/\/sev-e.com\/es\/wp-json\/wp\/v2\/pages"}],"about":[{"href":"https:\/\/sev-e.com\/es\/wp-json\/wp\/v2\/types\/page"}],"author":[{"embeddable":true,"href":"https:\/\/sev-e.com\/es\/wp-json\/wp\/v2\/users\/1"}],"replies":[{"embeddable":true,"href":"https:\/\/sev-e.com\/es\/wp-json\/wp\/v2\/comments?post=2038"}],"version-history":[{"count":1,"href":"https:\/\/sev-e.com\/es\/wp-json\/wp\/v2\/pages\/2038\/revisions"}],"predecessor-version":[{"id":2039,"href":"https:\/\/sev-e.com\/es\/wp-json\/wp\/v2\/pages\/2038\/revisions\/2039"}],"wp:attachment":[{"href":"https:\/\/sev-e.com\/es\/wp-json\/wp\/v2\/media?parent=2038"}],"curies":[{"name":"wp","href":"https:\/\/api.w.org\/{rel}","templated":true}]}}