{"id":1331,"date":"2025-05-19T10:16:12","date_gmt":"2025-05-19T08:16:12","guid":{"rendered":"https:\/\/sev-e.com\/?page_id=1331"},"modified":"2025-10-20T10:53:32","modified_gmt":"2025-10-20T08:53:32","slug":"conectividad-servicios","status":"publish","type":"page","link":"https:\/\/sev-e.com\/es\/conectividad-servicios\/","title":{"rendered":"Conectividad \/ Servicios"},"content":{"rendered":"\n\n<div id=\"block-hero-block_8f129125f9d1adebae49c4889ef192dd\" class=\"row page_intro_part  block-hero\">\n    <div class=\"col-12 breadcrumb_part\">\n    <nav aria-label=\"breadcrumbs\" class=\"rank-math-breadcrumb\"><p><span class=\"last\">Inicio<\/span><\/p><\/nav>    <\/div>\n    <div class=\"col-12 col-xxl-8 offset-xxl-2\">\n        <h1 class=\"h1 blue\">Gesti\u00f3n conectada: comprender los fundamentos de un proyecto exitoso<\/h1>\n        <div class=\"desc\"><p>Antes de iniciar un proyecto de gesti\u00f3n conectada, es fundamental entender los principios que lo sustentan. En SEV\u24d4, le ayudamos a desmitificar el Internet de las Cosas (IoT) y sus componentes para que pueda aprovechar al m\u00e1ximo esta tecnolog\u00eda.<\/p>\n<\/div>    <\/div>\n<\/div>\n\n\n\n\n<div style=\"height:50px\" aria-hidden=\"true\" class=\"wp-block-spacer\"><\/div>\n\n\n<div class=\"row content\"><div class=\"col-12 heading col-xl-10 offset-xl-1\">\n<h2 class=\"wp-block-heading\">Elementos esenciales<\/h2>\n<\/div><\/div>\n\n<div class=\"row content\"><div class=\"col-12 list col-xl-10 offset-xl-1\">\n<ul class=\"wp-block-list\">\n<li>IoT \u2013 Objetos conectados que recopilan y transmiten datos en tiempo real (Internet of Things).<\/li>\n\n\n\n<li>Conectividad \u2013 Tecnolog\u00edas de comunicaci\u00f3n que garantizan una conexi\u00f3n r\u00e1pida y fiable para todos sus dispositivos conectados.<\/li>\n\n\n\n<li>Plataforma \u2013 Una hipervisi\u00f3n simplificada para recopilar, analizar y visualizar los datos.<\/li>\n<\/ul>\n<\/div><\/div>\n\n\n<div style=\"height:50px\" aria-hidden=\"true\" class=\"wp-block-spacer\"><\/div>\n\n\n<div class=\"row content\"><div class=\"col-12 heading col-xl-10 offset-xl-1\">\n<h2 class=\"wp-block-heading\">Conectividad a medida para sus proyectos<\/h2>\n<\/div><\/div>\n\n<div class=\"row content\"><div class=\"col-12 paragraph col-xl-10 offset-xl-1\">\n<p>La red IoT desempe\u00f1a un papel crucial al permitir que los objetos conectados se comuniquen y transmitan su informaci\u00f3n. Sin embargo, elegir el protocolo de comunicaci\u00f3n adecuado requiere tener en cuenta varios criterios: alcance, consumo energ\u00e9tico, fiabilidad y costes de operaci\u00f3n.<br>En SEV\u24d4, le acompa\u00f1amos en este proceso para garantizar una conectividad \u00f3ptima y adaptada a sus necesidades.<\/p>\n<\/div><\/div>\n\n\n<div style=\"height:50px\" aria-hidden=\"true\" class=\"wp-block-spacer\"><\/div>\n\n\n<div class=\"wp-block-image\">\n<figure class=\"aligncenter size-large\"><img decoding=\"async\" width=\"1024\" height=\"308\" src=\"https:\/\/sev-e.com\/wp-content\/uploads\/2025\/08\/Image-15-ES-1024x308.png\" alt=\"\" class=\"wp-image-1332\" srcset=\"https:\/\/sev-e.com\/wp-content\/uploads\/2025\/08\/Image-15-ES-1024x308.png 1024w, https:\/\/sev-e.com\/wp-content\/uploads\/2025\/08\/Image-15-ES-300x90.png 300w, https:\/\/sev-e.com\/wp-content\/uploads\/2025\/08\/Image-15-ES-768x231.png 768w, https:\/\/sev-e.com\/wp-content\/uploads\/2025\/08\/Image-15-ES-1536x461.png 1536w, https:\/\/sev-e.com\/wp-content\/uploads\/2025\/08\/Image-15-ES-2048x615.png 2048w, https:\/\/sev-e.com\/wp-content\/uploads\/2025\/08\/Image-15-ES-scaled.png 1900w, https:\/\/sev-e.com\/wp-content\/uploads\/2025\/08\/Image-15-ES-1320x396.png 1320w, https:\/\/sev-e.com\/wp-content\/uploads\/2025\/08\/Image-15-ES-990x297.png 990w, https:\/\/sev-e.com\/wp-content\/uploads\/2025\/08\/Image-15-ES-660x198.png 660w, https:\/\/sev-e.com\/wp-content\/uploads\/2025\/08\/Image-15-ES-450x135.png 450w, https:\/\/sev-e.com\/wp-content\/uploads\/2025\/08\/Image-15-ES-330x99.png 330w, https:\/\/sev-e.com\/wp-content\/uploads\/2025\/08\/Image-15-ES-180x54.png 180w, https:\/\/sev-e.com\/wp-content\/uploads\/2025\/08\/Image-15-ES-543x163.png 543w, https:\/\/sev-e.com\/wp-content\/uploads\/2025\/08\/Image-15-ES-321x96.png 321w\" sizes=\"(max-width: 1024px) 100vw, 1024px\" \/><\/figure>\n<\/div>\n\n\n<div style=\"height:50px\" aria-hidden=\"true\" class=\"wp-block-spacer\"><\/div>\n\n\n<div class=\"row content\"><div class=\"col-12 heading col-xl-10 offset-xl-1\">\n<h2 class=\"wp-block-heading\">SEV\u24d4 : Una oferta de servicios completa y flexible<\/h2>\n<\/div><\/div>\n\n<div class=\"row content\"><div class=\"col-12 paragraph col-xl-10 offset-xl-1\">\n<p>Le apoyamos en cada etapa de su proyecto con paquetes simples y flexibles, que evolucionan en funci\u00f3n de sus necesidades:<\/p>\n<\/div><\/div>\n\n<div class=\"row content\"><div class=\"col-12 list col-xl-10 offset-xl-1\">\n<ul class=\"wp-block-list\">\n<li>Soporte t\u00e9cnico: Asistencia r\u00e1pida para resolver cualquier problema t\u00e9cnico.<\/li>\n\n\n\n<li>Servicio posventa inform\u00e1tico: Un soporte de calidad para asegurar la continuidad y el rendimiento de sus equipos.<\/li>\n\n\n\n<li>Valorizaci\u00f3n energ\u00e9tica: Asesoramiento para optimizar la eficiencia energ\u00e9tica de sus infraestructuras.<\/li>\n\n\n\n<li>Gesti\u00f3n de intervenciones: Seguimiento y coordinaci\u00f3n eficaces para un mantenimiento simplificado.<\/li>\n<\/ul>\n<\/div><\/div>\n\n<div class=\"row content\"><div class=\"col-12 paragraph col-xl-10 offset-xl-1\">\n<p>En SEV\u24d4, le ayudamos a superar los retos de la gesti\u00f3n conectada ofreciendo soluciones completas y modulares para transformar sus datos en verdaderos motores de acci\u00f3n.<\/p>\n<\/div><\/div>\n\n\n<div style=\"height:50px\" aria-hidden=\"true\" class=\"wp-block-spacer\"><\/div>\n\n\n<div class=\"row content\"><div class=\"col-12 heading col-xl-10 offset-xl-1\">\n<h2 class=\"wp-block-heading has-text-align-center\">\u00a1Elige tus casos de uso y aprovecha una oferta completa:<br>Conectividad + Plataforma + Servicios!<\/h2>\n<\/div><\/div>\n\n\n<div style=\"height:100px\" aria-hidden=\"true\" class=\"wp-block-spacer\"><\/div>\n","protected":false},"excerpt":{"rendered":"<p>Elementos esenciales Conectividad a medida para sus proyectos La red IoT desempe\u00f1a un papel crucial al permitir que los objetos conectados se comuniquen y transmitan su informaci\u00f3n. Sin embargo, elegir el protocolo de comunicaci\u00f3n adecuado requiere tener en cuenta varios criterios: alcance, consumo energ\u00e9tico, fiabilidad y costes de operaci\u00f3n.En SEV\u24d4, le acompa\u00f1amos en este proceso [&hellip;]<\/p>\n","protected":false},"author":1,"featured_media":0,"parent":0,"menu_order":0,"comment_status":"closed","ping_status":"closed","template":"","meta":{"_acf_changed":false,"footnotes":""},"class_list":["post-1331","page","type-page","status-publish","hentry"],"acf":[],"_links":{"self":[{"href":"https:\/\/sev-e.com\/es\/wp-json\/wp\/v2\/pages\/1331","targetHints":{"allow":["GET"]}}],"collection":[{"href":"https:\/\/sev-e.com\/es\/wp-json\/wp\/v2\/pages"}],"about":[{"href":"https:\/\/sev-e.com\/es\/wp-json\/wp\/v2\/types\/page"}],"author":[{"embeddable":true,"href":"https:\/\/sev-e.com\/es\/wp-json\/wp\/v2\/users\/1"}],"replies":[{"embeddable":true,"href":"https:\/\/sev-e.com\/es\/wp-json\/wp\/v2\/comments?post=1331"}],"version-history":[{"count":2,"href":"https:\/\/sev-e.com\/es\/wp-json\/wp\/v2\/pages\/1331\/revisions"}],"predecessor-version":[{"id":2176,"href":"https:\/\/sev-e.com\/es\/wp-json\/wp\/v2\/pages\/1331\/revisions\/2176"}],"wp:attachment":[{"href":"https:\/\/sev-e.com\/es\/wp-json\/wp\/v2\/media?parent=1331"}],"curies":[{"name":"wp","href":"https:\/\/api.w.org\/{rel}","templated":true}]}}