{"id":1329,"date":"2025-05-19T10:16:01","date_gmt":"2025-05-19T08:16:01","guid":{"rendered":"https:\/\/sev-e.com\/?page_id=1329"},"modified":"2025-08-13T16:05:59","modified_gmt":"2025-08-13T14:05:59","slug":"starter-kits","status":"publish","type":"page","link":"https:\/\/sev-e.com\/es\/starter-kits\/","title":{"rendered":"Starter kits"},"content":{"rendered":"\n\n<div id=\"block-hero-block_cbf136cf1c4a26a6f9158d809390d0b6\" class=\"row page_intro_part  block-hero\">\n    <div class=\"col-12 breadcrumb_part\">\n    <nav aria-label=\"breadcrumbs\" class=\"rank-math-breadcrumb\"><p><span class=\"last\">Inicio<\/span><\/p><\/nav>    <\/div>\n    <div class=\"col-12 col-xxl-8 offset-xxl-2\">\n        <h1 class=\"h1 blue\">Soluciones llave en mano para sus proyectos conectados<\/h1>\n        <div class=\"desc\"><p>En SEV\u24d4, sabemos que iniciar un proyecto conectado puede parecer complejo. Por eso hemos dise\u00f1ado kits de inicio adaptados a sus necesidades, soluciones llave en mano que facilitan la implementaci\u00f3n y adopci\u00f3n de tecnolog\u00edas innovadoras.<\/p>\n<\/div>    <\/div>\n<\/div>\n\n\n\n\n<div style=\"height:50px\" aria-hidden=\"true\" class=\"wp-block-spacer\"><\/div>\n\n\n<div class=\"row content\"><div class=\"col-12 heading col-xl-10 offset-xl-1\">\n<h2 class=\"wp-block-heading\">Soluciones adaptadas para sus proyectos de iluminaci\u00f3n<\/h2>\n<\/div><\/div>\n\n<div class=\"row content\"><div class=\"col-12 paragraph col-xl-10 offset-xl-1\">\n<p>Ya sea que desee conectar la iluminaci\u00f3n de su estadio, gestionar sus armarios el\u00e9ctricos o optimizar la iluminaci\u00f3n de puntos luminosos, nuestros starter kits est\u00e1n concebidos para ajustarse a sus necesidades espec\u00edficas. Son la forma ideal de explorar y experimentar con tecnolog\u00edas conectadas con el m\u00ednimo esfuerzo y la m\u00e1xima eficacia<\/p>\n<\/div><\/div>\n\n\n<div style=\"height:50px\" aria-hidden=\"true\" class=\"wp-block-spacer\"><\/div>\n\n\n<div class=\"row content\"><div class=\"col-12 heading col-xl-10 offset-xl-1\">\n<h2 class=\"wp-block-heading\">\u00bfPor qu\u00e9 elegir los starter kits de SEV\u24d4?<\/h2>\n<\/div><\/div>\n\n<div class=\"row content\"><div class=\"col-12 list col-xl-10 offset-xl-1\">\n<ul class=\"wp-block-list\">\n<li>Instalaci\u00f3n r\u00e1pida y uso sencillo<\/li>\n\n\n\n<li>Flexibles y escalables<\/li>\n\n\n\n<li>Soporte al cliente completo y personalizado<\/li>\n<\/ul>\n<\/div><\/div>\n\n<div class=\"row content\"><div class=\"col-12 paragraph col-xl-10 offset-xl-1\">\n<p>Con nuestros starter kits, puede iniciar sus proyectos conectados con total confianza y simplicidad. Nuestro objetivo es acompa\u00f1arle en su transici\u00f3n hacia soluciones de iluminaci\u00f3n inteligentes, evolutivas y sostenibles.<\/p>\n<\/div><\/div>\n\n\n<div style=\"height:50px\" aria-hidden=\"true\" class=\"wp-block-spacer\"><\/div>\n\n\n\n<div class=\"wp-block-columns is-layout-flex wp-container-core-columns-is-layout-9d6595d7 wp-block-columns-is-layout-flex\">\n<div class=\"wp-block-column is-layout-flow wp-block-column-is-layout-flow\"><div class=\"wp-block-image\">\n<figure class=\"aligncenter size-large is-resized\"><a href=\"https:\/\/sev-e.com\/es\/document\/starter-kit-point-lumineux\/#canva\" target=\"_blank\" rel=\" noreferrer noopener\"><img decoding=\"async\" width=\"722\" height=\"1024\" src=\"https:\/\/sev-e.com\/wp-content\/uploads\/2025\/05\/couv-kit-point-lumineux-722x1024.jpg\" alt=\"\" class=\"wp-image-433\" style=\"width:300px\" srcset=\"https:\/\/sev-e.com\/wp-content\/uploads\/2025\/05\/couv-kit-point-lumineux-722x1024.jpg 722w, https:\/\/sev-e.com\/wp-content\/uploads\/2025\/05\/couv-kit-point-lumineux-212x300.jpg 212w, https:\/\/sev-e.com\/wp-content\/uploads\/2025\/05\/couv-kit-point-lumineux-768x1089.jpg 768w, https:\/\/sev-e.com\/wp-content\/uploads\/2025\/05\/couv-kit-point-lumineux-698x990.jpg 698w, https:\/\/sev-e.com\/wp-content\/uploads\/2025\/05\/couv-kit-point-lumineux-465x660.jpg 465w, https:\/\/sev-e.com\/wp-content\/uploads\/2025\/05\/couv-kit-point-lumineux-317x450.jpg 317w, https:\/\/sev-e.com\/wp-content\/uploads\/2025\/05\/couv-kit-point-lumineux-233x330.jpg 233w, https:\/\/sev-e.com\/wp-content\/uploads\/2025\/05\/couv-kit-point-lumineux-127x180.jpg 127w, https:\/\/sev-e.com\/wp-content\/uploads\/2025\/05\/couv-kit-point-lumineux-331x470.jpg 331w, https:\/\/sev-e.com\/wp-content\/uploads\/2025\/05\/couv-kit-point-lumineux-178x252.jpg 178w, https:\/\/sev-e.com\/wp-content\/uploads\/2025\/05\/couv-kit-point-lumineux.jpg 875w\" sizes=\"(max-width: 722px) 100vw, 722px\" \/><\/a><\/figure>\n<\/div><\/div>\n\n\n\n<div class=\"wp-block-column is-layout-flow wp-block-column-is-layout-flow\"><div class=\"wp-block-image\">\n<figure class=\"aligncenter size-large is-resized\"><a href=\"https:\/\/sev-e.com\/es\/document\/starter-kit-armoire\/#canva\" target=\"_blank\" rel=\" noreferrer noopener\"><img decoding=\"async\" width=\"722\" height=\"1024\" src=\"https:\/\/sev-e.com\/wp-content\/uploads\/2025\/05\/couv-kit-armoire-722x1024.jpg\" alt=\"\" class=\"wp-image-435\" style=\"width:300px\" srcset=\"https:\/\/sev-e.com\/wp-content\/uploads\/2025\/05\/couv-kit-armoire-722x1024.jpg 722w, https:\/\/sev-e.com\/wp-content\/uploads\/2025\/05\/couv-kit-armoire-212x300.jpg 212w, https:\/\/sev-e.com\/wp-content\/uploads\/2025\/05\/couv-kit-armoire-768x1089.jpg 768w, https:\/\/sev-e.com\/wp-content\/uploads\/2025\/05\/couv-kit-armoire-698x990.jpg 698w, https:\/\/sev-e.com\/wp-content\/uploads\/2025\/05\/couv-kit-armoire-465x660.jpg 465w, https:\/\/sev-e.com\/wp-content\/uploads\/2025\/05\/couv-kit-armoire-317x450.jpg 317w, https:\/\/sev-e.com\/wp-content\/uploads\/2025\/05\/couv-kit-armoire-233x330.jpg 233w, https:\/\/sev-e.com\/wp-content\/uploads\/2025\/05\/couv-kit-armoire-127x180.jpg 127w, https:\/\/sev-e.com\/wp-content\/uploads\/2025\/05\/couv-kit-armoire-331x470.jpg 331w, https:\/\/sev-e.com\/wp-content\/uploads\/2025\/05\/couv-kit-armoire-178x252.jpg 178w, https:\/\/sev-e.com\/wp-content\/uploads\/2025\/05\/couv-kit-armoire.jpg 875w\" sizes=\"(max-width: 722px) 100vw, 722px\" \/><\/a><\/figure>\n<\/div><\/div>\n\n\n\n<div class=\"wp-block-column is-layout-flow wp-block-column-is-layout-flow\"><div class=\"wp-block-image\">\n<figure class=\"aligncenter size-large is-resized\"><a href=\"https:\/\/sev-e.com\/es\/document\/starter-kit-stade\/#canva\" target=\"_blank\" rel=\" noreferrer noopener\"><img decoding=\"async\" width=\"722\" height=\"1024\" src=\"https:\/\/sev-e.com\/wp-content\/uploads\/2025\/05\/couv-kit-stade-722x1024.jpg\" alt=\"\" class=\"wp-image-431\" style=\"width:300px\" srcset=\"https:\/\/sev-e.com\/wp-content\/uploads\/2025\/05\/couv-kit-stade-722x1024.jpg 722w, https:\/\/sev-e.com\/wp-content\/uploads\/2025\/05\/couv-kit-stade-212x300.jpg 212w, https:\/\/sev-e.com\/wp-content\/uploads\/2025\/05\/couv-kit-stade-768x1089.jpg 768w, https:\/\/sev-e.com\/wp-content\/uploads\/2025\/05\/couv-kit-stade-698x990.jpg 698w, https:\/\/sev-e.com\/wp-content\/uploads\/2025\/05\/couv-kit-stade-465x660.jpg 465w, https:\/\/sev-e.com\/wp-content\/uploads\/2025\/05\/couv-kit-stade-317x450.jpg 317w, https:\/\/sev-e.com\/wp-content\/uploads\/2025\/05\/couv-kit-stade-233x330.jpg 233w, https:\/\/sev-e.com\/wp-content\/uploads\/2025\/05\/couv-kit-stade-127x180.jpg 127w, https:\/\/sev-e.com\/wp-content\/uploads\/2025\/05\/couv-kit-stade-331x470.jpg 331w, https:\/\/sev-e.com\/wp-content\/uploads\/2025\/05\/couv-kit-stade-178x252.jpg 178w, https:\/\/sev-e.com\/wp-content\/uploads\/2025\/05\/couv-kit-stade.jpg 875w\" sizes=\"(max-width: 722px) 100vw, 722px\" \/><\/a><\/figure>\n<\/div><\/div>\n<\/div>\n\n\n\n<div style=\"height:100px\" aria-hidden=\"true\" class=\"wp-block-spacer\"><\/div>\n","protected":false},"excerpt":{"rendered":"<p>Soluciones adaptadas para sus proyectos de iluminaci\u00f3n Ya sea que desee conectar la iluminaci\u00f3n de su estadio, gestionar sus armarios el\u00e9ctricos o optimizar la iluminaci\u00f3n de puntos luminosos, nuestros starter kits est\u00e1n concebidos para ajustarse a sus necesidades espec\u00edficas. Son la forma ideal de explorar y experimentar con tecnolog\u00edas conectadas con el m\u00ednimo esfuerzo y [&hellip;]<\/p>\n","protected":false},"author":1,"featured_media":0,"parent":0,"menu_order":0,"comment_status":"closed","ping_status":"closed","template":"","meta":{"_acf_changed":false,"footnotes":""},"class_list":["post-1329","page","type-page","status-publish","hentry"],"acf":[],"_links":{"self":[{"href":"https:\/\/sev-e.com\/es\/wp-json\/wp\/v2\/pages\/1329","targetHints":{"allow":["GET"]}}],"collection":[{"href":"https:\/\/sev-e.com\/es\/wp-json\/wp\/v2\/pages"}],"about":[{"href":"https:\/\/sev-e.com\/es\/wp-json\/wp\/v2\/types\/page"}],"author":[{"embeddable":true,"href":"https:\/\/sev-e.com\/es\/wp-json\/wp\/v2\/users\/1"}],"replies":[{"embeddable":true,"href":"https:\/\/sev-e.com\/es\/wp-json\/wp\/v2\/comments?post=1329"}],"version-history":[{"count":2,"href":"https:\/\/sev-e.com\/es\/wp-json\/wp\/v2\/pages\/1329\/revisions"}],"predecessor-version":[{"id":1759,"href":"https:\/\/sev-e.com\/es\/wp-json\/wp\/v2\/pages\/1329\/revisions\/1759"}],"wp:attachment":[{"href":"https:\/\/sev-e.com\/es\/wp-json\/wp\/v2\/media?parent=1329"}],"curies":[{"name":"wp","href":"https:\/\/api.w.org\/{rel}","templated":true}]}}