{"id":1327,"date":"2025-05-19T10:15:44","date_gmt":"2025-05-19T08:15:44","guid":{"rendered":"https:\/\/sev-e.com\/?page_id=1327"},"modified":"2025-08-13T12:51:50","modified_gmt":"2025-08-13T10:51:50","slug":"productos","status":"publish","type":"page","link":"https:\/\/sev-e.com\/es\/productos\/","title":{"rendered":"Productos"},"content":{"rendered":"\n\n<div id=\"block-hero-block_4f934fd2f49b661bf24fbb185633148d\" class=\"row page_intro_part  block-hero\">\n    <div class=\"col-12 breadcrumb_part\">\n    <nav aria-label=\"breadcrumbs\" class=\"rank-math-breadcrumb\"><p><span class=\"last\">Inicio<\/span><\/p><\/nav>    <\/div>\n    <div class=\"col-12 col-xxl-8 offset-xxl-2\">\n        <h1 class=\"h1 blue\">Descubra los productos del universo SEV\u2019osph\u00e8re<\/h1>\n        <div class=\"desc\"><p>En SEV\u24d4, cada producto se selecciona cuidadosamente para responder a las necesidades espec\u00edficas de los territorios que aspiran a ser innovadores, evolutivos y responsables. Creamos un ecosistema centrado en la sostenibilidad y la eficiencia, priorizando un enfoque local y \u00e9tico.<\/p>\n<\/div>    <\/div>\n<\/div>\n\n\n\n\n<div style=\"height:50px\" aria-hidden=\"true\" class=\"wp-block-spacer\"><\/div>\n\n\n<div class=\"row content\"><div class=\"col-12 heading col-xl-10 offset-xl-1\">\n<h2 class=\"wp-block-heading\">Un ecosistema virtuoso y local<\/h2>\n<\/div><\/div>\n\n<div class=\"row content\"><div class=\"col-12 paragraph col-xl-10 offset-xl-1\">\n<p>La esencia de SEV\u2019osph\u00e8re reside en la elecci\u00f3n estrat\u00e9gica de nuestros socios. Construimos relaciones comerciales inteligentes y rec\u00edprocas, basadas en una \u00e9tica compartida y una visi\u00f3n com\u00fan. Este enfoque garantiza que las soluciones que ofrecemos no solo sean eficaces, sino tambi\u00e9n coherentes con los valores de sostenibilidad y respeto por el medioambiente.<\/p>\n<\/div><\/div>\n\n\n<div style=\"height:50px\" aria-hidden=\"true\" class=\"wp-block-spacer\"><\/div>\n\n\n<div class=\"row content\"><div class=\"col-12 heading col-xl-10 offset-xl-1\">\n<h2 class=\"wp-block-heading\">Productos adaptados a sus necesidades<\/h2>\n<\/div><\/div>\n\n<div class=\"row content\"><div class=\"col-12 paragraph col-xl-10 offset-xl-1\">\n<p>Cada producto de SEV\u2019osph\u00e8re est\u00e1 dise\u00f1ado para adaptarse a una gran variedad de casos de uso. Tenemos en cuenta sus requisitos espec\u00edficos y recomendamos soluciones a medida.<\/p>\n<\/div><\/div>\n\n\n<div style=\"height:50px\" aria-hidden=\"true\" class=\"wp-block-spacer\"><\/div>\n\n\n<div class=\"row content\"><div class=\"col-12 heading col-xl-10 offset-xl-1\">\n<h2 class=\"wp-block-heading\">Nuestros compromiso<\/h2>\n<\/div><\/div>\n\n<div class=\"row content\"><div class=\"col-12 list col-xl-10 offset-xl-1\">\n<ul class=\"wp-block-list\">\n<li>Calidad: Nuestros productos se seleccionan por su fiabilidad y su capacidad de cumplir con los est\u00e1ndares m\u00e1s exigentes.<\/li>\n\n\n\n<li>Rendimiento: Cada soluci\u00f3n se optimiza para maximizar la eficiencia energ\u00e9tica y funcional, adapt\u00e1ndose a los desaf\u00edos de los territorios modernos.<\/li>\n\n\n\n<li>Sostenibilidad: Nos comprometemos a promover productos que minimicen su impacto ambiental a lo largo de todo su ciclo de vida.<\/li>\n<\/ul>\n<\/div><\/div>\n\n\n<div style=\"height:50px\" aria-hidden=\"true\" class=\"wp-block-spacer\"><\/div>\n\n\n<div class=\"row content\"><div class=\"col-12 heading col-xl-10 offset-xl-1\">\n<h2 class=\"wp-block-heading\">Soluciones para territorios responsables<\/h2>\n<\/div><\/div>\n\n<div class=\"row content\"><div class=\"col-12 paragraph col-xl-10 offset-xl-1\">\n<p>SEV\u2019osph\u00e8re no es solo un cat\u00e1logo de productos, sino un ecosistema dise\u00f1ado para evolucionar con las necesidades cambiantes de los territorios. Al integrar tecnolog\u00edas de vanguardia y colaborar con socios que comparten nuestros valores, creamos soluciones que fomentan el desarrollo sostenible y la innovaci\u00f3n.<\/p>\n<\/div><\/div>\n\n\n<div style=\"height:100px\" aria-hidden=\"true\" class=\"wp-block-spacer\"><\/div>\n\n\n<div class=\"row content\"><div class=\"col-12 paragraph col-xl-10 offset-xl-1\">\n<p><\/p>\n<\/div><\/div>","protected":false},"excerpt":{"rendered":"<p>Un ecosistema virtuoso y local La esencia de SEV\u2019osph\u00e8re reside en la elecci\u00f3n estrat\u00e9gica de nuestros socios. Construimos relaciones comerciales inteligentes y rec\u00edprocas, basadas en una \u00e9tica compartida y una visi\u00f3n com\u00fan. Este enfoque garantiza que las soluciones que ofrecemos no solo sean eficaces, sino tambi\u00e9n coherentes con los valores de sostenibilidad y respeto por [&hellip;]<\/p>\n","protected":false},"author":1,"featured_media":0,"parent":0,"menu_order":0,"comment_status":"closed","ping_status":"closed","template":"","meta":{"_acf_changed":false,"footnotes":""},"class_list":["post-1327","page","type-page","status-publish","hentry"],"acf":[],"_links":{"self":[{"href":"https:\/\/sev-e.com\/es\/wp-json\/wp\/v2\/pages\/1327","targetHints":{"allow":["GET"]}}],"collection":[{"href":"https:\/\/sev-e.com\/es\/wp-json\/wp\/v2\/pages"}],"about":[{"href":"https:\/\/sev-e.com\/es\/wp-json\/wp\/v2\/types\/page"}],"author":[{"embeddable":true,"href":"https:\/\/sev-e.com\/es\/wp-json\/wp\/v2\/users\/1"}],"replies":[{"embeddable":true,"href":"https:\/\/sev-e.com\/es\/wp-json\/wp\/v2\/comments?post=1327"}],"version-history":[{"count":1,"href":"https:\/\/sev-e.com\/es\/wp-json\/wp\/v2\/pages\/1327\/revisions"}],"predecessor-version":[{"id":1328,"href":"https:\/\/sev-e.com\/es\/wp-json\/wp\/v2\/pages\/1327\/revisions\/1328"}],"wp:attachment":[{"href":"https:\/\/sev-e.com\/es\/wp-json\/wp\/v2\/media?parent=1327"}],"curies":[{"name":"wp","href":"https:\/\/api.w.org\/{rel}","templated":true}]}}