{"id":1321,"date":"2025-05-19T10:15:33","date_gmt":"2025-05-19T08:15:33","guid":{"rendered":"https:\/\/sev-e.com\/?page_id=1321"},"modified":"2025-08-13T16:07:34","modified_gmt":"2025-08-13T14:07:34","slug":"la-plataforma","status":"publish","type":"page","link":"https:\/\/sev-e.com\/es\/la-plataforma\/","title":{"rendered":"La plataforma"},"content":{"rendered":"\n\n<div id=\"block-hero-block_b145ffd68d41e06bfeedce74a7179641\" class=\"row page_intro_part  block-hero\">\n    <div class=\"col-12 breadcrumb_part\">\n    <nav aria-label=\"breadcrumbs\" class=\"rank-math-breadcrumb\"><p><span class=\"last\">Inicio<\/span><\/p><\/nav>    <\/div>\n    <div class=\"col-12 col-xxl-8 offset-xxl-2\">\n        <h1 class=\"h1 blue\">SEV\u24d4 Connect<br>Una plataforma intuitiva y multifuncional para la gesti\u00f3n de datos<\/h1>\n        <div class=\"desc\"><p>Mucho m\u00e1s que una simple herramienta de visualizaci\u00f3n, SEV\u24d4 Connect es una plataforma innovadora dise\u00f1ada para programar y conectar todos sus sensores, sin importar el protocolo de comunicaci\u00f3n utilizado ni el tipo de aplicaci\u00f3n. Simplifica la gesti\u00f3n de datos ofreciendo un enfoque a medida y evolutivo.<\/p>\n<\/div>    <\/div>\n<\/div>\n\n\n\n\n<div style=\"height:50px\" aria-hidden=\"true\" class=\"wp-block-spacer\"><\/div>\n\n\n<div class=\"row content\"><div class=\"col-12 heading col-xl-10 offset-xl-1\">\n<h2 class=\"wp-block-heading\">Sus puntos fuertes<\/h2>\n<\/div><\/div>\n\n<div id=\"block-hero-block_dfcc9b0feb946a7184b17ed4c411edf2\" class=\"row txt_media_part left block-hero\">\n\t<div class=\"col-12 col-lg-6 col-xl-5 order-1 media_bloc d-lg-flex align-items-center\">\n\t\t<img decoding=\"async\" src=\"https:\/\/sev-e.com\/wp-content\/uploads\/2025\/08\/plateforme-seve.jpg\" alt=\"\" class=\"img-fluid\">\t<\/div>\n\t<div class=\"col-12 col-lg-6 col-xl-7 d-flex align-items-center order-2 txt_bloc\">\n        <div class=\"content p-2 p-sm-5\">\n\t\t<ul>\n<li><strong>Intuitiva<\/strong>: Una interfaz clara y f\u00e1cil de usar que permite a cualquier usuario navegar c\u00f3modamente por los datos.<\/li>\n<li><strong>Interoperable<\/strong>: Compatible con todos los protocolos de comunicaci\u00f3n, SEV\u24d4 Connect se adapta sin dificultad a sus equipos existentes.<\/li>\n<li><strong>Modulable<\/strong>: Personalice la plataforma seg\u00fan sus necesidades espec\u00edficas para lograr el caso de uso ideal.<\/li>\n<li><strong>Evolutiva<\/strong>: Su flexibilidad permite a\u00f1adir f\u00e1cilmente nuevos sensores o funcionalidades para responder a necesidades crecientes.<\/li>\n<li><strong>Segura<\/strong>: Dise\u00f1ada para garantizar la protecci\u00f3n de los datos y el cumplimiento de las normativas RGPD, con la seguridad como prioridad.<\/li>\n<\/ul>\n        <\/div>\n\t<\/div>\n<\/div>\n\n\n\n\n<div class=\"row content\"><div class=\"col-12 paragraph col-xl-10 offset-xl-1\">\n<p>SEV\u24d4 Connect se distingue por su capacidad de conectar cualquier sensor o equipo inteligente, mostrando los datos en un tablero personalizable y adaptado a cada sector. Ya sea para analizar datos complejos o simplemente seguir sensores en tiempo real, SEV\u24d4 Connect le ofrece miles de posibilidades para crear su caso de uso ideal.<\/p>\n<\/div><\/div>\n\n\n<div style=\"height:50px\" aria-hidden=\"true\" class=\"wp-block-spacer\"><\/div>\n\n\n<div class=\"row content\"><div class=\"col-12 heading col-xl-10 offset-xl-1\">\n<h2 class=\"wp-block-heading\">Funciones avanzadas para una gesti\u00f3n \u00f3ptima<\/h2>\n<\/div><\/div>\n\n<div id=\"block-hero-block_b6b1405cb9bb45f0801c4c1708764591\" class=\"row txt_media_part right block-hero\">\n\t<div class=\"col-12 col-lg-6 col-xl-5 order-1 order-lg-2 media_bloc d-lg-flex align-items-center\">\n\t\t<img decoding=\"async\" src=\"https:\/\/sev-e.com\/wp-content\/uploads\/2025\/06\/Image-14-543x470.png\" alt=\"\" class=\"img-fluid\">\t<\/div>\n\t<div class=\"col-12 col-lg-6 col-xl-7 d-flex align-items-center order-2 order-lg-1 txt_bloc\">\n        <div class=\"content p-2 p-sm-5\">\n\t\t<ul>\n<li><strong>Tablero simplificado<\/strong>: Visualizaci\u00f3n clara y eficiente para acceder r\u00e1pidamente a la informaci\u00f3n esencial.<\/li>\n<li><strong>Niveles de acceso adaptados<\/strong>: Permisos personalizables para que cada usuario acceda solo a los datos relevantes seg\u00fan su rol.<\/li>\n<li><strong>An\u00e1lisis y Predicci\u00f3n<\/strong>: Aproveche los datos hist\u00f3ricos para detectar tendencias, prever eventos futuros y mejorar la toma de decisiones.<\/li>\n<li><strong>Activaci\u00f3n de eventos<\/strong>: Configure umbrales y alertas para anticiparse y reaccionar r\u00e1pidamente ante cualquier cambio.<\/li>\n<li><strong>Monitoreo en tiempo real<\/strong>: Supervise sus sensores en un mapa interactivo para una visi\u00f3n completa e instant\u00e1nea de su infraestructura.<\/li>\n<\/ul>\n        <\/div>\n\t<\/div>\n<\/div>\n\n\n\n\n<div class=\"wp-block-image\">\n<figure class=\"aligncenter size-large\"><img decoding=\"async\" width=\"1024\" height=\"683\" src=\"https:\/\/sev-e.com\/wp-content\/uploads\/2025\/06\/Image-13-1024x683.png\" alt=\"\" class=\"wp-image-648\" srcset=\"https:\/\/sev-e.com\/wp-content\/uploads\/2025\/06\/Image-13-1024x683.png 1024w, https:\/\/sev-e.com\/wp-content\/uploads\/2025\/06\/Image-13-300x200.png 300w, https:\/\/sev-e.com\/wp-content\/uploads\/2025\/06\/Image-13-768x512.png 768w, https:\/\/sev-e.com\/wp-content\/uploads\/2025\/06\/Image-13-1536x1024.png 1536w, https:\/\/sev-e.com\/wp-content\/uploads\/2025\/06\/Image-13-2048x1365.png 2048w, https:\/\/sev-e.com\/wp-content\/uploads\/2025\/06\/Image-13-scaled.png 1900w, https:\/\/sev-e.com\/wp-content\/uploads\/2025\/06\/Image-13-1320x880.png 1320w, https:\/\/sev-e.com\/wp-content\/uploads\/2025\/06\/Image-13-990x660.png 990w, https:\/\/sev-e.com\/wp-content\/uploads\/2025\/06\/Image-13-660x440.png 660w, https:\/\/sev-e.com\/wp-content\/uploads\/2025\/06\/Image-13-450x300.png 450w, https:\/\/sev-e.com\/wp-content\/uploads\/2025\/06\/Image-13-330x220.png 330w, https:\/\/sev-e.com\/wp-content\/uploads\/2025\/06\/Image-13-180x120.png 180w, https:\/\/sev-e.com\/wp-content\/uploads\/2025\/06\/Image-13-543x362.png 543w, https:\/\/sev-e.com\/wp-content\/uploads\/2025\/06\/Image-13-321x214.png 321w\" sizes=\"(max-width: 1024px) 100vw, 1024px\" \/><\/figure>\n<\/div>\n\n\n<div style=\"height:50px\" aria-hidden=\"true\" class=\"wp-block-spacer\"><\/div>\n\n\n<div class=\"row content\"><div class=\"col-12 buttons col-xl-10 offset-xl-1\">\n<div class=\"wp-block-buttons is-content-justification-center is-layout-flex wp-container-core-buttons-is-layout-16018d1d wp-block-buttons-is-layout-flex\"><div class=\"wp-block-button\"><a class=\"wp-block-button__link wp-element-button\" href=\"https:\/\/sev-e.com\/es\/contactos\/\"><strong>Solicite una demostraci\u00f3n<\/strong><\/a><\/div><\/div>\n<\/div><\/div>\n\n\n<div style=\"height:100px\" aria-hidden=\"true\" class=\"wp-block-spacer\"><\/div>\n","protected":false},"excerpt":{"rendered":"<p>Sus puntos fuertes SEV\u24d4 Connect se distingue por su capacidad de conectar cualquier sensor o equipo inteligente, mostrando los datos en un tablero personalizable y adaptado a cada sector. Ya sea para analizar datos complejos o simplemente seguir sensores en tiempo real, SEV\u24d4 Connect le ofrece miles de posibilidades para crear su caso de uso [&hellip;]<\/p>\n","protected":false},"author":1,"featured_media":0,"parent":0,"menu_order":0,"comment_status":"closed","ping_status":"closed","template":"","meta":{"_acf_changed":false,"footnotes":""},"class_list":["post-1321","page","type-page","status-publish","hentry"],"acf":[],"_links":{"self":[{"href":"https:\/\/sev-e.com\/es\/wp-json\/wp\/v2\/pages\/1321","targetHints":{"allow":["GET"]}}],"collection":[{"href":"https:\/\/sev-e.com\/es\/wp-json\/wp\/v2\/pages"}],"about":[{"href":"https:\/\/sev-e.com\/es\/wp-json\/wp\/v2\/types\/page"}],"author":[{"embeddable":true,"href":"https:\/\/sev-e.com\/es\/wp-json\/wp\/v2\/users\/1"}],"replies":[{"embeddable":true,"href":"https:\/\/sev-e.com\/es\/wp-json\/wp\/v2\/comments?post=1321"}],"version-history":[{"count":2,"href":"https:\/\/sev-e.com\/es\/wp-json\/wp\/v2\/pages\/1321\/revisions"}],"predecessor-version":[{"id":1760,"href":"https:\/\/sev-e.com\/es\/wp-json\/wp\/v2\/pages\/1321\/revisions\/1760"}],"wp:attachment":[{"href":"https:\/\/sev-e.com\/es\/wp-json\/wp\/v2\/media?parent=1321"}],"curies":[{"name":"wp","href":"https:\/\/api.w.org\/{rel}","templated":true}]}}