{"id":1313,"date":"2025-05-19T10:15:18","date_gmt":"2025-05-19T08:15:18","guid":{"rendered":"https:\/\/sev-e.com\/?page_id=1313"},"modified":"2025-10-20T11:51:59","modified_gmt":"2025-10-20T09:51:59","slug":"edificios","status":"publish","type":"page","link":"https:\/\/sev-e.com\/es\/edificios\/","title":{"rendered":"Edificios"},"content":{"rendered":"\n\n<div id=\"block-hero-block_37a96da256fbf618c6497be1b7e3e2ae\" class=\"row page_intro_part  block-hero\">\n    <div class=\"col-12 breadcrumb_part\">\n    <nav aria-label=\"breadcrumbs\" class=\"rank-math-breadcrumb\"><p><span class=\"last\">Inicio<\/span><\/p><\/nav>    <\/div>\n    <div class=\"col-12 col-xxl-8 offset-xxl-2\">\n        <h1 class=\"h1 blue\">Edificios<\/h1>\n        <div class=\"desc\"><p>La gesti\u00f3n conectada de los edificios se basa en el an\u00e1lisis en tiempo real de los datos para optimizar el rendimiento energ\u00e9tico, el confort de los ocupantes y la seguridad. Gracias a una automatizaci\u00f3n inteligente, permite reducir los costos operativos, anticipar las necesidades de mantenimiento y minimizar la huella ambiental. Este enfoque innovador transforma los edificios en espacios m\u00e1s sostenibles, reactivos y adaptados a los usos modernos.<\/p>\n<\/div>    <\/div>\n<\/div>\n\n\n\n\n<div style=\"height:50px\" aria-hidden=\"true\" class=\"wp-block-spacer\"><\/div>\n\n\n\n\n<div id=\"block-hero-block_77cee95c21b7b7b42f4d4605bbdaaa94\" class=\"row columns_part  block-hero\">\n            <div class=\"col-12 col-sm-6 col-xl-3 p-3 text-center \">\n            <div class=\"column\">\n                                <div class=\"img\">\n                    <img decoding=\"async\" src=\"https:\/\/sev-e.com\/wp-content\/uploads\/2025\/06\/Picto-18.png\" alt=\"\" class=\"img-fluid\">\n                <\/div>\n                                <div class=\"txt text-start\">\n                    <p><strong>Seguridad <\/strong><\/p>\n<p>Controle en tiempo real los accesos o estacionamientos, detecte intrusiones y reaccione r\u00e1pidamente a incidentes para garantizar un entorno seguro y protegido.<\/p>\n                <\/div>\n            <\/div>\n        <\/div>\n            <div class=\"col-12 col-sm-6 col-xl-3 p-3 text-center \">\n            <div class=\"column\">\n                                <div class=\"img\">\n                    <img decoding=\"async\" src=\"https:\/\/sev-e.com\/wp-content\/uploads\/2025\/06\/Picto-19.png\" alt=\"\" class=\"img-fluid\">\n                <\/div>\n                                <div class=\"txt text-start\">\n                    <p><strong>Mantenimiento <\/strong><\/p>\n<p>Supervise en tiempo real el rendimiento, anticipe fallos y reduzca los tiempos de inactividad para asegurar una producci\u00f3n continua y eficiente.<\/p>\n                <\/div>\n            <\/div>\n        <\/div>\n            <div class=\"col-12 col-sm-6 col-xl-3 p-3 text-center \">\n            <div class=\"column\">\n                                <div class=\"img\">\n                    <img decoding=\"async\" src=\"https:\/\/sev-e.com\/wp-content\/uploads\/2025\/06\/Picto-11.png\" alt=\"\" class=\"img-fluid\">\n                <\/div>\n                                <div class=\"txt text-start\">\n                    <p><strong>Mejora del ambiente laboral <\/strong><\/p>\n<p>Mejore el entorno de sus espacios mediante la gesti\u00f3n conectada de residuos y niveles de ruido para crear un ambiente agradable y saludable.<\/p>\n                <\/div>\n            <\/div>\n        <\/div>\n            <div class=\"col-12 col-sm-6 col-xl-3 p-3 text-center \">\n            <div class=\"column\">\n                                <div class=\"img\">\n                    <img decoding=\"async\" src=\"https:\/\/sev-e.com\/wp-content\/uploads\/2025\/06\/Picto-20.png\" alt=\"\" class=\"img-fluid\">\n                <\/div>\n                                <div class=\"txt text-start\">\n                    <p><strong>Gesti\u00f3n de recursos <\/strong><\/p>\n<p>Controle en tiempo real sus consumos de agua, gas o electricidad, detecte fugas r\u00e1pidamente y optimice el uso de sus recursos para una gesti\u00f3n duradera y eficiente.<\/p>\n                <\/div>\n            <\/div>\n        <\/div>\n    <\/div>\n\n\n\n\n<div style=\"height:50px\" aria-hidden=\"true\" class=\"wp-block-spacer\"><\/div>\n\n\n<div id=\"block-hero-block_a4c22371d3685c6e2385d61c627de1e8\" class=\"row txt_media_part left block-hero\">\n\t<div class=\"col-12 col-lg-6 col-xl-5 order-1 media_bloc d-lg-flex align-items-center\">\n\t\t<img decoding=\"async\" src=\"https:\/\/sev-e.com\/wp-content\/uploads\/2025\/07\/plateforme-batiments-543x470.jpg\" alt=\"\" class=\"img-fluid\">\t<\/div>\n\t<div class=\"col-12 col-lg-6 col-xl-7 d-flex align-items-center order-2 txt_bloc\">\n        <div class=\"content p-2 p-sm-5\">\n\t\t<h2>Casos de uso relacionados con los edificios<\/h2>\n<ul>\n<li>Detecci\u00f3n de contaminantes\/part\u00edculas\/al\u00e9rgenos<\/li>\n<li>\u00cdndices de salubridad<\/li>\n<li>Control de ventilaci\u00f3n y filtraci\u00f3n de aire<\/li>\n<li>Programaci\u00f3n<\/li>\n<li>Gesti\u00f3n remota<\/li>\n<li>Medici\u00f3n<\/li>\n<li>Aire acondicionado<\/li>\n<li>Detecci\u00f3n de puertas abiertas<\/li>\n<li>Conteo\/entrada\/salida<\/li>\n<li>Detecci\u00f3n de fugas<\/li>\n<li>Detecci\u00f3n de presencia<\/li>\n<li>Riesgos de fallos<\/li>\n<li>Luz natural<\/li>\n<li>Reporte de contadores<\/li>\n<li>Seguimiento del nivel de ruidos<\/li>\n<li>Gesti\u00f3n de residuos<\/li>\n<\/ul>\n        <\/div>\n\t<\/div>\n<\/div>\n\n\n\n\n\n<div style=\"height:30px\" aria-hidden=\"true\" class=\"wp-block-spacer\"><\/div>\n\n\n\n\n<div id=\"block-hero-block_5d7efc0394eafa19ae05ed785e53930a\" class=\"row columns_part  block-hero\">\n            <div class=\"col-12 col-sm-6 col-xl-3 p-3 text-center offset-lg-3\">\n            <div class=\"column\">\n                                <div class=\"txt text-start\">\n                    <p style=\"text-align: center;\">La iluminaci\u00f3n terciaria representa actualmente<br \/>\n<span style=\"color: #f0d18b; font-size: 300%; font-weight: bold;\"> 1 600 000<\/span><br \/>\nde emisiones de CO2. Una renovaci\u00f3n bien realizada de estos espacios permitir\u00eda reducir esta huella de carbono a 650.000 toneladas.<\/p>\n                <\/div>\n            <\/div>\n        <\/div>\n            <div class=\"col-12 col-sm-6 col-xl-3 p-3 text-center \">\n            <div class=\"column\">\n                                <div class=\"txt text-start\">\n                    <p style=\"text-align: center;\">Desde octubre de 2023, una directiva obliga a los edificios p\u00fablicos a reducir su consumo energ\u00e9tico en un<br \/>\n<span style=\"color: #f0d18b; font-size: 300%; font-weight: bold;\">1,9%<\/span><br \/>\nanual y a renovar el<br \/>\n<span style=\"color: #f0d18b; font-size: 300%; font-weight: bold;\">3%<\/span><br \/>\nde su superficie calefaccionada o climatizada cada a\u00f1o.<\/p>\n                <\/div>\n            <\/div>\n        <\/div>\n    <\/div>\n\n\n\n\n<div style=\"height:100px\" aria-hidden=\"true\" class=\"wp-block-spacer\"><\/div>\n","protected":false},"excerpt":{"rendered":"","protected":false},"author":1,"featured_media":0,"parent":0,"menu_order":0,"comment_status":"closed","ping_status":"closed","template":"","meta":{"_acf_changed":false,"footnotes":""},"class_list":["post-1313","page","type-page","status-publish","hentry"],"acf":[],"_links":{"self":[{"href":"https:\/\/sev-e.com\/es\/wp-json\/wp\/v2\/pages\/1313","targetHints":{"allow":["GET"]}}],"collection":[{"href":"https:\/\/sev-e.com\/es\/wp-json\/wp\/v2\/pages"}],"about":[{"href":"https:\/\/sev-e.com\/es\/wp-json\/wp\/v2\/types\/page"}],"author":[{"embeddable":true,"href":"https:\/\/sev-e.com\/es\/wp-json\/wp\/v2\/users\/1"}],"replies":[{"embeddable":true,"href":"https:\/\/sev-e.com\/es\/wp-json\/wp\/v2\/comments?post=1313"}],"version-history":[{"count":3,"href":"https:\/\/sev-e.com\/es\/wp-json\/wp\/v2\/pages\/1313\/revisions"}],"predecessor-version":[{"id":2236,"href":"https:\/\/sev-e.com\/es\/wp-json\/wp\/v2\/pages\/1313\/revisions\/2236"}],"wp:attachment":[{"href":"https:\/\/sev-e.com\/es\/wp-json\/wp\/v2\/media?parent=1313"}],"curies":[{"name":"wp","href":"https:\/\/api.w.org\/{rel}","templated":true}]}}