{"id":1304,"date":"2025-05-19T10:15:08","date_gmt":"2025-05-19T08:15:08","guid":{"rendered":"https:\/\/sev-e.com\/?page_id=1304"},"modified":"2025-10-20T11:44:06","modified_gmt":"2025-10-20T09:44:06","slug":"energia","status":"publish","type":"page","link":"https:\/\/sev-e.com\/es\/energia\/","title":{"rendered":"Energ\u00eda"},"content":{"rendered":"\n\n<div id=\"block-hero-block_9610239948db07e7b1de2a3d211758fb\" class=\"row page_intro_part  block-hero\">\n    <div class=\"col-12 breadcrumb_part\">\n    <nav aria-label=\"breadcrumbs\" class=\"rank-math-breadcrumb\"><p><span class=\"last\">Inicio<\/span><\/p><\/nav>    <\/div>\n    <div class=\"col-12 col-xxl-8 offset-xxl-2\">\n        <h1 class=\"h1 blue\">Energ\u00eda <\/h1>\n        <div class=\"desc\"><p>Gracias a los avances tecnol\u00f3gicos, ahora somos capaces de gestionar y optimizar mejor nuestros recursos. La reducci\u00f3n del consumo de energ\u00eda es una de nuestras prioridades principales, lo que requiere la integraci\u00f3n de energ\u00eda renovable y de origen local. Esto incluye una atenci\u00f3n especial a las redes de distribuci\u00f3n, las estaciones de carga y la producci\u00f3n de energ\u00eda solar.<\/p>\n<\/div>    <\/div>\n<\/div>\n\n\n\n\n<div style=\"height:50px\" aria-hidden=\"true\" class=\"wp-block-spacer\"><\/div>\n\n\n\n\n<div id=\"block-hero-block_2ce754334ba65e0a998ba6e5eed2e438\" class=\"row columns_part  block-hero\">\n            <div class=\"col-12 col-sm-6 col-xl-3 p-3 text-center \">\n            <div class=\"column\">\n                                <div class=\"img\">\n                    <img decoding=\"async\" src=\"https:\/\/sev-e.com\/wp-content\/uploads\/2025\/06\/Picto-14.png\" alt=\"\" class=\"img-fluid\">\n                <\/div>\n                                <div class=\"txt text-start\">\n                    <p><strong>Redes el\u00e9ctricas <\/strong><\/p>\n<p>Proteja y asegure su instalaci\u00f3n el\u00e9ctrica. Supervise su consumo en tiempo real seg\u00fan su uso y detecte r\u00e1pidamente cualquier fallo o posible robo.<\/p>\n                <\/div>\n            <\/div>\n        <\/div>\n            <div class=\"col-12 col-sm-6 col-xl-3 p-3 text-center \">\n            <div class=\"column\">\n                                <div class=\"img\">\n                    <img decoding=\"async\" src=\"https:\/\/sev-e.com\/wp-content\/uploads\/2025\/06\/Picto-15.png\" alt=\"\" class=\"img-fluid\">\n                <\/div>\n                                <div class=\"txt text-start\">\n                    <p><strong>Energ\u00edas renovables <\/strong><\/p>\n<p>La producci\u00f3n de energ\u00eda renovable es un desaf\u00edo global para la ecolog\u00eda y el ahorro energ\u00e9tico. Gestione su producci\u00f3n mientras reduce sus costos.<\/p>\n                <\/div>\n            <\/div>\n        <\/div>\n            <div class=\"col-12 col-sm-6 col-xl-3 p-3 text-center \">\n            <div class=\"column\">\n                                <div class=\"img\">\n                    <img decoding=\"async\" src=\"https:\/\/sev-e.com\/wp-content\/uploads\/2025\/06\/Picto-16.png\" alt=\"\" class=\"img-fluid\">\n                <\/div>\n                                <div class=\"txt text-start\">\n                    <p><strong>Energ\u00edas de transporte <\/strong><\/p>\n<p>Supervise en tiempo real sus estaciones de recarga y niveles de combustible, optimice su uso y detecte r\u00e1pidamente cualquier anomal\u00eda para garantizar una movilidad fluida y sostenible.<\/p>\n                <\/div>\n            <\/div>\n        <\/div>\n            <div class=\"col-12 col-sm-6 col-xl-3 p-3 text-center \">\n            <div class=\"column\">\n                                <div class=\"img\">\n                    <img decoding=\"async\" src=\"https:\/\/sev-e.com\/wp-content\/uploads\/2025\/06\/Picto-17.png\" alt=\"\" class=\"img-fluid\">\n                <\/div>\n                                <div class=\"txt text-start\">\n                    <p><strong>Gesti\u00f3n de recursos <\/strong><\/p>\n<p>Controle en tiempo real sus consumos de agua y gas, detecte fugas r\u00e1pidamente y optimice el uso de sus recursos para una gesti\u00f3n duradera y eficiente.<\/p>\n                <\/div>\n            <\/div>\n        <\/div>\n    <\/div>\n\n\n\n\n<div style=\"height:50px\" aria-hidden=\"true\" class=\"wp-block-spacer\"><\/div>\n\n\n<div id=\"block-hero-block_dac7d690a29184e5cbd9dde3da340383\" class=\"row txt_media_part left block-hero\">\n\t<div class=\"col-12 col-lg-6 col-xl-5 order-1 media_bloc d-lg-flex align-items-center\">\n\t\t<img decoding=\"async\" src=\"https:\/\/sev-e.com\/wp-content\/uploads\/2025\/07\/plateforme-energie-543x470.jpg\" alt=\"\" class=\"img-fluid\">\t<\/div>\n\t<div class=\"col-12 col-lg-6 col-xl-7 d-flex align-items-center order-2 txt_bloc\">\n        <div class=\"content p-2 p-sm-5\">\n\t\t<h2>Casos de uso relacionados con la energ\u00eda<\/h2>\n<ul>\n<li>Subestaciones de alta y media tensi\u00f3n<\/li>\n<li>P\u00e9rdidas en l\u00edneas \/ Estado de los cables<\/li>\n<li>Robo de cables<\/li>\n<li>Lectura de contadores<\/li>\n<li>Armarios de alumbrado p\u00fablico<\/li>\n<li>Estado de funcionamiento<\/li>\n<li>Alertas de fallos<\/li>\n<li>An\u00e1lisis de producci\u00f3n\/consumo<\/li>\n<li>Distribuci\u00f3n de las energ\u00edas producidas<\/li>\n<li>Nivel de reserva<\/li>\n<li>Lectura de contadores<\/li>\n<\/ul>\n        <\/div>\n\t<\/div>\n<\/div>\n\n\n\n\n\n<div style=\"height:30px\" aria-hidden=\"true\" class=\"wp-block-spacer\"><\/div>\n\n\n\n\n<div id=\"block-hero-block_c3f5d816d7d26b3d4675bd3715fd1c94\" class=\"row columns_part  block-hero\">\n            <div class=\"col-12 col-sm-6 col-xl-3 p-3 text-center offset-lg-3\">\n            <div class=\"column\">\n                                <div class=\"txt text-start\">\n                    <p style=\"text-align: center;\">Alrededor de<br \/>\n<span style=\"color: #f0d18b; font-size: 300%; font-weight: bold;\">2 \u00e0 4%<\/span><br \/>\nde la producci\u00f3n mundial de gas natural se pierde cada a\u00f1o debido a fugas y quema, agravando las emisiones de metano (Fuente: Agencia Internacional de la Energ\u00eda).<\/p>\n                <\/div>\n            <\/div>\n        <\/div>\n            <div class=\"col-12 col-sm-6 col-xl-3 p-3 text-center \">\n            <div class=\"column\">\n                                <div class=\"txt text-start\">\n                    <p style=\"text-align: center;\"><span style=\"color: #f0d18b; font-size: 300%; font-weight: bold;\">30%<\/span><br \/>\nde la electricidad mundial se produce a partir de fuentes de energ\u00eda renovable (Fuente: Agencia Internacional de la Energ\u00eda).<\/p>\n                <\/div>\n            <\/div>\n        <\/div>\n    <\/div>\n\n\n\n\n<div style=\"height:100px\" aria-hidden=\"true\" class=\"wp-block-spacer\"><\/div>\n","protected":false},"excerpt":{"rendered":"","protected":false},"author":1,"featured_media":0,"parent":0,"menu_order":0,"comment_status":"closed","ping_status":"closed","template":"","meta":{"_acf_changed":false,"footnotes":""},"class_list":["post-1304","page","type-page","status-publish","hentry"],"acf":[],"_links":{"self":[{"href":"https:\/\/sev-e.com\/es\/wp-json\/wp\/v2\/pages\/1304","targetHints":{"allow":["GET"]}}],"collection":[{"href":"https:\/\/sev-e.com\/es\/wp-json\/wp\/v2\/pages"}],"about":[{"href":"https:\/\/sev-e.com\/es\/wp-json\/wp\/v2\/types\/page"}],"author":[{"embeddable":true,"href":"https:\/\/sev-e.com\/es\/wp-json\/wp\/v2\/users\/1"}],"replies":[{"embeddable":true,"href":"https:\/\/sev-e.com\/es\/wp-json\/wp\/v2\/comments?post=1304"}],"version-history":[{"count":3,"href":"https:\/\/sev-e.com\/es\/wp-json\/wp\/v2\/pages\/1304\/revisions"}],"predecessor-version":[{"id":2231,"href":"https:\/\/sev-e.com\/es\/wp-json\/wp\/v2\/pages\/1304\/revisions\/2231"}],"wp:attachment":[{"href":"https:\/\/sev-e.com\/es\/wp-json\/wp\/v2\/media?parent=1304"}],"curies":[{"name":"wp","href":"https:\/\/api.w.org\/{rel}","templated":true}]}}