{"id":1297,"date":"2025-05-19T10:14:48","date_gmt":"2025-05-19T08:14:48","guid":{"rendered":"https:\/\/sev-e.com\/?page_id=1297"},"modified":"2025-10-20T11:31:04","modified_gmt":"2025-10-20T09:31:04","slug":"medio-ambiente","status":"publish","type":"page","link":"https:\/\/sev-e.com\/es\/medio-ambiente\/","title":{"rendered":"Medio ambiente"},"content":{"rendered":"\n\n<div id=\"block-hero-block_a7cbac8730e9a85565a2474a1392d8d3\" class=\"row page_intro_part  block-hero\">\n    <div class=\"col-12 breadcrumb_part\">\n    <nav aria-label=\"breadcrumbs\" class=\"rank-math-breadcrumb\"><p><span class=\"last\">Inicio<\/span><\/p><\/nav>    <\/div>\n    <div class=\"col-12 col-xxl-8 offset-xxl-2\">\n        <h1 class=\"h1 blue\">Medio ambiente<\/h1>\n        <div class=\"desc\"><p>Contaminaci\u00f3n, residuos, ruidos, olores, presi\u00f3n, humedad\u2026 Analizar el medio ambiente es cuidar de quienes viven en \u00e9l. Haga de su territorio un lugar m\u00e1s seguro y saludable implementando una verdadera inteligencia ambienta en tiempo real.<\/p>\n<\/div>    <\/div>\n<\/div>\n\n\n\n\n<div style=\"height:50px\" aria-hidden=\"true\" class=\"wp-block-spacer\"><\/div>\n\n\n\n\n<div id=\"block-hero-block_fc0b6edceba6d536ba4439869b500291\" class=\"row columns_part  block-hero\">\n            <div class=\"col-12 col-sm-6 col-xl-3 p-3 text-center offset-lg-1\">\n            <div class=\"column\">\n                                <div class=\"img\">\n                    <img decoding=\"async\" src=\"https:\/\/sev-e.com\/wp-content\/uploads\/2025\/06\/Picto-11.png\" alt=\"\" class=\"img-fluid\">\n                <\/div>\n                                <div class=\"txt text-start\">\n                    <p><strong>Calidad del aire <\/strong><\/p>\n<p>Una inteligencia ambiental y situacional avanzada para actuar sobre la calidad del aire y la salud.<\/p>\n                <\/div>\n            <\/div>\n        <\/div>\n            <div class=\"col-12 col-sm-6 col-xl-3 p-3 text-center \">\n            <div class=\"column\">\n                                <div class=\"img\">\n                    <img decoding=\"async\" src=\"https:\/\/sev-e.com\/wp-content\/uploads\/2025\/06\/Picto-12.png\" alt=\"\" class=\"img-fluid\">\n                <\/div>\n                                <div class=\"txt text-start\">\n                    <p><strong>Gesti\u00f3n de residuos<\/strong><\/p>\n<p>Reduzca la huella ambiental humana, disminuya el volumen de basura, aumente las tasas de reciclaje y clasificaci\u00f3n, y limite la energ\u00eda necesaria para la recolecci\u00f3n de residuos.<\/p>\n                <\/div>\n            <\/div>\n        <\/div>\n            <div class=\"col-12 col-sm-6 col-xl-3 p-3 text-center \">\n            <div class=\"column\">\n                                <div class=\"img\">\n                    <img decoding=\"async\" src=\"https:\/\/sev-e.com\/wp-content\/uploads\/2025\/06\/Picto-13.png\" alt=\"\" class=\"img-fluid\">\n                <\/div>\n                                <div class=\"txt text-start\">\n                    <p><strong>Medio ambiente ac\u00fastico<\/strong><\/p>\n<p>Analice el entorno sonoro y controle los niveles de ruido para reducir las molestias asociadas.<\/p>\n                <\/div>\n            <\/div>\n        <\/div>\n    <\/div>\n\n\n\n\n<div style=\"height:50px\" aria-hidden=\"true\" class=\"wp-block-spacer\"><\/div>\n\n\n<div id=\"block-hero-block_d6e26352c564bf0f5b7b9131e036385a\" class=\"row txt_media_part left block-hero\">\n\t<div class=\"col-12 col-lg-6 col-xl-5 order-1 media_bloc d-lg-flex align-items-center\">\n\t\t<img decoding=\"async\" src=\"https:\/\/sev-e.com\/wp-content\/uploads\/2025\/07\/plateforme-environnement-543x470.jpg\" alt=\"\" class=\"img-fluid\">\t<\/div>\n\t<div class=\"col-12 col-lg-6 col-xl-7 d-flex align-items-center order-2 txt_bloc\">\n        <div class=\"content p-2 p-sm-5\">\n\t\t<h2>Casos de uso relacionados con el medio ambiente<\/h2>\n<ul>\n<li>Detecci\u00f3n de contaminantes<\/li>\n<li>Cuantificaci\u00f3n de part\u00edculas y al\u00e9rgenos<\/li>\n<li>Datos meteorol\u00f3gicos<\/li>\n<li>Detecci\u00f3n de riesgos sanitarios<\/li>\n<li>Seguimiento del nivel de olores<\/li>\n<li>Polen<\/li>\n<li>Nivel de llenado y alertas<\/li>\n<li>Detecci\u00f3n de objetos voluminosos y vertidos ilegales<\/li>\n<li>Gesti\u00f3n de residuos org\u00e1nicos<\/li>\n<li>Seguimiento del nivel de ruido<\/li>\n<\/ul>\n        <\/div>\n\t<\/div>\n<\/div>\n\n\n\n\n\n<div style=\"height:30px\" aria-hidden=\"true\" class=\"wp-block-spacer\"><\/div>\n\n\n\n\n<div id=\"block-hero-block_12337fe6585414a252b79d542fee634e\" class=\"row columns_part  block-hero\">\n            <div class=\"col-12 col-sm-6 col-xl-3 p-3 text-center offset-lg-3\">\n            <div class=\"column\">\n                                <div class=\"txt text-start\">\n                    <p style=\"text-align: center;\">El<\/p>\n<p style=\"text-align: center;\"><span style=\"color: #f0d18b; font-size: 300%; font-weight: bold;\">92%<\/span><br \/>\nde la poblaci\u00f3n mundial vive en lugares que superan las recomendaciones en materia de calidad del aire. (Fuente: Organizaci\u00f3n Mundial de la Salud)<\/p>\n                <\/div>\n            <\/div>\n        <\/div>\n            <div class=\"col-12 col-sm-6 col-xl-3 p-3 text-center \">\n            <div class=\"column\">\n                                <div class=\"txt text-start\">\n                    <p style=\"text-align: center;\">En 2020, el mundo gener\u00f3 aproximadamente<br \/>\n<span style=\"color: #f0d18b; font-size: 300%; font-weight: bold;\">2,01<\/span><br \/>\nmil millones de toneladas de residuos s\u00f3lidos municipales. (Fuente: Banco Mundial)<\/p>\n                <\/div>\n            <\/div>\n        <\/div>\n    <\/div>\n\n\n\n\n<div style=\"height:100px\" aria-hidden=\"true\" class=\"wp-block-spacer\"><\/div>\n","protected":false},"excerpt":{"rendered":"","protected":false},"author":1,"featured_media":0,"parent":0,"menu_order":0,"comment_status":"closed","ping_status":"closed","template":"","meta":{"_acf_changed":false,"footnotes":""},"class_list":["post-1297","page","type-page","status-publish","hentry"],"acf":[],"_links":{"self":[{"href":"https:\/\/sev-e.com\/es\/wp-json\/wp\/v2\/pages\/1297","targetHints":{"allow":["GET"]}}],"collection":[{"href":"https:\/\/sev-e.com\/es\/wp-json\/wp\/v2\/pages"}],"about":[{"href":"https:\/\/sev-e.com\/es\/wp-json\/wp\/v2\/types\/page"}],"author":[{"embeddable":true,"href":"https:\/\/sev-e.com\/es\/wp-json\/wp\/v2\/users\/1"}],"replies":[{"embeddable":true,"href":"https:\/\/sev-e.com\/es\/wp-json\/wp\/v2\/comments?post=1297"}],"version-history":[{"count":3,"href":"https:\/\/sev-e.com\/es\/wp-json\/wp\/v2\/pages\/1297\/revisions"}],"predecessor-version":[{"id":2218,"href":"https:\/\/sev-e.com\/es\/wp-json\/wp\/v2\/pages\/1297\/revisions\/2218"}],"wp:attachment":[{"href":"https:\/\/sev-e.com\/es\/wp-json\/wp\/v2\/media?parent=1297"}],"curies":[{"name":"wp","href":"https:\/\/api.w.org\/{rel}","templated":true}]}}