{"id":1288,"date":"2025-05-19T10:14:37","date_gmt":"2025-05-19T08:14:37","guid":{"rendered":"https:\/\/sev-e.com\/?page_id=1288"},"modified":"2025-10-20T11:25:36","modified_gmt":"2025-10-20T09:25:36","slug":"movilidad","status":"publish","type":"page","link":"https:\/\/sev-e.com\/es\/movilidad\/","title":{"rendered":"Movilidad"},"content":{"rendered":"\n\n<div id=\"block-hero-block_5f7c02122f5c06e0a25c6f9ee89547de\" class=\"row page_intro_part  block-hero\">\n    <div class=\"col-12 breadcrumb_part\">\n    <nav aria-label=\"breadcrumbs\" class=\"rank-math-breadcrumb\"><p><span class=\"last\">Inicio<\/span><\/p><\/nav>    <\/div>\n    <div class=\"col-12 col-xxl-8 offset-xxl-2\">\n        <h1 class=\"h1 blue\">Mobilit\u00e9<\/h1>\n        <div class=\"desc\"><p>La movilidad inteligente debe ser sostenible y utilizar todas las herramientas existentes para ofrecer una mejor experiencia a sus usuarios reduciendo el impacto ambiental. Satisface las necesidades individuales y colectivas de los usuarios en materia de accesibilidad, suave movilidad, aparcamiento, seguridad, etc. Es conectado, multimodal, verde, amable, entiende las cuestiones del tr\u00e1fico, se adapta a la ciudad y ofrece un fuerte valor a\u00f1adido a los usuarios.<\/p>\n<\/div>    <\/div>\n<\/div>\n\n\n\n\n<div style=\"height:50px\" aria-hidden=\"true\" class=\"wp-block-spacer\"><\/div>\n\n\n\n\n<div id=\"block-hero-block_b1f8edeb722ecac4a27cca14def2df00\" class=\"row columns_part  block-hero\">\n            <div class=\"col-12 col-sm-6 col-xl-3 p-3 text-center offset-lg-1\">\n            <div class=\"column\">\n                                <div class=\"img\">\n                    <img decoding=\"async\" src=\"https:\/\/sev-e.com\/wp-content\/uploads\/2025\/06\/Picto-8.png\" alt=\"\" class=\"img-fluid\">\n                <\/div>\n                                <div class=\"txt text-start\">\n                    <p><strong>Gesti\u00f3n del tr\u00e1fico <\/strong><\/p>\n<p>Utilice nuestra plataforma para anticipar riesgos y optimizar la circulaci\u00f3n. Analice los flujos de peatones y ciclistas para adaptar sus infraestructuras urbanas y fomentar una movilidad m\u00e1s fluida y diversificada.<\/p>\n                <\/div>\n            <\/div>\n        <\/div>\n            <div class=\"col-12 col-sm-6 col-xl-3 p-3 text-center \">\n            <div class=\"column\">\n                                <div class=\"img\">\n                    <img decoding=\"async\" src=\"https:\/\/sev-e.com\/wp-content\/uploads\/2025\/06\/Picto-9.png\" alt=\"\" class=\"img-fluid\">\n                <\/div>\n                                <div class=\"txt text-start\">\n                    <p><strong>Estacionamiento<\/strong><\/p>\n<p>Obtenga informaci\u00f3n precisa en tiempo real para asegurar una gesti\u00f3n \u00f3ptima de su parque de estacionamiento. Maximice los flujos de circulaci\u00f3n, reduzca la congesti\u00f3n y las emisiones de CO\u2082, mejorando al mismo tiempo la experiencia de los usuarios.<\/p>\n                <\/div>\n            <\/div>\n        <\/div>\n            <div class=\"col-12 col-sm-6 col-xl-3 p-3 text-center \">\n            <div class=\"column\">\n                                <div class=\"img\">\n                    <img decoding=\"async\" src=\"https:\/\/sev-e.com\/wp-content\/uploads\/2025\/06\/Picto-10.png\" alt=\"\" class=\"img-fluid\">\n                <\/div>\n                                <div class=\"txt text-start\">\n                    <p><strong>Gesti\u00f3n de infraestructuras<\/strong><\/p>\n<p>Con actualizaciones en tiempo real, mejore la seguridad vial mediante intervenciones r\u00e1pidas para mantener las v\u00edas en buen estado.<\/p>\n                <\/div>\n            <\/div>\n        <\/div>\n    <\/div>\n\n\n\n\n<div style=\"height:50px\" aria-hidden=\"true\" class=\"wp-block-spacer\"><\/div>\n\n\n<div id=\"block-hero-block_a32afe5ebe98d57afc263d08b164a6e9\" class=\"row txt_media_part left block-hero\">\n\t<div class=\"col-12 col-lg-6 col-xl-5 order-1 media_bloc d-lg-flex align-items-center\">\n\t\t<img decoding=\"async\" src=\"https:\/\/sev-e.com\/wp-content\/uploads\/2025\/07\/plateforme-mobilite-543x470.jpg\" alt=\"\" class=\"img-fluid\">\t<\/div>\n\t<div class=\"col-12 col-lg-6 col-xl-7 d-flex align-items-center order-2 txt_bloc\">\n        <div class=\"content p-2 p-sm-5\">\n\t\t<h2>Casos de uso relacionados con la movilidad<\/h2>\n<ul>\n<li>Detecci\u00f3n y conteo<\/li>\n<li>Estimaci\u00f3n de velocidad<\/li>\n<li>Monitorizaci\u00f3n de carriles bici<\/li>\n<li>Monitorizaci\u00f3n de filas de espera en sem\u00e1foros<\/li>\n<li>Detecci\u00f3n de atascos<\/li>\n<li>Alerta de veh\u00edculo en sentido contrario<\/li>\n<li>Clasificaci\u00f3n de veh\u00edculos por tipo<\/li>\n<li>Origen\/destino<\/li>\n<li>Gesti\u00f3n de paneles informativos y sem\u00e1foros (SLT)<\/li>\n<li>Detecci\u00f3n de plazas libres\/ocupadas<\/li>\n<li>Alerta por estacionamientos indebidos<\/li>\n<li>Tasa de ocupaci\u00f3n<\/li>\n<li>Monitorizaci\u00f3n de zonas de parada r\u00e1pida<\/li>\n<li>Estado de las carreteras<\/li>\n<li>Estaci\u00f3n conectada<\/li>\n<\/ul>\n        <\/div>\n\t<\/div>\n<\/div>\n\n\n\n\n\n<div style=\"height:30px\" aria-hidden=\"true\" class=\"wp-block-spacer\"><\/div>\n\n\n\n\n<div id=\"block-hero-block_5020cbe561146a36a6d14c5f4b1cd046\" class=\"row columns_part  block-hero\">\n            <div class=\"col-12 col-sm-6 col-xl-3 p-3 text-center offset-lg-3\">\n            <div class=\"column\">\n                                <div class=\"txt text-start\">\n                    <p style=\"text-align: center;\">El<\/p>\n<p style=\"text-align: center;\"><span style=\"color: #f0d18b; font-size: 300%; font-weight: bold;\">12,4%<\/span><br \/>\nde las emisiones de CO2 en el mundo proceden del transporte por carretera (Fuente: Instituto de Recursos Mundiales \u2013 WRI)<\/p>\n                <\/div>\n            <\/div>\n        <\/div>\n            <div class=\"col-12 col-sm-6 col-xl-3 p-3 text-center \">\n            <div class=\"column\">\n                                <div class=\"txt text-start\">\n                    <p style=\"text-align: center;\">El<\/p>\n<p style=\"text-align: center;\"><span style=\"color: #f0d18b; font-size: 300%; font-weight: bold;\">53%<\/span><br \/>\nde las victimas mortales de accidentes de tr\u00e1nsito son usuarios vulnerables de la via publica (Fuente: Organizaci\u00f3n Mundial de la Salud \u2013 WHO)<\/p>\n                <\/div>\n            <\/div>\n        <\/div>\n    <\/div>\n\n\n\n\n<div style=\"height:100px\" aria-hidden=\"true\" class=\"wp-block-spacer\"><\/div>\n","protected":false},"excerpt":{"rendered":"","protected":false},"author":1,"featured_media":0,"parent":0,"menu_order":0,"comment_status":"closed","ping_status":"closed","template":"","meta":{"_acf_changed":false,"footnotes":""},"class_list":["post-1288","page","type-page","status-publish","hentry"],"acf":[],"_links":{"self":[{"href":"https:\/\/sev-e.com\/es\/wp-json\/wp\/v2\/pages\/1288","targetHints":{"allow":["GET"]}}],"collection":[{"href":"https:\/\/sev-e.com\/es\/wp-json\/wp\/v2\/pages"}],"about":[{"href":"https:\/\/sev-e.com\/es\/wp-json\/wp\/v2\/types\/page"}],"author":[{"embeddable":true,"href":"https:\/\/sev-e.com\/es\/wp-json\/wp\/v2\/users\/1"}],"replies":[{"embeddable":true,"href":"https:\/\/sev-e.com\/es\/wp-json\/wp\/v2\/comments?post=1288"}],"version-history":[{"count":4,"href":"https:\/\/sev-e.com\/es\/wp-json\/wp\/v2\/pages\/1288\/revisions"}],"predecessor-version":[{"id":2208,"href":"https:\/\/sev-e.com\/es\/wp-json\/wp\/v2\/pages\/1288\/revisions\/2208"}],"wp:attachment":[{"href":"https:\/\/sev-e.com\/es\/wp-json\/wp\/v2\/media?parent=1288"}],"curies":[{"name":"wp","href":"https:\/\/api.w.org\/{rel}","templated":true}]}}