{"id":1281,"date":"2025-05-19T10:14:27","date_gmt":"2025-05-19T08:14:27","guid":{"rendered":"https:\/\/sev-e.com\/?page_id=1281"},"modified":"2025-10-20T11:17:19","modified_gmt":"2025-10-20T09:17:19","slug":"agua","status":"publish","type":"page","link":"https:\/\/sev-e.com\/es\/agua\/","title":{"rendered":"Agua"},"content":{"rendered":"\n\n<div id=\"block-hero-block_1fcf580dc7d06df801ef85cbfab3dd00\" class=\"row page_intro_part  block-hero\">\n    <div class=\"col-12 breadcrumb_part\">\n    <nav aria-label=\"breadcrumbs\" class=\"rank-math-breadcrumb\"><p><span class=\"last\">Inicio<\/span><\/p><\/nav>    <\/div>\n    <div class=\"col-12 col-xxl-8 offset-xxl-2\">\n        <h1 class=\"h1 blue\">Agua<\/h1>\n        <div class=\"desc\"><p>Si bien las necesidades mundiales de agua siguen aumentando, el recurso est\u00e1 disminuyendo. Preservar la cantidad y calidad de este recurso, que se ha vuelto demasiado escaso, es un gran desaf\u00edo. La ciudad inteligente de ma\u00f1ana lograr\u00e1 combinar una planificaci\u00f3n urbana eco responsable, una gesti\u00f3n inteligente de los recursos y buena calidad de vida para sus ciudadanos.<\/p>\n<\/div>    <\/div>\n<\/div>\n\n\n\n\n<div style=\"height:50px\" aria-hidden=\"true\" class=\"wp-block-spacer\"><\/div>\n\n\n\n\n<div id=\"block-hero-block_47efd0b96ad7487a19c6be9ac5420bac\" class=\"row columns_part  block-hero\">\n            <div class=\"col-12 col-sm-6 col-xl-3 p-3 text-center offset-lg-1\">\n            <div class=\"column\">\n                                <div class=\"img\">\n                    <img decoding=\"async\" src=\"https:\/\/sev-e.com\/wp-content\/uploads\/2025\/06\/Picto-5.png\" alt=\"\" class=\"img-fluid\">\n                <\/div>\n                                <div class=\"txt text-start\">\n                    <p><strong>Supervisi\u00f3n de la red<\/strong><\/p>\n<p>De un vistazo, detecte fugas, mida el caudal y automatice la gesti\u00f3n de las v\u00e1lvulas para un control proactivo y eficiente de su red.<\/p>\n                <\/div>\n            <\/div>\n        <\/div>\n            <div class=\"col-12 col-sm-6 col-xl-3 p-3 text-center \">\n            <div class=\"column\">\n                                <div class=\"img\">\n                    <img decoding=\"async\" src=\"https:\/\/sev-e.com\/wp-content\/uploads\/2025\/06\/Picto-6.png\" alt=\"\" class=\"img-fluid\">\n                <\/div>\n                                <div class=\"txt text-start\">\n                    <p><strong>Riego <\/strong><\/p>\n<p>Programaci\u00f3n autom\u00e1tica de ciclos, monitorizaci\u00f3n en tiempo real de las condiciones meteorol\u00f3gicas y del suelo, u optimizaci\u00f3n del consumo de agua. SEV\u24d4 le garantiza un riego eficaz preservando los recursos.<\/p>\n                <\/div>\n            <\/div>\n        <\/div>\n            <div class=\"col-12 col-sm-6 col-xl-3 p-3 text-center \">\n            <div class=\"column\">\n                                <div class=\"img\">\n                    <img decoding=\"async\" src=\"https:\/\/sev-e.com\/wp-content\/uploads\/2025\/06\/Picto-7.png\" alt=\"\" class=\"img-fluid\">\n                <\/div>\n                                <div class=\"txt text-start\">\n                    <p><strong>Vigilancia<\/strong><\/p>\n<p>Controle la calidad del agua, eval\u00fae riesgos de sequ\u00eda o inundaci\u00f3n, y supervise el nivel de llenado de los tanques para asegurar una gesti\u00f3n segura de los recursos h\u00eddricos y las infraestructuras asociadas.<\/p>\n                <\/div>\n            <\/div>\n        <\/div>\n    <\/div>\n\n\n\n\n<div style=\"height:50px\" aria-hidden=\"true\" class=\"wp-block-spacer\"><\/div>\n\n\n<div id=\"block-hero-block_5244b1f184ec0432bf36d0fa94fc4212\" class=\"row txt_media_part left block-hero\">\n\t<div class=\"col-12 col-lg-6 col-xl-5 order-1 media_bloc d-lg-flex align-items-center\">\n\t\t<img decoding=\"async\" src=\"https:\/\/sev-e.com\/wp-content\/uploads\/2025\/07\/plateforme-eau-543x470.jpg\" alt=\"\" class=\"img-fluid\">\t<\/div>\n\t<div class=\"col-12 col-lg-6 col-xl-7 d-flex align-items-center order-2 txt_bloc\">\n        <div class=\"content p-2 p-sm-5\">\n\t\t<h2>Casos de uso relacionados con el agua<\/h2>\n<ul>\n<li>Lectura remota de contadores<\/li>\n<li>An\u00e1lisis de consumo<\/li>\n<li>Detecci\u00f3n de fugas<\/li>\n<li>Medici\u00f3n del caudal<\/li>\n<li>Apertura\/cierre de v\u00e1lvulas<\/li>\n<li>Datos meteorol\u00f3gicos<\/li>\n<li>Tasa de humedad<\/li>\n<li>Calidad del agua<\/li>\n<li>Nivel de llenado<\/li>\n<li>Evaluaci\u00f3n de riesgos<\/li>\n<li>Bocas de incendio<\/li>\n<\/ul>\n        <\/div>\n\t<\/div>\n<\/div>\n\n\n\n\n\n<div style=\"height:30px\" aria-hidden=\"true\" class=\"wp-block-spacer\"><\/div>\n\n\n\n\n<div id=\"block-hero-block_24aa392b1dca7c1f708feb6038c7817a\" class=\"row columns_part  block-hero\">\n            <div class=\"col-12 col-sm-6 col-xl-3 p-3 text-center offset-lg-3\">\n            <div class=\"column\">\n                                <div class=\"txt text-start\">\n                    <p style=\"text-align: center;\">En Francia, el<br \/>\n<span style=\"color: #f0d18b; font-size: 300%; font-weight: bold;\">20%<\/span><br \/>\ndel agua potable se escapa a trav\u00e9s de fugas en la red (Fuente: Observatorio de Servicios de Agua y Saneamiento)<\/p>\n                <\/div>\n            <\/div>\n        <\/div>\n            <div class=\"col-12 col-sm-6 col-xl-3 p-3 text-center \">\n            <div class=\"column\">\n                                <div class=\"txt text-start\">\n                    <p style=\"text-align: center;\">El<\/p>\n<p style=\"text-align: center;\"><span style=\"color: #f0d18b; font-size: 300%; font-weight: bold;\">48%<\/span><br \/>\ndel territorio franc\u00e9s est\u00e1 expuesto al riesgo de sequ\u00eda (Fuente: Bureau de Recherches G\u00e9ologiques et Mini\u00e8res)<\/p>\n                <\/div>\n            <\/div>\n        <\/div>\n    <\/div>\n\n\n\n\n<div style=\"height:100px\" aria-hidden=\"true\" class=\"wp-block-spacer\"><\/div>\n","protected":false},"excerpt":{"rendered":"","protected":false},"author":1,"featured_media":0,"parent":0,"menu_order":0,"comment_status":"closed","ping_status":"closed","template":"","meta":{"_acf_changed":false,"footnotes":""},"class_list":["post-1281","page","type-page","status-publish","hentry"],"acf":[],"_links":{"self":[{"href":"https:\/\/sev-e.com\/es\/wp-json\/wp\/v2\/pages\/1281","targetHints":{"allow":["GET"]}}],"collection":[{"href":"https:\/\/sev-e.com\/es\/wp-json\/wp\/v2\/pages"}],"about":[{"href":"https:\/\/sev-e.com\/es\/wp-json\/wp\/v2\/types\/page"}],"author":[{"embeddable":true,"href":"https:\/\/sev-e.com\/es\/wp-json\/wp\/v2\/users\/1"}],"replies":[{"embeddable":true,"href":"https:\/\/sev-e.com\/es\/wp-json\/wp\/v2\/comments?post=1281"}],"version-history":[{"count":4,"href":"https:\/\/sev-e.com\/es\/wp-json\/wp\/v2\/pages\/1281\/revisions"}],"predecessor-version":[{"id":2196,"href":"https:\/\/sev-e.com\/es\/wp-json\/wp\/v2\/pages\/1281\/revisions\/2196"}],"wp:attachment":[{"href":"https:\/\/sev-e.com\/es\/wp-json\/wp\/v2\/media?parent=1281"}],"curies":[{"name":"wp","href":"https:\/\/api.w.org\/{rel}","templated":true}]}}