{"id":1268,"date":"2025-05-19T10:14:16","date_gmt":"2025-05-19T08:14:16","guid":{"rendered":"https:\/\/sev-e.com\/?page_id=1268"},"modified":"2025-10-20T11:11:19","modified_gmt":"2025-10-20T09:11:19","slug":"iluminacion","status":"publish","type":"page","link":"https:\/\/sev-e.com\/es\/iluminacion\/","title":{"rendered":"Iluminaci\u00f3n"},"content":{"rendered":"\n\n<div id=\"block-hero-block_142c5942483d442b1da222b400155d79\" class=\"row page_intro_part  block-hero\">\n    <div class=\"col-12 breadcrumb_part\">\n    <nav aria-label=\"breadcrumbs\" class=\"rank-math-breadcrumb\"><p><span class=\"last\">Inicio<\/span><\/p><\/nav>    <\/div>\n    <div class=\"col-12 col-xxl-8 offset-xxl-2\">\n        <h1 class=\"h1 blue\">Iluminaci\u00f3n <\/h1>\n        <div class=\"desc\"><p>La iluminaci\u00f3n p\u00fablica est\u00e1 en el centro del desaf\u00edo de la sobriedad energ\u00e9tica. Un enfoque central para las autoridades locales es la eficiencia y optimizaci\u00f3n de su iluminaci\u00f3n, y un componente clave de sus transiciones econ\u00f3micas y ambientales. Como herramienta vital en la optimizaci\u00f3n de recursos, utilizamos tecnolog\u00edas que garantizan una gesti\u00f3n justa y adecuada en interacci\u00f3n con el usuario.<\/p>\n<\/div>    <\/div>\n<\/div>\n\n\n\n\n<div style=\"height:50px\" aria-hidden=\"true\" class=\"wp-block-spacer\"><\/div>\n\n\n\n\n<div id=\"block-hero-block_acb3ebdde539810e9e8d7728e591f2cf\" class=\"row columns_part  block-hero\">\n            <div class=\"col-12 col-sm-6 col-xl-3 p-3 text-center \">\n            <div class=\"column\">\n                                <div class=\"img\">\n                    <img decoding=\"async\" src=\"https:\/\/sev-e.com\/wp-content\/uploads\/2025\/06\/Picto-1.png\" alt=\"\" class=\"img-fluid\">\n                <\/div>\n                                <div class=\"txt text-start\">\n                    <p><strong>Gesti\u00f3n <\/strong><\/p>\n<p><strong><!-- \/wp:paragraph --> <!-- wp:paragraph --><\/strong><\/p>\n<p>Supervisa f\u00e1cilmente toda tu infraestructura de iluminaci\u00f3n gracias a la plataforma SEV\u24d4 Connect. Su editor de perfiles intuitivo simplifica y acelera la creaci\u00f3n, ofreci\u00e9ndote una precisi\u00f3n \u00f3ptima. Gestiona todos los aspectos de tu iluminaci\u00f3n desde un panel de control centralizado y escalable.<\/p>\n                <\/div>\n            <\/div>\n        <\/div>\n            <div class=\"col-12 col-sm-6 col-xl-3 p-3 text-center \">\n            <div class=\"column\">\n                                <div class=\"img\">\n                    <img decoding=\"async\" src=\"https:\/\/sev-e.com\/wp-content\/uploads\/2025\/06\/Picto-2.png\" alt=\"\" class=\"img-fluid\">\n                <\/div>\n                                <div class=\"txt text-start\">\n                    <p><strong>Programaci\u00f3n<\/strong><\/p>\n<p>Adapta la iluminaci\u00f3n de tu ciudad seg\u00fan la hora, la estaci\u00f3n o eventos puntuales. Activa la iluminaci\u00f3n instant\u00e1neamente en caso de incidente o red\u00facela cuando las calles est\u00e9n tranquilas. Integra sensores de movimiento o crea ambientes festivos para Navidad. \u00a1Todo esto con solo unos clics!<\/p>\n                <\/div>\n            <\/div>\n        <\/div>\n            <div class=\"col-12 col-sm-6 col-xl-3 p-3 text-center \">\n            <div class=\"column\">\n                                <div class=\"img\">\n                    <img decoding=\"async\" src=\"https:\/\/sev-e.com\/wp-content\/uploads\/2025\/06\/Picto-3.png\" alt=\"\" class=\"img-fluid\">\n                <\/div>\n                                <div class=\"txt text-start\">\n                    <p><strong>Supervisi\u00f3n <\/strong><\/p>\n<p>Recibe alertas instant\u00e1neas en caso de problema y act\u00faa r\u00e1pidamente para minimizar interrupciones. El sistema recoge en tiempo real los datos de los sensores instalados en las luminarias y armarios, garantizando una vigilancia continua, reparaciones eficaces y una operaci\u00f3n optimizada.<\/p>\n                <\/div>\n            <\/div>\n        <\/div>\n            <div class=\"col-12 col-sm-6 col-xl-3 p-3 text-center \">\n            <div class=\"column\">\n                                <div class=\"img\">\n                    <img decoding=\"async\" src=\"https:\/\/sev-e.com\/wp-content\/uploads\/2025\/06\/Picto-4.png\" alt=\"\" class=\"img-fluid\">\n                <\/div>\n                                <div class=\"txt text-start\">\n                    <p><strong>Optimizaci\u00f3n <\/strong><\/p>\n<p>Con la experiencia de nuestros equipos y la plataforma SEV\u24d4 Connect, \u00a1cada proyecto se beneficia de una optimizaci\u00f3n energ\u00e9tica a medida! Reduce tus emisiones de CO\u2082, disminuye tu consumo energ\u00e9tico y sus costos, y alcanza tus objetivos de sostenibilidad.<\/p>\n                <\/div>\n            <\/div>\n        <\/div>\n    <\/div>\n\n\n\n\n<div style=\"height:50px\" aria-hidden=\"true\" class=\"wp-block-spacer\"><\/div>\n\n\n<div id=\"block-hero-block_35e28eab2c53c6adef215f693a72e6d7\" class=\"row txt_media_part left block-hero\">\n\t<div class=\"col-12 col-lg-6 col-xl-5 order-1 media_bloc d-lg-flex align-items-center\">\n\t\t<img decoding=\"async\" src=\"https:\/\/sev-e.com\/wp-content\/uploads\/2025\/07\/plateforme-eclairage-543x470.jpg\" alt=\"\" class=\"img-fluid\">\t<\/div>\n\t<div class=\"col-12 col-lg-6 col-xl-7 d-flex align-items-center order-2 txt_bloc\">\n        <div class=\"content p-2 p-sm-5\">\n\t\t<h2>Casos de uso relacionados con la iluminaci\u00f3n<\/h2>\n<ul>\n<li>Control en el armario o en el punto de luz<\/li>\n<li>Geolocalizaci\u00f3n<\/li>\n<li>Gesti\u00f3n de emergencias<\/li>\n<li>Perfiles personalizados de luminosidad<\/li>\n<li>Gesti\u00f3n de luminarias solares y paneles fotovoltaicos<\/li>\n<li>Gesti\u00f3n de semanas tipo y excepciones<\/li>\n<li>Efem\u00e9rides y calendarios<\/li>\n<li>Informaci\u00f3n de funcionamiento<\/li>\n<li>Inventario en caso de fallo<\/li>\n<li>Gesti\u00f3n de alertas y notificaciones<\/li>\n<li>An\u00e1lisis de desempe\u00f1o<\/li>\n<li>Mantenimiento preventivo<\/li>\n<li>Diagn\u00f3stico de aver\u00edas<\/li>\n<li>Iluminaci\u00f3n din\u00e1mica y adaptativa<\/li>\n<li>Variaci\u00f3n de temperaturas de color<\/li>\n<\/ul>\n        <\/div>\n\t<\/div>\n<\/div>\n\n\n\n\n\n<div style=\"height:30px\" aria-hidden=\"true\" class=\"wp-block-spacer\"><\/div>\n\n\n\n\n<div id=\"block-hero-block_0597a799c9fc7ff91d34985dc6ae4a67\" class=\"row columns_part  block-hero\">\n            <div class=\"col-12 col-sm-6 col-xl-3 p-3 text-center offset-lg-3\">\n            <div class=\"column\">\n                                <div class=\"txt text-start\">\n                    <p style=\"text-align: center;\">Hasta un ahorro energ\u00e9tico del<br \/>\n<span style=\"color: #f0d18b; font-size: 300%; font-weight: bold;\">80%<\/span><\/p>\n                <\/div>\n            <\/div>\n        <\/div>\n            <div class=\"col-12 col-sm-6 col-xl-3 p-3 text-center \">\n            <div class=\"column\">\n                                <div class=\"txt text-start\">\n                    <p style=\"text-align: center;\">M\u00e1s del<br \/>\n<span style=\"color: #f0d18b; font-size: 300%; font-weight: bold;\">80%<\/span><br \/>\ndel planeta est\u00e1 afectado por la contaminaci\u00f3n lum\u00ednica (fuente: Atlas mundial de la luminosidad artificial)<\/p>\n                <\/div>\n            <\/div>\n        <\/div>\n    <\/div>\n\n\n\n\n<div style=\"height:100px\" aria-hidden=\"true\" class=\"wp-block-spacer\"><\/div>\n\n\n<div class=\"row content\"><div class=\"col-12 paragraph col-xl-10 offset-xl-1\">\n<p><\/p>\n<\/div><\/div>","protected":false},"excerpt":{"rendered":"","protected":false},"author":1,"featured_media":0,"parent":0,"menu_order":0,"comment_status":"closed","ping_status":"closed","template":"","meta":{"_acf_changed":false,"footnotes":""},"class_list":["post-1268","page","type-page","status-publish","hentry"],"acf":[],"_links":{"self":[{"href":"https:\/\/sev-e.com\/es\/wp-json\/wp\/v2\/pages\/1268","targetHints":{"allow":["GET"]}}],"collection":[{"href":"https:\/\/sev-e.com\/es\/wp-json\/wp\/v2\/pages"}],"about":[{"href":"https:\/\/sev-e.com\/es\/wp-json\/wp\/v2\/types\/page"}],"author":[{"embeddable":true,"href":"https:\/\/sev-e.com\/es\/wp-json\/wp\/v2\/users\/1"}],"replies":[{"embeddable":true,"href":"https:\/\/sev-e.com\/es\/wp-json\/wp\/v2\/comments?post=1268"}],"version-history":[{"count":7,"href":"https:\/\/sev-e.com\/es\/wp-json\/wp\/v2\/pages\/1268\/revisions"}],"predecessor-version":[{"id":2187,"href":"https:\/\/sev-e.com\/es\/wp-json\/wp\/v2\/pages\/1268\/revisions\/2187"}],"wp:attachment":[{"href":"https:\/\/sev-e.com\/es\/wp-json\/wp\/v2\/media?parent=1268"}],"curies":[{"name":"wp","href":"https:\/\/api.w.org\/{rel}","templated":true}]}}