{"id":1252,"date":"2025-05-19T10:16:39","date_gmt":"2025-05-19T08:16:39","guid":{"rendered":"https:\/\/sev-e.com\/?page_id=1252"},"modified":"2025-09-26T15:45:39","modified_gmt":"2025-09-26T13:45:39","slug":"el-medio-ambiente-nuestro-adn","status":"publish","type":"page","link":"https:\/\/sev-e.com\/es\/el-medio-ambiente-nuestro-adn\/","title":{"rendered":"El medio ambiente, nuestro ADN"},"content":{"rendered":"\n\n<div id=\"block-hero-block_66bc4bf7122a04cc519e904cd003260c\" class=\"row page_intro_part  block-hero\">\n    <div class=\"col-12 breadcrumb_part\">\n    <nav aria-label=\"breadcrumbs\" class=\"rank-math-breadcrumb\"><p><span class=\"last\">Inicio<\/span><\/p><\/nav>    <\/div>\n    <div class=\"col-12 col-xxl-8 offset-xxl-2\">\n        <h1 class=\"h1 blue\">El medio ambiente, nuestro ADN<\/h1>\n            <\/div>\n<\/div>\n\n\n\n\n<div style=\"height:50px\" aria-hidden=\"true\" class=\"wp-block-spacer\"><\/div>\n\n\n<div class=\"wp-block-image\">\n<figure class=\"aligncenter size-large is-resized\"><img decoding=\"async\" width=\"1017\" height=\"1024\" src=\"https:\/\/sev-e.com\/wp-content\/uploads\/2025\/08\/Image-5-ES-1017x1024.png\" alt=\"\" class=\"wp-image-1253\" style=\"width:800px\" srcset=\"https:\/\/sev-e.com\/wp-content\/uploads\/2025\/08\/Image-5-ES-1017x1024.png 1017w, https:\/\/sev-e.com\/wp-content\/uploads\/2025\/08\/Image-5-ES-298x300.png 298w, https:\/\/sev-e.com\/wp-content\/uploads\/2025\/08\/Image-5-ES-150x150.png 150w, https:\/\/sev-e.com\/wp-content\/uploads\/2025\/08\/Image-5-ES-768x774.png 768w, https:\/\/sev-e.com\/wp-content\/uploads\/2025\/08\/Image-5-ES-1525x1536.png 1525w, https:\/\/sev-e.com\/wp-content\/uploads\/2025\/08\/Image-5-ES-2033x2048.png 2033w, https:\/\/sev-e.com\/wp-content\/uploads\/2025\/08\/Image-5-ES.png 1886w, https:\/\/sev-e.com\/wp-content\/uploads\/2025\/08\/Image-5-ES-1310x1320.png 1310w, https:\/\/sev-e.com\/wp-content\/uploads\/2025\/08\/Image-5-ES-983x990.png 983w, https:\/\/sev-e.com\/wp-content\/uploads\/2025\/08\/Image-5-ES-655x660.png 655w, https:\/\/sev-e.com\/wp-content\/uploads\/2025\/08\/Image-5-ES-447x450.png 447w, https:\/\/sev-e.com\/wp-content\/uploads\/2025\/08\/Image-5-ES-328x330.png 328w, https:\/\/sev-e.com\/wp-content\/uploads\/2025\/08\/Image-5-ES-180x180.png 180w, https:\/\/sev-e.com\/wp-content\/uploads\/2025\/08\/Image-5-ES-467x470.png 467w, https:\/\/sev-e.com\/wp-content\/uploads\/2025\/08\/Image-5-ES-250x252.png 250w\" sizes=\"(max-width: 1017px) 100vw, 1017px\" \/><\/figure>\n<\/div>\n\n\n<div style=\"height:50px\" aria-hidden=\"true\" class=\"wp-block-spacer\"><\/div>\n\n\n<div class=\"row content\"><div class=\"col-12 paragraph col-xl-10 offset-xl-1\">\n<p>En SEV\u24d4, creemos firmemente que la responsabilidad social y ambiental no es una simple iniciativa, sino una verdadera misi\u00f3n que gu\u00eda todas nuestras acciones. Como empresa con misi\u00f3n, nuestra raz\u00f3n de ser es favorecer las transiciones ambiental, digital y social de los territorios, proporcion\u00e1ndoles acceso a tecnolog\u00edas inteligentes y responsables.<\/p>\n<\/div><\/div>\n\n<div class=\"row content\"><div class=\"col-12 paragraph col-xl-10 offset-xl-1\">\n<p>Como empresa comprometida, nos enorgullece apoyar los Objetivos de Desarrollo Sostenible (ODS) y contar con la certificaci\u00f3n \u00abEmpresa comprometida con la naturaleza\u00bb otorgada por la Oficina Francesa de la Biodiversidad (OFB).<\/p>\n<\/div><\/div>\n\n\n<div class=\"wp-block-columns is-layout-flex wp-container-core-columns-is-layout-9d6595d7 wp-block-columns-is-layout-flex\">\n<div class=\"wp-block-column is-layout-flow wp-block-column-is-layout-flow\"><div class=\"wp-block-image\">\n<figure class=\"alignright size-full is-resized\"><a href=\"https:\/\/www.observatoiredessocietesamission.com\/\" target=\"_blank\" rel=\" noreferrer noopener\"><img decoding=\"async\" width=\"337\" height=\"338\" src=\"https:\/\/sev-e.com\/wp-content\/uploads\/2025\/07\/logo-entreprise-a-mission.jpg\" alt=\"\" class=\"wp-image-943\" style=\"width:150px\" srcset=\"https:\/\/sev-e.com\/wp-content\/uploads\/2025\/07\/logo-entreprise-a-mission.jpg 337w, https:\/\/sev-e.com\/wp-content\/uploads\/2025\/07\/logo-entreprise-a-mission-300x300.jpg 300w, https:\/\/sev-e.com\/wp-content\/uploads\/2025\/07\/logo-entreprise-a-mission-150x150.jpg 150w, https:\/\/sev-e.com\/wp-content\/uploads\/2025\/07\/logo-entreprise-a-mission-330x330.jpg 330w, https:\/\/sev-e.com\/wp-content\/uploads\/2025\/07\/logo-entreprise-a-mission-180x180.jpg 180w, https:\/\/sev-e.com\/wp-content\/uploads\/2025\/07\/logo-entreprise-a-mission-251x252.jpg 251w\" sizes=\"(max-width: 337px) 100vw, 337px\" \/><\/a><\/figure>\n<\/div><\/div>\n\n\n\n<div class=\"wp-block-column is-layout-flow wp-block-column-is-layout-flow\"><div class=\"wp-block-image\">\n<figure class=\"alignleft size-full is-resized\"><a href=\"https:\/\/engagespourlanature.ofb.fr\/entreprises\" target=\"_blank\" rel=\" noreferrer noopener\"><img decoding=\"async\" width=\"337\" height=\"338\" src=\"https:\/\/sev-e.com\/wp-content\/uploads\/2025\/06\/entreprise-engagee-logo-1.png\" alt=\"\" class=\"wp-image-840\" style=\"width:150px\" srcset=\"https:\/\/sev-e.com\/wp-content\/uploads\/2025\/06\/entreprise-engagee-logo-1.png 337w, https:\/\/sev-e.com\/wp-content\/uploads\/2025\/06\/entreprise-engagee-logo-1-300x300.png 300w, https:\/\/sev-e.com\/wp-content\/uploads\/2025\/06\/entreprise-engagee-logo-1-150x150.png 150w, https:\/\/sev-e.com\/wp-content\/uploads\/2025\/06\/entreprise-engagee-logo-1-330x330.png 330w, https:\/\/sev-e.com\/wp-content\/uploads\/2025\/06\/entreprise-engagee-logo-1-180x180.png 180w, https:\/\/sev-e.com\/wp-content\/uploads\/2025\/06\/entreprise-engagee-logo-1-251x252.png 251w\" sizes=\"(max-width: 337px) 100vw, 337px\" \/><\/a><\/figure>\n<\/div><\/div>\n<\/div>\n\n\n\n<div style=\"height:50px\" aria-hidden=\"true\" class=\"wp-block-spacer\"><\/div>\n\n\n<div class=\"row content\"><div class=\"col-12 heading col-xl-10 offset-xl-1\">\n<h2 class=\"wp-block-heading\">Movilizar la inteligencia colectiva<\/h2>\n<\/div><\/div>\n\n<div class=\"row content\"><div class=\"col-12 paragraph col-xl-10 offset-xl-1\">\n<p>Aqu\u00ed, cada voz cuenta y cada idea puede hacer la diferencia. Impulsados por una fuerte cohesi\u00f3n y un deseo de hacer bien las cosas, avanzamos juntos hacia una pol\u00edtica RSE exigente, en sinton\u00eda con los retos ecol\u00f3gicos y sociales de hoy.<\/p>\n<\/div><\/div>\n\n\n<div style=\"height:50px\" aria-hidden=\"true\" class=\"wp-block-spacer\"><\/div>\n\n\n<div class=\"row content\"><div class=\"col-12 heading col-xl-10 offset-xl-1\">\n<h2 class=\"wp-block-heading\">Cuatro misiones fundamentales para un impacto global<\/h2>\n<\/div><\/div>\n\n\n\n<div id=\"block-hero-block_b5a97ad80661b8028c2a8395abfda042\" class=\"row project_bloc_part  block-hero\">\n                <div class=\"col-12 col-md-6 col-lg-3 p-lg-3 p-xl-4 p-xxl-5 mb-5 mb-lg-2 px-4 px-xl-2 text-center\">\n            <div class=\"bloc\">\n                                <p class=\"title blue text-start\">Ambiental<\/p>\n                <div class=\"txt text-start\">\n                    <p>Reducir nuestro impacto ambiental implementando soluciones sostenibles e innovadoras.<\/p>\n                <\/div>\n            <\/div>\n        <\/div>\n            <div class=\"col-12 col-md-6 col-lg-3 p-lg-3 p-xl-4 p-xxl-5 mb-5 mb-lg-2 px-4 px-xl-2 text-center\">\n            <div class=\"bloc\">\n                                <p class=\"title blue text-start\">Social<\/p>\n                <div class=\"txt text-start\">\n                    <p>Fortalecer nuestro impacto positivo en las comunidades locales fomentando iniciativas inclusivas que apoyen el bienestar colectivo y la calidad de vida de los ciudadanos.<\/p>\n                <\/div>\n            <\/div>\n        <\/div>\n            <div class=\"col-12 col-md-6 col-lg-3 p-lg-3 p-xl-4 p-xxl-5 mb-5 mb-lg-2 px-4 px-xl-2 text-center\">\n            <div class=\"bloc\">\n                                <p class=\"title blue text-start\">Laboral<\/p>\n                <div class=\"txt text-start\">\n                    <p>Promover un entorno de trabajo inclusivo y respetuoso, centrado en el desarrollo personal y profesional de cada persona.<\/p>\n                <\/div>\n            <\/div>\n        <\/div>\n            <div class=\"col-12 col-md-6 col-lg-3 p-lg-3 p-xl-4 p-xxl-5 mb-5 mb-lg-2 px-4 px-xl-2 text-center\">\n            <div class=\"bloc\">\n                                <p class=\"title blue text-start\">Econ\u00f3mico<\/p>\n                <div class=\"txt text-start\">\n                    <p>Crear valor de manera responsable, equilibrando la rentabilidad con el respeto a nuestros valores \u00e9ticos y de sostenibilidad.<\/p>\n                <\/div>\n            <\/div>\n        <\/div>\n    <\/div>\n\n\n\n\n<div style=\"height:50px\" aria-hidden=\"true\" class=\"wp-block-spacer\"><\/div>\n\n\n<div class=\"row content\"><div class=\"col-12 heading col-xl-10 offset-xl-1\">\n<h2 class=\"wp-block-heading\">Un compromiso con el futuro<\/h2>\n<\/div><\/div>\n\n<div class=\"row content\"><div class=\"col-12 paragraph col-xl-10 offset-xl-1\">\n<p>En los \u00faltimos a\u00f1os, hemos lanzado numerosos proyectos. Sin embargo, esto representa solo el comienzo de un camino que seguiremos trazando con determinaci\u00f3n, trabajando mano a mano con nuestros socios y clientes para crear territorios responsables, sostenibles y humanos.<\/p>\n<\/div><\/div>\n\n<div class=\"row content\"><div class=\"col-12 paragraph col-xl-10 offset-xl-1\">\n<p>Estamos convencidos de que cada peque\u00f1o gesto cuenta y que, juntos, podemos tener un impacto real en nuestro entorno y sociedad. Nuestra pol\u00edtica RSE es un viaje en constante evoluci\u00f3n, donde cada paso nos acerca a un futuro m\u00e1s sostenible y justo.<\/p>\n<\/div><\/div>\n\n\n<div style=\"height:50px\" aria-hidden=\"true\" class=\"wp-block-spacer\"><\/div>\n\n\n<div class=\"row content\"><div class=\"col-12 buttons col-xl-10 offset-xl-1\">\n<div class=\"wp-block-buttons is-layout-flex wp-block-buttons-is-layout-flex\"><div class=\"wp-block-button\"><a class=\"wp-block-button__link wp-element-button\" href=\"https:\/\/sev-e.com\/es\/document\/informe-de-mision-2024\/\"><span>Ver el informe de misi\u00f3n 2024<\/span><\/a><\/div><\/div>\n<\/div><\/div>\n\n\n<div style=\"height:100px\" aria-hidden=\"true\" class=\"wp-block-spacer\"><\/div>\n","protected":false},"excerpt":{"rendered":"<p>En SEV\u24d4, creemos firmemente que la responsabilidad social y ambiental no es una simple iniciativa, sino una verdadera misi\u00f3n que gu\u00eda todas nuestras acciones. Como empresa con misi\u00f3n, nuestra raz\u00f3n de ser es favorecer las transiciones ambiental, digital y social de los territorios, proporcion\u00e1ndoles acceso a tecnolog\u00edas inteligentes y responsables. Como empresa comprometida, nos enorgullece [&hellip;]<\/p>\n","protected":false},"author":1,"featured_media":0,"parent":0,"menu_order":0,"comment_status":"closed","ping_status":"closed","template":"","meta":{"_acf_changed":false,"footnotes":""},"class_list":["post-1252","page","type-page","status-publish","hentry"],"acf":[],"_links":{"self":[{"href":"https:\/\/sev-e.com\/es\/wp-json\/wp\/v2\/pages\/1252","targetHints":{"allow":["GET"]}}],"collection":[{"href":"https:\/\/sev-e.com\/es\/wp-json\/wp\/v2\/pages"}],"about":[{"href":"https:\/\/sev-e.com\/es\/wp-json\/wp\/v2\/types\/page"}],"author":[{"embeddable":true,"href":"https:\/\/sev-e.com\/es\/wp-json\/wp\/v2\/users\/1"}],"replies":[{"embeddable":true,"href":"https:\/\/sev-e.com\/es\/wp-json\/wp\/v2\/comments?post=1252"}],"version-history":[{"count":3,"href":"https:\/\/sev-e.com\/es\/wp-json\/wp\/v2\/pages\/1252\/revisions"}],"predecessor-version":[{"id":2072,"href":"https:\/\/sev-e.com\/es\/wp-json\/wp\/v2\/pages\/1252\/revisions\/2072"}],"wp:attachment":[{"href":"https:\/\/sev-e.com\/es\/wp-json\/wp\/v2\/media?parent=1252"}],"curies":[{"name":"wp","href":"https:\/\/api.w.org\/{rel}","templated":true}]}}