{"id":1243,"date":"2025-05-19T10:16:24","date_gmt":"2025-05-19T08:16:24","guid":{"rendered":"https:\/\/sev-e.com\/?page_id=1243"},"modified":"2025-08-13T16:00:21","modified_gmt":"2025-08-13T14:00:21","slug":"presentacion","status":"publish","type":"page","link":"https:\/\/sev-e.com\/es\/presentacion\/","title":{"rendered":"Presentaci\u00f3n"},"content":{"rendered":"\n<div style=\"height:100px\" aria-hidden=\"true\" class=\"wp-block-spacer\"><\/div>\n\n\n\n\n<div id=\"block-hero-block_d58c6eec2f0751ef27ecf88e2bb66971\" class=\"row page_intro_part  block-hero\">\n    <div class=\"col-12 breadcrumb_part\">\n    <nav aria-label=\"breadcrumbs\" class=\"rank-math-breadcrumb\"><p><span class=\"last\">Inicio<\/span><\/p><\/nav>    <\/div>\n    <div class=\"col-12 col-xxl-8 offset-xxl-2\">\n        <h1 class=\"h1 blue\">SEV\u24d4 : Pionero en la transici\u00f3n ecol\u00f3gica y econ\u00f3mica<\/h1>\n        <div class=\"desc\"><p>En una \u00e9poca en la que la sobriedad energ\u00e9tica se ha convertido en una prioridad ineludible, es esencial garantizar el bienestar colectivo e individual, a la vez que ahorramos recursos y reducimos nuestra huella de carbono. Es en este contexto que SEV\u24d4 naci\u00f3, con la misi\u00f3n de acompa\u00f1ar a los territorios en su transici\u00f3n ecol\u00f3gica y econ\u00f3mica.<\/p>\n<\/div>    <\/div>\n<\/div>\n\n\n\n<div id=\"anchor1\" class=\"row txt_media_part left block-hero\">\n\t<div class=\"col-12 col-lg-6 col-xl-5 order-1 media_bloc d-lg-flex align-items-center\">\n\t\t<img decoding=\"async\" src=\"https:\/\/sev-e.com\/wp-content\/uploads\/2025\/06\/Image-4-1.jpg\" alt=\"\" class=\"img-fluid\">\t<\/div>\n\t<div class=\"col-12 col-lg-6 col-xl-7 d-flex align-items-center order-2 txt_bloc\">\n        <div class=\"content p-2 p-sm-5\">\n\t\t<h2>Una historia de encuentro y compromiso<\/h2>\n<p>SEV\u24d4 es ante todo fruto de una colaboraci\u00f3n inspiradora entre Thierry Suzanne y la empresa <a href=\"https:\/\/www.groupe-ragni.com\/es\/\" target=\"_blank\" rel=\"noopener\">RAGNI<\/a>. Frente a la r\u00e1pida evoluci\u00f3n del mercado y a las crecientes expectativas de los clientes, Thierry, con su experiencia en alumbrado p\u00fablico, decide abordar los retos cruciales de la transici\u00f3n econ\u00f3mica y ecol\u00f3gica. Comprendi\u00f3 la necesidad de ofrecer un apoyo eficaz a los responsables de la toma de decisiones, proponiendo soluciones simples y accesibles.<\/p>\n<p>Es as\u00ed como nace SEV\u24d4, empresa con misi\u00f3n especializada en el suministro de soluciones conectadas y sostenibles. Su objetivo es claro: minimizar el consumo energ\u00e9tico de ciudades y empresas, fomentando a la vez un enfoque respetuoso con el medio ambiente.<\/p>\n<p><em>\u00abTodos llevamos una parte de la soluci\u00f3n compleja que exige la lucha contra el calentamiento global y la reducci\u00f3n de emisiones de gases de efecto invernadero. Los responsables pol\u00edticos y las personas influyentes deben mostrar su compromiso y participaci\u00f3n en esta lucha. Por eso, con la creaci\u00f3n de SEV\u24d4, quiero destacar y acelerar la implicaci\u00f3n de los poderes p\u00fablicos, especialmente en el camino hacia la sobriedad energ\u00e9tica.\u00bb<\/em><\/p>\n        <\/div>\n\t<\/div>\n<\/div>\n\n\n\n\n\n<div style=\"height:50px\" aria-hidden=\"true\" class=\"wp-block-spacer\"><\/div>\n\n\n<div class=\"wp-block-image\">\n<figure class=\"aligncenter size-full is-resized\"><img decoding=\"async\" width=\"1900\" height=\"1265\" src=\"https:\/\/sev-e.com\/wp-content\/uploads\/2025\/07\/JC_Ragni_Marcel_Ragni_Stephane_Ragni_version_web-1900x1265.jpg\" alt=\"\" class=\"wp-image-888\" style=\"width:800px\" srcset=\"https:\/\/sev-e.com\/wp-content\/uploads\/2025\/07\/JC_Ragni_Marcel_Ragni_Stephane_Ragni_version_web.jpg 1900w, https:\/\/sev-e.com\/wp-content\/uploads\/2025\/07\/JC_Ragni_Marcel_Ragni_Stephane_Ragni_version_web-300x200.jpg 300w, https:\/\/sev-e.com\/wp-content\/uploads\/2025\/07\/JC_Ragni_Marcel_Ragni_Stephane_Ragni_version_web-1024x682.jpg 1024w, https:\/\/sev-e.com\/wp-content\/uploads\/2025\/07\/JC_Ragni_Marcel_Ragni_Stephane_Ragni_version_web-768x511.jpg 768w, https:\/\/sev-e.com\/wp-content\/uploads\/2025\/07\/JC_Ragni_Marcel_Ragni_Stephane_Ragni_version_web-1536x1022.jpg 1536w, https:\/\/sev-e.com\/wp-content\/uploads\/2025\/07\/JC_Ragni_Marcel_Ragni_Stephane_Ragni_version_web-1320x878.jpg 1320w, https:\/\/sev-e.com\/wp-content\/uploads\/2025\/07\/JC_Ragni_Marcel_Ragni_Stephane_Ragni_version_web-990x659.jpg 990w, https:\/\/sev-e.com\/wp-content\/uploads\/2025\/07\/JC_Ragni_Marcel_Ragni_Stephane_Ragni_version_web-660x439.jpg 660w, https:\/\/sev-e.com\/wp-content\/uploads\/2025\/07\/JC_Ragni_Marcel_Ragni_Stephane_Ragni_version_web-450x299.jpg 450w, https:\/\/sev-e.com\/wp-content\/uploads\/2025\/07\/JC_Ragni_Marcel_Ragni_Stephane_Ragni_version_web-330x220.jpg 330w, https:\/\/sev-e.com\/wp-content\/uploads\/2025\/07\/JC_Ragni_Marcel_Ragni_Stephane_Ragni_version_web-180x120.jpg 180w, https:\/\/sev-e.com\/wp-content\/uploads\/2025\/07\/JC_Ragni_Marcel_Ragni_Stephane_Ragni_version_web-543x361.jpg 543w, https:\/\/sev-e.com\/wp-content\/uploads\/2025\/07\/JC_Ragni_Marcel_Ragni_Stephane_Ragni_version_web-321x214.jpg 321w\" sizes=\"(max-width: 1900px) 100vw, 1900px\" \/><\/figure>\n<\/div>\n\n\n<div style=\"height:50px\" aria-hidden=\"true\" class=\"wp-block-spacer\"><\/div>\n\n\n<div class=\"row content\"><div class=\"col-12 buttons col-xl-10 offset-xl-1\">\n<div class=\"wp-block-buttons is-content-justification-center is-layout-flex wp-container-core-buttons-is-layout-16018d1d wp-block-buttons-is-layout-flex\"><div class=\"wp-block-button\"><a class=\"wp-block-button__link has-text-align-center wp-element-button\" href=\"https:\/\/www.groupe-ragni.com\/es\/\" target=\"_blank\" rel=\"noreferrer noopener\"><span>Descubre el GROUPE RAGNI<\/span><\/a><\/div><\/div>\n<\/div><\/div>\n\n\n<div style=\"height:50px\" aria-hidden=\"true\" class=\"wp-block-spacer\"><\/div>\n\n\n<div class=\"row content\"><div class=\"col-12 heading col-xl-10 offset-xl-1\">\n<h2 class=\"wp-block-heading\" id=\"potentiel\">Liberar el potencial de los territorios del ma\u00f1ana<\/h2>\n<\/div><\/div>\n\n<div class=\"row content\"><div class=\"col-12 paragraph col-xl-10 offset-xl-1\">\n<p>La constataci\u00f3n es clara: existen soluciones en diversos \u00e1mbitos, cada una orientada a ofrecer la mejor alternativa a los problemas encontrados. En lugar de imponer una visi\u00f3n \u00fanica, SEV\u24d4 pone el \u00e9nfasis en la cooperaci\u00f3n y la colaboraci\u00f3n. Una decena de socios muy distintos trabajan para resolver desaf\u00edos variados, como la gesti\u00f3n del alumbrado p\u00fablico, la implementaci\u00f3n de puntos de recarga para veh\u00edculos el\u00e9ctricos, el an\u00e1lisis de consumos de electricidad, agua y gas, o la gesti\u00f3n de residuos y del tr\u00e1fico.<\/p>\n<\/div><\/div>\n\n<div class=\"row content\"><div class=\"col-12 paragraph col-xl-10 offset-xl-1\">\n<p><em>\u00abEl primer paso: escuchar las necesidades del cliente y adaptar nuestra respuesta t\u00e9cnica seg\u00fan el proyecto y sus especificidades. Ya no ser\u00e1 el cliente quien tenga que elegir una oferta por defecto, con el riesgo de que no satisfaga completamente sus expectativas, como puede suceder hoy.\u00bb<\/em><\/p>\n<\/div><\/div>\n\n<div class=\"row content\"><div class=\"col-12 paragraph col-xl-10 offset-xl-1\">\n<p>Una flexibilidad que representa la marca distintiva de SEV\u24d4, empresa atenta a sus socios y clientes para construir territorios responsables, sostenibles y humanos.<\/p>\n<\/div><\/div>\n\n\n<div style=\"height:50px\" aria-hidden=\"true\" class=\"wp-block-spacer\"><\/div>\n\n\n<div class=\"row content\"><div class=\"col-12 heading col-xl-10 offset-xl-1\">\n<h2 class=\"wp-block-heading\">Posibilidades sin l\u00edmites<\/h2>\n<\/div><\/div>\n\n<div class=\"row content\"><div class=\"col-12 paragraph col-xl-10 offset-xl-1\">\n<p>Con su gesti\u00f3n open source, SEV\u24d4 rompe las barreras de lo posible. \u00bfAdaptarse a una soluci\u00f3n ya existente? \u00bfA\u00f1adir tecnolog\u00edas recientes? La oferta es adaptable y modulable. Con este objetivo, la propuesta t\u00e9cnica de SEV\u24d4 se presenta como una oferta modular donde los clientes pueden elegir las soluciones que les interesan. Luego, en continuidad con la escucha, se ofrece un nivel de seguimiento y soporte seg\u00fan sus expectativas.<\/p>\n<\/div><\/div>\n\n<div class=\"row content\"><div class=\"col-12 paragraph col-xl-10 offset-xl-1\">\n<p>\u00abHoy en d\u00eda, muchos proyectos fracasan por falta de soporte al cliente o de formaci\u00f3n. Es crucial dotar de autonom\u00eda a los usuarios para asegurar que las instalaciones funcionen a largo plazo. Se trata de optimizar el funcionamiento de los territorios, lo que necesariamente pasa por la formaci\u00f3n de los agentes territoriales o por una oferta de servicios adecuada a cada proyecto.\u00bb<\/p>\n<\/div><\/div>\n\n\n<div style=\"height:50px\" aria-hidden=\"true\" class=\"wp-block-spacer\"><\/div>\n\n\n<div class=\"row content\"><div class=\"col-12 buttons col-xl-10 offset-xl-1\">\n<div class=\"wp-block-buttons is-content-justification-center is-layout-flex wp-container-core-buttons-is-layout-16018d1d wp-block-buttons-is-layout-flex\"><div class=\"wp-block-button\"><a class=\"wp-block-button__link wp-element-button\" href=\"https:\/\/sev-e.com\/es\/conectividad-servicios\/\"><span>Descubre nuestros servicios de acompa\u00f1amiento<\/span><\/a><\/div><\/div>\n<\/div><\/div>\n\n\n<div style=\"height:100px\" aria-hidden=\"true\" class=\"wp-block-spacer\"><\/div>\n\n\n<div class=\"row content\"><div class=\"col-12 paragraph col-xl-10 offset-xl-1\">\n<p><\/p>\n<\/div><\/div>","protected":false},"excerpt":{"rendered":"<p>Liberar el potencial de los territorios del ma\u00f1ana La constataci\u00f3n es clara: existen soluciones en diversos \u00e1mbitos, cada una orientada a ofrecer la mejor alternativa a los problemas encontrados. En lugar de imponer una visi\u00f3n \u00fanica, SEV\u24d4 pone el \u00e9nfasis en la cooperaci\u00f3n y la colaboraci\u00f3n. Una decena de socios muy distintos trabajan para resolver [&hellip;]<\/p>\n","protected":false},"author":1,"featured_media":0,"parent":0,"menu_order":0,"comment_status":"closed","ping_status":"closed","template":"","meta":{"_acf_changed":false,"footnotes":""},"class_list":["post-1243","page","type-page","status-publish","hentry"],"acf":[],"_links":{"self":[{"href":"https:\/\/sev-e.com\/es\/wp-json\/wp\/v2\/pages\/1243","targetHints":{"allow":["GET"]}}],"collection":[{"href":"https:\/\/sev-e.com\/es\/wp-json\/wp\/v2\/pages"}],"about":[{"href":"https:\/\/sev-e.com\/es\/wp-json\/wp\/v2\/types\/page"}],"author":[{"embeddable":true,"href":"https:\/\/sev-e.com\/es\/wp-json\/wp\/v2\/users\/1"}],"replies":[{"embeddable":true,"href":"https:\/\/sev-e.com\/es\/wp-json\/wp\/v2\/comments?post=1243"}],"version-history":[{"count":3,"href":"https:\/\/sev-e.com\/es\/wp-json\/wp\/v2\/pages\/1243\/revisions"}],"predecessor-version":[{"id":1756,"href":"https:\/\/sev-e.com\/es\/wp-json\/wp\/v2\/pages\/1243\/revisions\/1756"}],"wp:attachment":[{"href":"https:\/\/sev-e.com\/es\/wp-json\/wp\/v2\/media?parent=1243"}],"curies":[{"name":"wp","href":"https:\/\/api.w.org\/{rel}","templated":true}]}}