{"id":1221,"date":"2025-05-19T10:34:01","date_gmt":"2025-05-19T08:34:01","guid":{"rendered":"https:\/\/sev-e.com\/accueil\/"},"modified":"2025-09-29T12:06:32","modified_gmt":"2025-09-29T10:06:32","slug":"accueil","status":"publish","type":"page","link":"https:\/\/sev-e.com\/es\/","title":{"rendered":"Inicio"},"content":{"rendered":"<\/section>\n<div id=\"block-hero-block_7b0f0cf490d4fa865b7588379fef9f96\" class=\"container-fluid home_header_part  block-hero\">\n        <div class=\"title_part\">\n        <div class=\"overlay\">\n            <h1 class=\"h1 white\">SEV\u24d4 un acompa\u00f1amiento \u00fanico para tus proyectos conectados<\/h1>\n        <\/div>\n    <\/div>\n        <div class=\"media_part\" Xstyle=\"background: url(https:\/\/sev-e.com\/wp-content\/uploads\/2025\/08\/image-header-2-1900x1615.png) no-repeat center \/ cover;\"><img decoding=\"async\" src=\"https:\/\/sev-e.com\/wp-content\/uploads\/2025\/08\/image-header-2-1900x1615.png\" alt=\"\" class=\"hero_image\"\/><\/div>    <a href=\"#next_section\" class=\"scroll_bottom\"><span class=\"icon icon-bottom\"><i class=\"icon-arrow-bottom\"><\/i><\/span><\/a>\n<\/div>\n<section id=\"next_section\" class=\"container\">\n\n\n\n<div style=\"height:100px\" aria-hidden=\"true\" class=\"wp-block-spacer\"><\/div>\n\n\n<\/section>\n\n<div id=\"block-hero-block_d96249896e9946a17a044ac6b1f0f213\" class=\"container-fluid slider_page_part  block-hero\">\n    <div class=\"container\">\n    \n        <div class=\"row\">\n            <div class=\"col-12 col-xxl-10\">\n                <h2 class=\"h2 blue\">1 plataforma IoT multiusos, a medida y totalmente interoperable<\/h2>\n            <\/div>\n        <\/div>\n\n    \n                <div class=\"row slider_row\">\n                <div class=\"col-12 slider_content\">\n                    <div class=\"page_slider\">\n                        \n                            <a href=\"https:\/\/sev-e.com\/es\/iluminacion\/\" class=\"item\" style=\"background:url(https:\/\/sev-e.com\/wp-content\/uploads\/2025\/07\/Eclairage_public-330x330.jpg) no-repeat center \/ cover;\">\n\n                                <div class=\"content\">\n                                    <div class=\"txt\">\n                                    <h3 class=\"title\">Alumbrado p\u00fablico<\/h3>\n                                    <p class=\"desc\">El alumbrado p\u00fablico est\u00e1 en el centro de los retos de eficiencia energ\u00e9tica. Tema central para las administraciones locales, la eficiencia y optimizaci\u00f3n de su alumbrado se imponen como uno de los elementos clave en sus transiciones econ\u00f3micas y ecol\u00f3gicas.<\/p>\n                                    <\/div>\n                                <\/div>\n                            <\/a>\n                        \n                            <a href=\"https:\/\/sev-e.com\/es\/agua\/\" class=\"item\" style=\"background:url(https:\/\/sev-e.com\/wp-content\/uploads\/2025\/07\/Eau-330x330.jpg) no-repeat center \/ cover;\">\n\n                                <div class=\"content\">\n                                    <div class=\"txt\">\n                                    <h3 class=\"title\">Agua<\/h3>\n                                    <p class=\"desc\">Mientras las necesidades de agua en el mundo no dejan de aumentar, el recurso en s\u00ed disminuye. La preservaci\u00f3n tanto de la cantidad como de la calidad de este recurso es un desaf\u00edo fundamental.<\/p>\n                                    <\/div>\n                                <\/div>\n                            <\/a>\n                        \n                            <a href=\"https:\/\/sev-e.com\/es\/movilidad\/\" class=\"item\" style=\"background:url(https:\/\/sev-e.com\/wp-content\/uploads\/2025\/07\/Mobilite-330x330.jpg) no-repeat center \/ cover;\">\n\n                                <div class=\"content\">\n                                    <div class=\"txt\">\n                                    <h3 class=\"title\">Movilidad<\/h3>\n                                    <p class=\"desc\">La movilidad inteligente es conectada, multimodal, verde, suave, comprende los retos del tr\u00e1fico, se adapta a la ciudad y ofrece un alto valor a\u00f1adido a los usuarios.<\/p>\n                                    <\/div>\n                                <\/div>\n                            <\/a>\n                        \n                            <a href=\"https:\/\/sev-e.com\/es\/medio-ambiente\/\" class=\"item\" style=\"background:url(https:\/\/sev-e.com\/wp-content\/uploads\/2025\/07\/Environnement-330x330.jpg) no-repeat center \/ cover;\">\n\n                                <div class=\"content\">\n                                    <div class=\"txt\">\n                                    <h3 class=\"title\">Medio ambiente<\/h3>\n                                    <p class=\"desc\">Contaminaci\u00f3n, residuos, sonidos, olores, presi\u00f3n, humedad\u2026 Analizar el medio ambiente es cuidar de quienes viven en \u00e9l. Haz de tu territorio un lugar m\u00e1s seguro y saludable implementando una verdadera inteligencia ambiental en tiempo real.<\/p>\n                                    <\/div>\n                                <\/div>\n                            <\/a>\n                        \n                            <a href=\"https:\/\/sev-e.com\/es\/energia\/\" class=\"item\" style=\"background:url(https:\/\/sev-e.com\/wp-content\/uploads\/2025\/07\/Energie-330x330.jpg) no-repeat center \/ cover;\">\n\n                                <div class=\"content\">\n                                    <div class=\"txt\">\n                                    <h3 class=\"title\">Energ\u00eda<\/h3>\n                                    <p class=\"desc\">La reducci\u00f3n del consumo energ\u00e9tico constituye uno de nuestros retos prioritarios, requiriendo la integraci\u00f3n de energ\u00edas renovables y locales. Esto incluye especial atenci\u00f3n a las redes de distribuci\u00f3n, puntos de recarga y producci\u00f3n de energ\u00eda solar.<\/p>\n                                    <\/div>\n                                <\/div>\n                            <\/a>\n                        \n                            <a href=\"https:\/\/sev-e.com\/es\/edificios\/\" class=\"item\" style=\"background:url(https:\/\/sev-e.com\/wp-content\/uploads\/2025\/07\/Batiments-330x330.jpg) no-repeat center \/ cover;\">\n\n                                <div class=\"content\">\n                                    <div class=\"txt\">\n                                    <h3 class=\"title\">Edificios<\/h3>\n                                    <p class=\"desc\">La gesti\u00f3n conectada de edificios se basa en el an\u00e1lisis en tiempo real de datos para optimizar el rendimiento energ\u00e9tico, el confort de los ocupantes y la seguridad. Este enfoque innovador transforma los edificios en espacios m\u00e1s sostenibles, reactivos y adaptados a los usos modernos.<\/p>\n                                    <\/div>\n                                <\/div>\n                            <\/a>\n                                            <\/div>\n                    <div class=\"slick-nav\">\n                        <span class=\"slick-prev\">\n                            <span class=\"icon-slider\">\n                                <i class=\"icon-prev\"><\/i>\n                            <\/span>\n                        <\/span>\n                        <span class=\"slick-next\">\n                                        <span class=\"icon-slider\">\n                                <i class=\"icon-next\"><\/i>\n                            <\/span>\n                        <\/span>\n                    <\/div>\n                <\/div>\n            <\/div>\n    \n    <div class=\"text_part container-fluid mt-5\">\n        <div class=\"container py-5\">\n            <div class=\"row\">\n                                    <div class=\"col-12 col-lg-4 bloc\">\n                        <p class=\"title blue\">Eficiencia urbana<\/p>\n                        <p class=\"desc gray\">M\u00e1s de 70 casos de uso para recopilar, analizar y visualizar tus datos.<\/p>\n                    <\/div>\n                                    <div class=\"col-12 col-lg-4 bloc\">\n                        <p class=\"title blue\">Territorios sostenibles e inclusivos<\/p>\n                        <p class=\"desc gray\">M\u00e1s de 800 sensores integrados para adaptarse a todos tus proyectos \u2013 peque\u00f1os y grandes, simples o complejos.<\/p>\n                    <\/div>\n                                    <div class=\"col-12 col-lg-4 bloc\">\n                        <p class=\"title blue\">Ahorro energ\u00e9tico<\/p>\n                        <p class=\"desc gray\">Hasta un 80 % de ahorro en energ\u00eda y costes operativos para optimizar recursos y desarrollar territorios sostenibles.<\/p>\n                    <\/div>\n                            <\/div>\n            <div class=\"row\">\n                <div class=\"col-12 text-center p-5\">\n                                            <a href=\"https:\/\/sev-e.com\/es\/la-plataforma\/\" target=\"\" class=\"btn bg-white\"><span>Descubre la plataforma SEV\u24d4 Connect <\/span><\/a>\n                                    <\/div>\n            <\/div>\n        <\/div>\n\n    <\/div>\n\n    <\/div>\n<\/div>\n\n<section id=\"\" class=\"container\">\n\n\n<div class=\"wp-block-image\">\n<figure class=\"aligncenter size-large\"><img decoding=\"async\" width=\"1024\" height=\"643\" src=\"https:\/\/sev-e.com\/wp-content\/uploads\/2025\/06\/Image-2-1-1024x643.gif\" alt=\"\" class=\"wp-image-792\" srcset=\"https:\/\/sev-e.com\/wp-content\/uploads\/2025\/06\/Image-2-1-1024x643.gif 1024w, https:\/\/sev-e.com\/wp-content\/uploads\/2025\/06\/Image-2-1-300x188.gif 300w, https:\/\/sev-e.com\/wp-content\/uploads\/2025\/06\/Image-2-1-768x482.gif 768w, https:\/\/sev-e.com\/wp-content\/uploads\/2025\/06\/Image-2-1-1536x964.gif 1536w, https:\/\/sev-e.com\/wp-content\/uploads\/2025\/06\/Image-2-1-1320x829.gif 1320w, https:\/\/sev-e.com\/wp-content\/uploads\/2025\/06\/Image-2-1-990x621.gif 990w, https:\/\/sev-e.com\/wp-content\/uploads\/2025\/06\/Image-2-1-660x414.gif 660w, https:\/\/sev-e.com\/wp-content\/uploads\/2025\/06\/Image-2-1-450x282.gif 450w, https:\/\/sev-e.com\/wp-content\/uploads\/2025\/06\/Image-2-1-330x207.gif 330w, https:\/\/sev-e.com\/wp-content\/uploads\/2025\/06\/Image-2-1-180x113.gif 180w, https:\/\/sev-e.com\/wp-content\/uploads\/2025\/06\/Image-2-1-543x341.gif 543w, https:\/\/sev-e.com\/wp-content\/uploads\/2025\/06\/Image-2-1-321x202.gif 321w\" sizes=\"(max-width: 1024px) 100vw, 1024px\" \/><\/figure>\n<\/div>\n\n\n\n<div id=\"block-hero-block_521ad95cecfe18fe8b3561a0d3043b37\" class=\"row scrolling_txt_part  block-hero\">\n    <div class=\"col-12 col-xl-10 offset-xl-1 \">\n        <h2 class=\"h2 blue\">Las ventajas <\/h2>        <div class=\"scrolling_wrapper\">\n\n            <div class=\"custom_scrollbar\">\n                            <\/div>\n\n            <div class=\"scrolling_content\">\n\n                <div class=\"item active\">\n                             <h3 class=\"h3 blue\">Gesti\u00f3n simplificada<\/h3>\n                             <p class=\"txt\">Con una plataforma intuitiva y niveles de gesti\u00f3n adaptados a diferentes usuarios, optimiza tus recursos y servicios para reducir costes, simplificar el mantenimiento y mejorar la eficiencia operativa.<\/p>\n                            <\/div><div class=\"item \">\n                             <h3 class=\"h3 blue\">Toma de decisiones optimizada<\/h3>\n                             <p class=\"txt\">La gesti\u00f3n conectada te ofrece una visibilidad instant\u00e1nea y precisa del estado de tus infraestructuras. El an\u00e1lisis de los datos recopilados te permite tomar decisiones r\u00e1pidas y fundamentadas.<\/p>\n                            <\/div><div class=\"item \">\n                             <h3 class=\"h3 blue\">Servicios de calidad<\/h3>\n                             <p class=\"txt\">Pon a los usuarios en el centro de tus proyectos y anticipa sus necesidades para entornos funcionales, eficientes, inclusivos y sostenibles.<\/p>\n                            <\/div><div class=\"item \">\n                             <h3 class=\"h3 blue\">Desarrollo sostenible<\/h3>\n                             <p class=\"txt\">Con la ayuda de nuestras soluciones conectadas, reduce tus emisiones de CO2 y minimiza el impacto ambiental de las actividades humanas.<\/p>\n                            <\/div>            <\/div>\n        <\/div>\n    <\/div>\n<\/div>\n\n\n\n\n<div style=\"height:100px\" aria-hidden=\"true\" class=\"wp-block-spacer\"><\/div>\n\n\n\n\n<div id=\"block-hero-block_7b62d6c6de7d2606b831a6a95e7a638b\" class=\"row project_bloc_part  block-hero\">\n    <div class=\"col-12 p-5\"><h2 class=\"h2 blue text-center\">Tu proyecto por etapas<\/h2><\/div>            <div class=\"col-12 col-md-6 col-lg-3 p-lg-3 p-xl-4 p-xxl-5 mb-5 mb-lg-2 px-4 px-xl-2 text-center\">\n            <div class=\"bloc\">\n                                <span class=\"number\"><span>1<\/span><\/span>\n                                <p class=\"title blue text-start\">An\u00e1lisis<\/p>\n                <div class=\"txt text-start\">\n                    <p>Te acompa\u00f1amos en la <strong>definici\u00f3n de tu proyecto<\/strong> para evaluar tus necesidades, objetivos y particularidades de tu territorio.<\/p>\n                <\/div>\n            <\/div>\n        <\/div>\n            <div class=\"col-12 col-md-6 col-lg-3 p-lg-3 p-xl-4 p-xxl-5 mb-5 mb-lg-2 px-4 px-xl-2 text-center\">\n            <div class=\"bloc\">\n                                <span class=\"number\"><span>2<\/span><\/span>\n                                <p class=\"title blue text-start\">Configuraci\u00f3n<\/p>\n                <div class=\"txt text-start\">\n                    <p><strong>Configuramos tu infraestructura<\/strong> seg\u00fan las especificidades de tu proyecto y los casos de uso seleccionados.<\/p>\n                <\/div>\n            <\/div>\n        <\/div>\n            <div class=\"col-12 col-md-6 col-lg-3 p-lg-3 p-xl-4 p-xxl-5 mb-5 mb-lg-2 px-4 px-xl-2 text-center\">\n            <div class=\"bloc\">\n                                <span class=\"number\"><span>3<\/span><\/span>\n                                <p class=\"title blue text-start\">Formaci\u00f3n<\/p>\n                <div class=\"txt text-start\">\n                    <p><strong>Te formamos<\/strong> en el uso de nuestra plataforma intuitiva y segura para explotar eficazmente tus datos en tiempo real.<\/p>\n                <\/div>\n            <\/div>\n        <\/div>\n            <div class=\"col-12 col-md-6 col-lg-3 p-lg-3 p-xl-4 p-xxl-5 mb-5 mb-lg-2 px-4 px-xl-2 text-center\">\n            <div class=\"bloc\">\n                                <span class=\"number\"><span>4<\/span><\/span>\n                                <p class=\"title blue text-start\">Acompa\u00f1amiento<\/p>\n                <div class=\"txt text-start\">\n                    <p><strong>Te ofrecemos un servicio de acompa\u00f1amiento<\/strong> para asegurar la mejor optimizaci\u00f3n y explotaci\u00f3n de tu territorio conectado.<\/p>\n                <\/div>\n            <\/div>\n        <\/div>\n    <\/div>\n\n\n\n\n<div style=\"height:100px\" aria-hidden=\"true\" class=\"wp-block-spacer\"><\/div>\n","protected":false},"excerpt":{"rendered":"","protected":false},"author":1,"featured_media":0,"parent":0,"menu_order":0,"comment_status":"closed","ping_status":"closed","template":"","meta":{"_acf_changed":false,"footnotes":""},"class_list":["post-1221","page","type-page","status-publish","hentry"],"acf":[],"_links":{"self":[{"href":"https:\/\/sev-e.com\/es\/wp-json\/wp\/v2\/pages\/1221","targetHints":{"allow":["GET"]}}],"collection":[{"href":"https:\/\/sev-e.com\/es\/wp-json\/wp\/v2\/pages"}],"about":[{"href":"https:\/\/sev-e.com\/es\/wp-json\/wp\/v2\/types\/page"}],"author":[{"embeddable":true,"href":"https:\/\/sev-e.com\/es\/wp-json\/wp\/v2\/users\/1"}],"replies":[{"embeddable":true,"href":"https:\/\/sev-e.com\/es\/wp-json\/wp\/v2\/comments?post=1221"}],"version-history":[{"count":6,"href":"https:\/\/sev-e.com\/es\/wp-json\/wp\/v2\/pages\/1221\/revisions"}],"predecessor-version":[{"id":2133,"href":"https:\/\/sev-e.com\/es\/wp-json\/wp\/v2\/pages\/1221\/revisions\/2133"}],"wp:attachment":[{"href":"https:\/\/sev-e.com\/es\/wp-json\/wp\/v2\/media?parent=1221"}],"curies":[{"name":"wp","href":"https:\/\/api.w.org\/{rel}","templated":true}]}}