{"id":2153,"date":"2025-10-10T08:42:43","date_gmt":"2025-10-10T06:42:43","guid":{"rendered":"https:\/\/sev-e.com\/?page_id=2153"},"modified":"2025-10-22T09:51:58","modified_gmt":"2025-10-22T07:51:58","slug":"cookie-richtlinie","status":"publish","type":"page","link":"https:\/\/sev-e.com\/de\/cookie-richtlinie\/","title":{"rendered":"Cookie-Richtlinie"},"content":{"rendered":"\n\n<div id=\"block-hero-block_521ef2041f8cd5d64b821f67dce81bc7\" class=\"row page_intro_part  block-hero\">\n    <div class=\"col-12 breadcrumb_part\">\n    <nav aria-label=\"breadcrumbs\" class=\"rank-math-breadcrumb\"><p><span class=\"last\">Startseite<\/span><\/p><\/nav>    <\/div>\n    <div class=\"col-12 col-xxl-8 offset-xxl-2\">\n        <h1 class=\"h1 blue\">Cookie-Richtlinie<\/h1>\n            <\/div>\n<\/div>\n\n\n\n<div class=\"row content\"><div class=\"col-12 heading col-xl-10 offset-xl-1\">\n<h2 class=\"wp-block-heading\">Was ist ein Cookie?<\/h2>\n<\/div><\/div>\n\n<div class=\"row content\"><div class=\"col-12 paragraph col-xl-10 offset-xl-1\">\n<p>Cookies sind Datendateien, die auf Ihrem Computer oder mobilen Ger\u00e4t gespeichert werden. Sie unterscheiden sich durch ihre eindeutigen Kennungen, die mit Ihren Ger\u00e4ten verkn\u00fcpft sind. Cookies tragen dazu bei, Ihr Surferlebnis zu verbessern, indem sie sich Ihre Aktionen und Pr\u00e4ferenzen merken. Dadurch m\u00fcssen Sie Informationen wie Standort, Schriftart oder Sprache nicht bei jedem Besuch erneut eingeben.<\/p>\n<\/div><\/div>\n\n<div class=\"row content\"><div class=\"col-12 paragraph col-xl-10 offset-xl-1\">\n<p>Diese Cookies werden auf Ihrem Computer gespeichert. Sie erm\u00f6glichen es uns nicht, Sie pers\u00f6nlich zu identifizieren; sie speichern jedoch Informationen \u00fcber die Navigation Ihres Ger\u00e4ts auf der Website (besuchte Seiten, Datum und Uhrzeit des Besuchs usw.), auf die wir bei sp\u00e4teren Besuchen zugreifen k\u00f6nnen.<\/p>\n<\/div><\/div>\n\n<div class=\"row content\"><div class=\"col-12 paragraph col-xl-10 offset-xl-1\">\n<p>F\u00fcr alle Datenverarbeitungen im Zusammenhang mit der Erhebung von Cookies bestimmt Sev-e, eine vereinfachte Aktiengesellschaft (SAS) mit einem Kapital von 20.000 Euro und Sitz in Lieudit Le Gueirard, Chemin du Vallon des Vaux, La Gaude, die Zwecke und Mittel der Verarbeitung.<\/p>\n<\/div><\/div>\n\n<div class=\"row content\"><div class=\"col-12 paragraph col-xl-10 offset-xl-1\">\n<p>Daher handelt Sev-e als Verantwortlicher f\u00fcr die Datenverarbeitung im Sinne der Datenschutzbestimmungen, insbesondere der Verordnung (EU) 2016\/679 \u00fcber den Schutz nat\u00fcrlicher Personen bei der Verarbeitung personenbezogener Daten und \u00fcber den freien Datenverkehr (DSGVO).<\/p>\n<\/div><\/div>\n\n<div class=\"row content\"><div class=\"col-12 paragraph col-xl-10 offset-xl-1\">\n<p>Sev-e legt gr\u00f6\u00dften Wert auf den Schutz der Privatsph\u00e4re und personenbezogener Daten sowie auf die Einhaltung der geltenden gesetzlichen Bestimmungen.<\/p>\n<\/div><\/div>\n\n<div class=\"row content\"><div class=\"col-12 paragraph col-xl-10 offset-xl-1\">\n<p>Diese Cookie-Richtlinie (nachfolgend die \u201eRichtlinie\u201c) soll Ihnen klare und einfache Informationen dar\u00fcber geben, wie Ihre Daten durch Cookies auf unserer Website erfasst werden.<\/p>\n<\/div><\/div>\n\n<div class=\"row content\"><div class=\"col-12 heading col-xl-10 offset-xl-1\">\n<h2 class=\"wp-block-heading\">Welche Daten werden durch Cookies erfasst?<\/h2>\n<\/div><\/div>\n\n<div class=\"row content\"><div class=\"col-12 paragraph col-xl-10 offset-xl-1\">\n<p>\u00dcber Cookies k\u00f6nnen zu einem bestimmten Zeitpunkt verschiedene Daten im Zusammenhang mit einem Endger\u00e4t erfasst werden, insbesondere:<\/p>\n<\/div><\/div>\n\n<div class=\"row content\"><div class=\"col-12 list col-xl-10 offset-xl-1\">\n<ul class=\"wp-block-list\">\n<li>Eine oder mehrere technische Kennungen, die Ihre Internetverbindung identifizieren;<\/li>\n\n\n\n<li>Datum, Uhrzeit und Dauer der Verbindung eines Ger\u00e4ts mit der Website;<\/li>\n\n\n\n<li>Die Internetadresse (URL) der Seite, von der das Ger\u00e4t auf die Website zugegriffen hat;<\/li>\n\n\n\n<li>Das Betriebssystem des Ger\u00e4ts (z. B. Windows, macOS, Linux, Unix usw.);<\/li>\n\n\n\n<li>Der Typ und die Version des verwendeten Browsers (z. B. Internet Explorer, Firefox, Safari, Chrome, Opera usw.);<\/li>\n\n\n\n<li>Marke und Modell des mobilen Ger\u00e4ts oder Tablets;<\/li>\n\n\n\n<li>M\u00f6gliche Download-Fehler<\/li>\n\n\n\n<li>Die im Browser eingestellte Sprache;<\/li>\n\n\n\n<li>Merkmale der angezeigten und geteilten Inhalte.<\/li>\n<\/ul>\n<\/div><\/div>\n\n<div class=\"row content\"><div class=\"col-12 heading col-xl-10 offset-xl-1\">\n<h2 class=\"wp-block-heading\">Zweck der verwendeten Cookies<\/h2>\n<\/div><\/div>\n\n<div class=\"row content\"><div class=\"col-12 paragraph col-xl-10 offset-xl-1\">\n<p>Auf unserer Website k\u00f6nnen verschiedene Arten von Cookies f\u00fcr unterschiedliche Zwecke gesetzt werden, unter anderem:<\/p>\n<\/div><\/div>\n\n<div class=\"row content\"><div class=\"col-12 list col-xl-10 offset-xl-1\">\n<ul class=\"wp-block-list\">\n<li><strong>Unbedingt erforderliche Cookies f\u00fcr die Personalisierung und Funktionsf\u00e4higkeit der Website:<\/strong><br>Diese Cookies erm\u00f6glichen die Nutzung der wichtigsten Funktionen der Website, z. B. das Speichern von Informationen zwischen zwei Sitzungen auf demselben Ger\u00e4t, das Merken von Login-Daten oder das Beibehalten von Interface-Einstellungen (z. B. Sprach- oder Layoutauswahl). Diese Cookies erfordern keine vorherige Zustimmung.<\/li>\n<\/ul>\n<\/div><\/div>\n\n<div class=\"row content\"><div class=\"col-12 paragraph col-xl-10 offset-xl-1\">\n<p class=\"has-vivid-red-color has-text-color has-link-color wp-elements-c9365267f914bd71ea50e5e539e3962b\"><\/p>\n<\/div><\/div>\n\n\n<figure class=\"wp-block-table\"><table class=\"has-fixed-layout\"><tbody><tr><td><strong>COOKIE-NAME<\/strong><\/td><td><strong>ZWECK<\/strong><\/td><td><strong>SPEICHERDAUER<\/strong><\/td><\/tr><tr><td>moove_gdpr_popup<\/td><td>Einwilligungsverwaltung<\/td><td>6 Monate<\/td><\/tr><tr><td>wp-wpml_current_language<\/td><td>Sprachpr\u00e4ferenz<\/td><td>Sitzung<\/td><\/tr><tr><td>wpcf7_guest_user_id<\/td><td>Personalisierung<\/td><td>1 Tag<\/td><\/tr><\/tbody><\/table><\/figure>\n\n\n<div class=\"row content\"><div class=\"col-12 paragraph col-xl-10 offset-xl-1\">\n<p class=\"has-vivid-red-color has-text-color has-link-color wp-elements-c9365267f914bd71ea50e5e539e3962b\"><\/p>\n<\/div><\/div>\n\n<div class=\"row content\"><div class=\"col-12 paragraph col-xl-10 offset-xl-1\">\n<p><\/p>\n<\/div><\/div>\n\n<div class=\"row content\"><div class=\"col-12 heading col-xl-10 offset-xl-1\">\n<h2 class=\"wp-block-heading\">Wer setzt Cookies auf der Website?<\/h2>\n<\/div><\/div>\n\n<div class=\"row content\"><div class=\"col-12 paragraph col-xl-10 offset-xl-1\">\n<p>Cookies auf dieser Website k\u00f6nnen gesetzt werden durch:<\/p>\n<\/div><\/div>\n\n<div class=\"row content\"><div class=\"col-12 list col-xl-10 offset-xl-1\">\n<ul class=\"wp-block-list\">\n<li>Den Website-Betreiber, also Sev-e; und Die Auftragsverarbeiter von Sev-e, d. h. technische Dienstleister, die Navigationsdaten im Auftrag von Sev-e verarbeiten.<\/li>\n<\/ul>\n<\/div><\/div>\n\n<div class=\"row content\"><div class=\"col-12 heading col-xl-10 offset-xl-1\">\n<h2 class=\"wp-block-heading\">Wie lassen sich Cookies in Webbrowsern einstellen?<\/h2>\n<\/div><\/div>\n\n<div class=\"row content\"><div class=\"col-12 paragraph col-xl-10 offset-xl-1\">\n<p>Sie k\u00f6nnen Ihren Browser so einstellen, dass er alle Cookies akzeptiert oder ablehnt, Cookies regelm\u00e4\u00dfig l\u00f6scht oder Sie benachrichtigt, wenn ein Cookie gesetzt wird, einschlie\u00dflich seiner G\u00fcltigkeitsdauer und seines Inhalts, und Sie die Speicherung ablehnen k\u00f6nnen.<\/p>\n<\/div><\/div>\n\n<div class=\"row content\"><div class=\"col-12 paragraph col-xl-10 offset-xl-1\">\n<p>Sie k\u00f6nnen Cookies jederzeit blockieren oder deaktivieren, indem Sie die Einstellungen Ihres Browsers auf Ihrem Computer, Tablet oder Mobilger\u00e4t anpassen \u2013 gem\u00e4\u00df den Anweisungen Ihres Browseranbieters. Nachfolgend finden Sie detailliertere Informationen f\u00fcr die g\u00e4ngigsten Browser:<\/p>\n<\/div><\/div>\n\n<div class=\"row content\"><div class=\"col-12 list col-xl-10 offset-xl-1\">\n<ul class=\"wp-block-list\">\n<li><a href=\"https:\/\/support.microsoft.com\/de-de\/topic\/l%C3%B6schen-von-cookiedateien-in-internet-explorer-bca9446f-d873-78de-77ba-d42645fa52fc\" target=\"_blank\" rel=\"noreferrer noopener nofollow\">Internet Explorer<\/a><\/li>\n\n\n\n<li><a href=\"https:\/\/support.google.com\/chrome\/answer\/95647?hl=de&amp;sjid=12990004451911790528-EU\" target=\"_blank\" rel=\"noreferrer noopener nofollow\">Chrome<\/a><\/li>\n\n\n\n<li><a href=\"https:\/\/support.mozilla.org\/de\/kb\/verbesserter-schutz-aktivitatenverfolgung-desktop?redirectslug=activer-desactiver-cookies-preferences&amp;redirectlocale=fr\" target=\"_blank\" rel=\"noreferrer noopener nofollow\">Firefox<\/a><\/li>\n\n\n\n<li><a href=\"https:\/\/support.apple.com\/de-de\/guide\/safari\/sfri11471\/mac\" target=\"_blank\" rel=\"noreferrer noopener nofollow\">Safari<\/a><\/li>\n\n\n\n<li><a href=\"https:\/\/blogs.opera.com\/tips-and-tricks\/2023\/04\/clean-browser-and-remove-trackers\/\" target=\"_blank\" rel=\"noreferrer noopener nofollow\">Opera<\/a><\/li>\n<\/ul>\n<\/div><\/div>\n\n<div class=\"row content\"><div class=\"col-12 paragraph col-xl-10 offset-xl-1\">\n<p>Sie k\u00f6nnen auch das Men\u00fc \u201eHilfe\u201c Ihres Browsers aufrufen, um zu erfahren, wie Sie Ihre Cookie-Einstellungen \u00e4ndern k\u00f6nnen.<\/p>\n<\/div><\/div>\n\n<div class=\"row content\"><div class=\"col-12 heading col-xl-10 offset-xl-1\">\n<h2 class=\"wp-block-heading\">Welche Folgen hat die Ablehnung von Cookies?<\/h2>\n<\/div><\/div>\n\n<div class=\"row content\"><div class=\"col-12 paragraph col-xl-10 offset-xl-1\">\n<p>Wenn Sie die Speicherung von f\u00fcr das ordnungsgem\u00e4\u00dfe Funktionieren der Website erforderlichen Cookies auf Ihrem Ger\u00e4t oder Browser ablehnen oder bereits gespeicherte Cookies l\u00f6schen, kann dies Ihre Navigation und Benutzererfahrung auf der Website einschr\u00e4nken.<\/p>\n<\/div><\/div>\n\n\n<div style=\"height:100px\" aria-hidden=\"true\" class=\"wp-block-spacer\"><\/div>\n","protected":false},"excerpt":{"rendered":"<p>Was ist ein Cookie? Cookies sind Datendateien, die auf Ihrem Computer oder mobilen Ger\u00e4t gespeichert werden. Sie unterscheiden sich durch ihre eindeutigen Kennungen, die mit Ihren Ger\u00e4ten verkn\u00fcpft sind. Cookies tragen dazu bei, Ihr Surferlebnis zu verbessern, indem sie sich Ihre Aktionen und Pr\u00e4ferenzen merken. Dadurch m\u00fcssen Sie Informationen wie Standort, Schriftart oder Sprache nicht [&hellip;]<\/p>\n","protected":false},"author":1,"featured_media":0,"parent":0,"menu_order":0,"comment_status":"closed","ping_status":"closed","template":"","meta":{"_acf_changed":false,"footnotes":""},"class_list":["post-2153","page","type-page","status-publish","hentry"],"acf":[],"_links":{"self":[{"href":"https:\/\/sev-e.com\/de\/wp-json\/wp\/v2\/pages\/2153","targetHints":{"allow":["GET"]}}],"collection":[{"href":"https:\/\/sev-e.com\/de\/wp-json\/wp\/v2\/pages"}],"about":[{"href":"https:\/\/sev-e.com\/de\/wp-json\/wp\/v2\/types\/page"}],"author":[{"embeddable":true,"href":"https:\/\/sev-e.com\/de\/wp-json\/wp\/v2\/users\/1"}],"replies":[{"embeddable":true,"href":"https:\/\/sev-e.com\/de\/wp-json\/wp\/v2\/comments?post=2153"}],"version-history":[{"count":2,"href":"https:\/\/sev-e.com\/de\/wp-json\/wp\/v2\/pages\/2153\/revisions"}],"predecessor-version":[{"id":2253,"href":"https:\/\/sev-e.com\/de\/wp-json\/wp\/v2\/pages\/2153\/revisions\/2253"}],"wp:attachment":[{"href":"https:\/\/sev-e.com\/de\/wp-json\/wp\/v2\/media?parent=2153"}],"curies":[{"name":"wp","href":"https:\/\/api.w.org\/{rel}","templated":true}]}}