{"id":2035,"date":"2025-08-19T09:49:36","date_gmt":"2025-08-19T07:49:36","guid":{"rendered":"https:\/\/sev-e.com\/?page_id=2035"},"modified":"2025-11-13T09:35:31","modified_gmt":"2025-11-13T08:35:31","slug":"datenschutzrichtlinie","status":"publish","type":"page","link":"https:\/\/sev-e.com\/de\/datenschutzrichtlinie\/","title":{"rendered":"Datenschutzrichtlinie"},"content":{"rendered":"\n\n<div id=\"block-hero-block_e51e3ba9da83477d3384a1867fd86212\" class=\"row page_intro_part  block-hero\">\n    <div class=\"col-12 breadcrumb_part\">\n    <nav aria-label=\"breadcrumbs\" class=\"rank-math-breadcrumb\"><p><span class=\"last\">Startseite<\/span><\/p><\/nav>    <\/div>\n    <div class=\"col-12 col-xxl-8 offset-xxl-2\">\n        <h1 class=\"h1 blue\">Datenschutzrichtlinie<\/h1>\n            <\/div>\n<\/div>\n\n\n\n<div class=\"row content\"><div class=\"col-12 heading col-xl-10 offset-xl-1\">\n<h2 class=\"wp-block-heading\">Zweck und Anwendungsbereich der Richtlinie<\/h2>\n<\/div><\/div>\n\n<div class=\"row content\"><div class=\"col-12 paragraph col-xl-10 offset-xl-1\">\n<p>Sev-e, eine Tochtergesellschaft der RAGNI-Gruppe, legt gr\u00f6\u00dften Wert auf den Schutz der Privatsph\u00e4re und personenbezogener Daten sowie auf die Einhaltung der geltenden Gesetzgebung.<\/p>\n<\/div><\/div>\n\n<div class=\"row content\"><div class=\"col-12 paragraph col-xl-10 offset-xl-1\">\n<p>Die Verordnung (EU) 2016\/679 vom 27. April 2016 \u00fcber den Schutz nat\u00fcrlicher Personen bei der Verarbeitung personenbezogener Daten und \u00fcber den freien Datenverkehr (im Folgenden \u201eDSGVO\u201c) schreibt vor, dass personenbezogene Daten rechtm\u00e4\u00dfig, fair und transparent verarbeitet werden m\u00fcssen.<\/p>\n<\/div><\/div>\n\n<div class=\"row content\"><div class=\"col-12 paragraph col-xl-10 offset-xl-1\">\n<p>Diese Datenschutzrichtlinie (im Folgenden \u201eRichtlinie\u201c) soll Ihnen klare und verst\u00e4ndliche Informationen \u00fcber die Verarbeitung Ihrer personenbezogenen Daten geben, insbesondere im Zusammenhang mit Ihrer Nutzung und den Vorg\u00e4ngen auf unserer Website.<\/p>\n<\/div><\/div>\n\n<div class=\"row content\"><div class=\"col-12 heading col-xl-10 offset-xl-1\">\n<h2 class=\"wp-block-heading\">Verantwortlicher f\u00fcr die Verarbeitung Ihrer personenbezogenen Daten<\/h2>\n<\/div><\/div>\n\n<div class=\"row content\"><div class=\"col-12 paragraph col-xl-10 offset-xl-1\">\n<p>Verantwortlicher im Sinne der geltenden Datenschutzvorschriften, insbesondere der DSGVO, ist:<br>Sev-e, Soci\u00e9t\u00e9 par Actions Simplifi\u00e9e (SAS) mit einem Kapital von 20.000 \u20ac, mit Sitz in Lieudit Le Guerard, Chemin du Vallon des Vaux, 06610 La Gaude, Frankreich.<\/p>\n<\/div><\/div>\n\n<div class=\"row content\"><div class=\"col-12 paragraph col-xl-10 offset-xl-1\">\n<p>Weitere Informationen \u00fcber Sev-e finden Sie auf unserer <a href=\"https:\/\/sev-e.com\/de\/rechtliche-hinweise\/\">Impressumsseite<\/a>.<\/p>\n<\/div><\/div>\n\n<div class=\"row content\"><div class=\"col-12 heading col-xl-10 offset-xl-1\">\n<h2 class=\"wp-block-heading\">Warum erfassen wir Ihre personenbezogenen Daten?<\/h2>\n<\/div><\/div>\n\n<div class=\"row content\"><div class=\"col-12 paragraph col-xl-10 offset-xl-1\">\n<p>Diese Richtlinie gilt f\u00fcr die Erhebung und Verarbeitung Ihrer personenbezogenen Daten zu bestimmten Zwecken und auf unterschiedlichen rechtlichen Grundlagen.<\/p>\n<\/div><\/div>\n\n<div class=\"row content\"><div class=\"col-12 paragraph col-xl-10 offset-xl-1\">\n<p>Im Rahmen der Vertragserf\u00fcllung oder vorvertraglicher Ma\u00dfnahmen werden Ihre Daten f\u00fcr folgende Zwecke verarbeitet:<\/p>\n<\/div><\/div>\n\n<div class=\"row content\"><div class=\"col-12 list col-xl-10 offset-xl-1\">\n<ul class=\"wp-block-list\">\n<li>Verwaltung von Kostenvoranschl\u00e4gen;<\/li>\n\n\n\n<li>Verwaltung von Bestellungen und Eink\u00e4ufen;<\/li>\n\n\n\n<li>Verwaltung von Vertr\u00e4gen mit Kunden\/Lieferanten;<\/li>\n\n\n\n<li>Verwaltung Ihres Kundenkontos Seve Connect;<\/li>\n\n\n\n<li>Bearbeitung von Reklamationen und Kundenservice.<\/li>\n<\/ul>\n<\/div><\/div>\n\n<div class=\"row content\"><div class=\"col-12 paragraph col-xl-10 offset-xl-1\">\n<p>Im Rahmen berechtigter Interessen von Sev-e werden Ihre Daten f\u00fcr folgende Zwecke verarbeitet:<\/p>\n<\/div><\/div>\n\n<div class=\"row content\"><div class=\"col-12 list col-xl-10 offset-xl-1\">\n<ul class=\"wp-block-list\">\n<li>Bearbeitung von Informationsanfragen;<\/li>\n\n\n\n<li>Kommunikation;<\/li>\n\n\n\n<li>Pflege von Beziehungen zu Interessenten\/Kunden;<\/li>\n\n\n\n<li>Organisation von Gesch\u00e4ftsveranstaltungen;<\/li>\n\n\n\n<li>Verwaltung von unbedingt erforderlichen Cookies f\u00fcr die ordnungsgem\u00e4\u00dfe Funktion der Website (einschlie\u00dflich Pr\u00e4ferenzen und Sicherheit);<\/li>\n\n\n\n<li>Verwaltung von Rechtsstreitigkeiten und Vorstreitigkeiten.<\/li>\n<\/ul>\n<\/div><\/div>\n\n<div class=\"row content\"><div class=\"col-12 paragraph col-xl-10 offset-xl-1\">\n<p>Im Rahmen gesetzlicher Verpflichtungen von Sev-e werden Ihre Daten f\u00fcr folgende Zwecke verarbeitet:<\/p>\n<\/div><\/div>\n\n<div class=\"row content\"><div class=\"col-12 list col-xl-10 offset-xl-1\">\n<ul class=\"wp-block-list\">\n<li>F\u00fchrung der Haupt- und Nebenbuchhaltung;<\/li>\n\n\n\n<li>Verwaltung Ihrer Rechte in Bezug auf personenbezogene Daten.<\/li>\n<\/ul>\n<\/div><\/div>\n\n<div class=\"row content\"><div class=\"col-12 heading col-xl-10 offset-xl-1\">\n<h2 class=\"wp-block-heading\">Personenbezogene Daten, die wir erfassen<\/h2>\n<\/div><\/div>\n\n<div class=\"row content\"><div class=\"col-12 paragraph col-xl-10 offset-xl-1\">\n<p>Personenbezogene Daten werden unter Einhaltung des Minimierungsprinzips der DSGVO verarbeitet. Art und Umfang der verarbeiteten Daten h\u00e4ngen von der Art Ihrer Beziehung zu Sev-e ab. Die Hauptkategorien sind:<\/p>\n<\/div><\/div>\n\n<div class=\"row content\"><div class=\"col-12 list col-xl-10 offset-xl-1\">\n<ul class=\"wp-block-list\">\n<li><strong>Identifikationsdaten:<\/strong> Informationen zur Identifizierung, wie Name, Vorname, Telefonnummer. Wir erfassen auch E-Mail-Adresse und Postanschrift (notwendig f\u00fcr Rechnungen).<\/li>\n\n\n\n<li><strong>Zugangsdaten:<\/strong> Informationen zur Authentifizierung Ihres Kontos, z.\u202fB. Passwort. Auch Ihre IP-Adresse wird f\u00fcr Wartungs- und Statistikzwecke erfasst.<\/li>\n\n\n\n<li><strong>Finanzdaten: <\/strong>Bankinformationen wie IBAN.<\/li>\n\n\n\n<li><strong>Navigationsdaten:<\/strong> W\u00e4hrend Ihrer Nutzung der Website werden technische und verhaltensbezogene Informationen gesammelt.<\/li>\n\n\n\n<li><strong>Daten aus unserem Netzwerk von Handelsvertretern\/Distributoren:<\/strong> Diese erfassen ggf. Kontaktdaten (Name, E-Mail, Telefonnummer) und gesch\u00e4ftsbezogene Informationen, die an Sev-e weitergegeben werden, um die Gesch\u00e4ftsbeziehung fortzuf\u00fchren.<\/li>\n<\/ul>\n<\/div><\/div>\n\n<div class=\"row content\"><div class=\"col-12 heading col-xl-10 offset-xl-1\">\n<h2 class=\"wp-block-heading\">Empf\u00e4nger Ihrer personenbezogenen Daten<\/h2>\n<\/div><\/div>\n\n<div class=\"row content\"><div class=\"col-12 paragraph col-xl-10 offset-xl-1\">\n<p>Zugriff haben nur autorisierte Sev-e-Mitarbeiter, die f\u00fcr die Verwaltung von Vertr\u00e4gen und gesetzlichen Pflichten zust\u00e4ndig sind.<\/p>\n<\/div><\/div>\n\n<div class=\"row content\"><div class=\"col-12 paragraph col-xl-10 offset-xl-1\">\n<p>Daten k\u00f6nnen auch f\u00fcr bestimmte Zwecke an folgende Empf\u00e4nger weitergegeben werden:<\/p>\n<\/div><\/div>\n\n<div class=\"row content\"><div class=\"col-12 list col-xl-10 offset-xl-1\">\n<ul class=\"wp-block-list\">\n<li>Unternehmen der RAGNI-Gruppe (z.\u202fB. f\u00fcr Kommunikationszwecke);<\/li>\n\n\n\n<li>Netzwerk von Handelsvertretern\/Distributoren;<\/li>\n\n\n\n<li>Dienstleister, die uns bei folgenden Aufgaben unterst\u00fctzen:<br>Transport und Logistik von Bestellungen<br>Datenhosting<br>Marketing und Kundenakquise<br>Kundenservice<\/li>\n\n\n\n<li>Zust\u00e4ndige \u00f6ffentliche Beh\u00f6rden (gerichtlich, regulatorisch) im Rahmen gesetzlicher Pflichten;<\/li>\n\n\n\n<li>Reglementierte Berufe (Anw\u00e4lte, Gerichtsvollzieher), die Garantien, Inkasso oder Rechtsstreitigkeiten betreuen.<\/li>\n<\/ul>\n<\/div><\/div>\n\n<div class=\"row content\"><div class=\"col-12 paragraph col-xl-10 offset-xl-1\">\n<p>Alle Dienstleister sind vertraglich verpflichtet, die Daten nur f\u00fcr vereinbarte Zwecke zu verwenden und die Vertraulichkeit zu wahren.<\/p>\n<\/div><\/div>\n\n<div class=\"row content\"><div class=\"col-12 paragraph col-xl-10 offset-xl-1\">\n<p>Sev-e verkauft Ihre Daten nicht.<\/p>\n<\/div><\/div>\n\n<div class=\"row content\"><div class=\"col-12 heading col-xl-10 offset-xl-1\">\n<h2 class=\"wp-block-heading\">Daten\u00fcbermittlung in Drittl\u00e4nder<\/h2>\n<\/div><\/div>\n\n<div class=\"row content\"><div class=\"col-12 paragraph col-xl-10 offset-xl-1\">\n<p>Sev-e speichert personenbezogene Daten bevorzugt in Frankreich oder innerhalb des Europ\u00e4ischen Wirtschaftsraums (EWR).<\/p>\n<\/div><\/div>\n\n<div class=\"row content\"><div class=\"col-12 paragraph col-xl-10 offset-xl-1\">\n<p>Einige unserer Dienstleister k\u00f6nnen au\u00dferhalb des EWR ans\u00e4ssig sein. In solchen F\u00e4llen erfolgt die \u00dcbermittlung nur, wenn:<\/p>\n<\/div><\/div>\n\n<div class=\"row content\"><div class=\"col-12 list col-xl-10 offset-xl-1\">\n<ul class=\"wp-block-list\">\n<li>Das Zielland ein angemessenes Datenschutzniveau bietet;<\/li>\n\n\n\n<li>Standardvertragsklauseln angewendet werden;<\/li>\n\n\n\n<li>Unternehmensinterne verbindliche Regeln angewendet werden.<\/li>\n<\/ul>\n<\/div><\/div>\n\n<div class=\"row content\"><div class=\"col-12 paragraph col-xl-10 offset-xl-1\">\n<p>F\u00fcr weitere Informationen wenden Sie sich bitte an uns (siehe \u201e<strong>Ihre Kontakte<\/strong>\u201c).<\/p>\n<\/div><\/div>\n\n<div class=\"row content\"><div class=\"col-12 heading col-xl-10 offset-xl-1\">\n<h2 class=\"wp-block-heading\">Technische und organisatorische Ma\u00dfnahmen zum Schutz Ihrer Daten<\/h2>\n<\/div><\/div>\n\n<div class=\"row content\"><div class=\"col-12 paragraph col-xl-10 offset-xl-1\">\n<p>Sev-e sch\u00fctzt personenbezogene Daten vor Verlust, Zerst\u00f6rung, Ver\u00e4nderung, unbefugtem Zugriff oder Offenlegung.<\/p>\n<\/div><\/div>\n\n<div class=\"row content\"><div class=\"col-12 paragraph col-xl-10 offset-xl-1\">\n<p>Wir setzen angemessene technische und organisatorische Ma\u00dfnahmen um, z.\u202fB. eingeschr\u00e4nkter Zugriff, Pseudonymisierung, Verschl\u00fcsselung und sichere Authentifizierung.<\/p>\n<\/div><\/div>\n\n<div class=\"row content\"><div class=\"col-12 paragraph col-xl-10 offset-xl-1\">\n<p>Unsere Sicherheitsma\u00dfnahmen werden regelm\u00e4\u00dfig \u00fcberpr\u00fcft und aktualisiert.<\/p>\n<\/div><\/div>\n\n<div class=\"row content\"><div class=\"col-12 heading col-xl-10 offset-xl-1\">\n<h2 class=\"wp-block-heading\">Speicherfrist Ihrer personenbezogenen Daten<\/h2>\n<\/div><\/div>\n\n<div class=\"row content\"><div class=\"col-12 paragraph col-xl-10 offset-xl-1\">\n<p>Ihre personenbezogenen Daten werden mindestens f\u00fcr die Dauer der Durchf\u00fchrung der mit unserer vertraglichen Beziehung verbundenen Verarbeitung aufbewahrt. \u00dcber diese Beziehung hinaus werden die Aufbewahrungsfristen verl\u00e4ngert, um gesetzliche Verj\u00e4hrungsfristen sowie gesetzliche und regulatorische Aufbewahrungspflichten zu ber\u00fccksichtigen.<\/p>\n<\/div><\/div>\n\n<div class=\"row content\"><div class=\"col-12 paragraph col-xl-10 offset-xl-1\">\n<p>F\u00fcr Interessenten betr\u00e4gt die maximal m\u00f6gliche Aufbewahrungsdauer der erhobenen Daten 3 Jahre ab dem letzten Kontakt zwischen Sev-e und dem Interessenten, es sei denn, Sie verlangen die L\u00f6schung Ihrer Daten.<\/p>\n<\/div><\/div>\n\n<div class=\"row content\"><div class=\"col-12 paragraph col-xl-10 offset-xl-1\">\n<p>F\u00fcr Personen, die lediglich \u00fcber das Kontaktformular eine Auskunft angefordert haben, werden Ihre Daten gel\u00f6scht, sobald Ihre Anfrage bearbeitet wurde.<\/p>\n<\/div><\/div>\n\n<div class=\"row content\"><div class=\"col-12 paragraph col-xl-10 offset-xl-1\">\n<p>F\u00fcr nicht ausgew\u00e4hlte Bewerber k\u00f6nnen Ihre Daten (insbesondere Lebenslauf und zugeh\u00f6rige Informationen) f\u00fcr eine maximale Dauer von 2 Jahren ab dem letzten Kontakt aufbewahrt werden, es sei denn, Sie widersprechen.<\/p>\n<\/div><\/div>\n\n<div class=\"row content\"><div class=\"col-12 paragraph col-xl-10 offset-xl-1\">\n<p>Wenn Sie Ihre Rechte aus\u00fcben, verarbeitet unser Datenschutzbeauftragter Ihre personenbezogenen Daten zum Zweck der Bearbeitung Ihrer Anfrage (Anrede, Name, Vorname, Kopie des Ausweises, Art der Anfrage, Antwort). Diese Daten werden f\u00fcr 5 Jahre aufbewahrt, mit Ausnahme der Ausweiskopie \u2014 sofern diese erforderlich ist \u2014 die nur so lange gespeichert wird, wie es f\u00fcr die \u00dcberpr\u00fcfung oder die Erf\u00fcllung einer gesetzlichen Verpflichtung notwendig ist.<\/p>\n<\/div><\/div>\n\n<div class=\"row content\"><div class=\"col-12 paragraph col-xl-10 offset-xl-1\">\n<p>Daten, die zur Bearbeitung von Anfragen ben\u00f6tigt werden (einschlie\u00dflich Personalausweis, falls erforderlich), werden 5 Jahre gespeichert, au\u00dfer die Ausweiskopie, die sofort nach \u00dcberpr\u00fcfung gel\u00f6scht wird.<\/p>\n<\/div><\/div>\n\n<div class=\"row content\"><div class=\"col-12 heading col-xl-10 offset-xl-1\">\n<h2 class=\"wp-block-heading\">Ihre Rechte<\/h2>\n<\/div><\/div>\n\n<div class=\"row content\"><div class=\"col-12 paragraph col-xl-10 offset-xl-1\">\n<p>Sie k\u00f6nnen jederzeit Ihre Rechte geltend machen, darunter:<\/p>\n<\/div><\/div>\n\n<div class=\"row content\"><div class=\"col-12 list col-xl-10 offset-xl-1\">\n<ul class=\"wp-block-list\">\n<li><strong>Widerspruchsrecht<\/strong> \u2013 Verarbeitung Ihrer Daten stoppen, au\u00dfer bei gesetzlichen oder vertraglichen Verpflichtungen;<\/li>\n\n\n\n<li>Widerrufsrecht \u2013 bei Einwilligungsbasierter Verarbeitung;<\/li>\n\n\n\n<li><strong>Recht auf Auskunft <\/strong>\u2013 Zugang zu Ihren Daten und Informationen zur Verarbeitung;<\/li>\n\n\n\n<li><strong>Recht auf Berichtigung<\/strong> \u2013 Korrektur unrichtiger oder unvollst\u00e4ndiger Daten;<\/li>\n\n\n\n<li><strong>Recht auf L\u00f6schung<\/strong> \u2013 soweit der Zweck erf\u00fcllt ist und gesetzliche Fristen dies erlauben;<\/li>\n\n\n\n<li><strong>Recht auf Einschr\u00e4nkung<\/strong> \u2013 vor\u00fcbergehende Aussetzung der Verarbeitung;<\/li>\n\n\n\n<li><strong>Recht auf Daten\u00fcbertragbarkeit<\/strong> \u2013 Erhalt der Daten in strukturierter Form zur Weitergabe an Dritte;<\/li>\n\n\n\n<li><strong>Recht, postmortale Anweisungen zu erteilen<\/strong> \u2013 Bestimmung der Datenverwendung nach dem Tod.<\/li>\n<\/ul>\n<\/div><\/div>\n\n<div class=\"row content\"><div class=\"col-12 paragraph col-xl-10 offset-xl-1\">\n<p>Bei unzureichender Antwort k\u00f6nnen Sie sich an die CNIL wenden.<\/p>\n<\/div><\/div>\n\n<div class=\"row content\"><div class=\"col-12 heading col-xl-10 offset-xl-1\">\n<h2 class=\"wp-block-heading\">Ihre Kontakte<\/h2>\n<\/div><\/div>\n\n<div class=\"row content\"><div class=\"col-12 paragraph col-xl-10 offset-xl-1\">\n<p>F\u00fcr Anfragen wenden Sie sich an den Datenschutzbeauftragten (DPO) von Sev-e: contact@sev-e.com<\/p>\n<\/div><\/div>\n\n<div class=\"row content\"><div class=\"col-12 paragraph col-xl-10 offset-xl-1\">\n<p>Es kann verlangt werden, Ihre Identit\u00e4t nachzuweisen und Art und Umfang der Anfrage zu spezifizieren.<\/p>\n<\/div><\/div>\n\n<div class=\"row content\"><div class=\"col-12 heading col-xl-10 offset-xl-1\">\n<h2 class=\"wp-block-heading\">\u00c4nderung der Richtlinie<\/h2>\n<\/div><\/div>\n\n<div class=\"row content\"><div class=\"col-12 paragraph col-xl-10 offset-xl-1\">\n<p>Sev-e kann diese Datenschutzrichtlinie bei Bedarf \u00e4ndern. Wesentliche \u00c4nderungen werden auf der Website bekanntgegeben.<\/p>\n<\/div><\/div>\n\n<div class=\"row content\"><div class=\"col-12 paragraph col-xl-10 offset-xl-1\">\n<p><strong>Letzte Aktualisierung: Oktober 2025<\/strong><\/p>\n<\/div><\/div>\n\n\n<div style=\"height:100px\" aria-hidden=\"true\" class=\"wp-block-spacer\"><\/div>\n","protected":false},"excerpt":{"rendered":"<p>Zweck und Anwendungsbereich der Richtlinie Sev-e, eine Tochtergesellschaft der RAGNI-Gruppe, legt gr\u00f6\u00dften Wert auf den Schutz der Privatsph\u00e4re und personenbezogener Daten sowie auf die Einhaltung der geltenden Gesetzgebung. Die Verordnung (EU) 2016\/679 vom 27. April 2016 \u00fcber den Schutz nat\u00fcrlicher Personen bei der Verarbeitung personenbezogener Daten und \u00fcber den freien Datenverkehr (im Folgenden \u201eDSGVO\u201c) schreibt [&hellip;]<\/p>\n","protected":false},"author":1,"featured_media":0,"parent":0,"menu_order":0,"comment_status":"closed","ping_status":"closed","template":"","meta":{"_acf_changed":false,"footnotes":""},"class_list":["post-2035","page","type-page","status-publish","hentry"],"acf":[],"_links":{"self":[{"href":"https:\/\/sev-e.com\/de\/wp-json\/wp\/v2\/pages\/2035","targetHints":{"allow":["GET"]}}],"collection":[{"href":"https:\/\/sev-e.com\/de\/wp-json\/wp\/v2\/pages"}],"about":[{"href":"https:\/\/sev-e.com\/de\/wp-json\/wp\/v2\/types\/page"}],"author":[{"embeddable":true,"href":"https:\/\/sev-e.com\/de\/wp-json\/wp\/v2\/users\/1"}],"replies":[{"embeddable":true,"href":"https:\/\/sev-e.com\/de\/wp-json\/wp\/v2\/comments?post=2035"}],"version-history":[{"count":6,"href":"https:\/\/sev-e.com\/de\/wp-json\/wp\/v2\/pages\/2035\/revisions"}],"predecessor-version":[{"id":3157,"href":"https:\/\/sev-e.com\/de\/wp-json\/wp\/v2\/pages\/2035\/revisions\/3157"}],"wp:attachment":[{"href":"https:\/\/sev-e.com\/de\/wp-json\/wp\/v2\/media?parent=2035"}],"curies":[{"name":"wp","href":"https:\/\/api.w.org\/{rel}","templated":true}]}}