{"id":2032,"date":"2025-08-19T09:39:55","date_gmt":"2025-08-19T07:39:55","guid":{"rendered":"https:\/\/sev-e.com\/?page_id=2032"},"modified":"2025-08-19T10:16:48","modified_gmt":"2025-08-19T08:16:48","slug":"rechtliche-hinweise","status":"publish","type":"page","link":"https:\/\/sev-e.com\/de\/rechtliche-hinweise\/","title":{"rendered":"rechtliche Hinweise"},"content":{"rendered":"\n\n<div id=\"block-hero-block_18bc66f4331382f03fd8c8babf896cbb\" class=\"row page_intro_part  block-hero\">\n    <div class=\"col-12 breadcrumb_part\">\n    <nav aria-label=\"breadcrumbs\" class=\"rank-math-breadcrumb\"><p><span class=\"last\">Startseite<\/span><\/p><\/nav>    <\/div>\n    <div class=\"col-12 col-xxl-8 offset-xxl-2\">\n        <h1 class=\"h1 blue\">rechtliche Hinweise<\/h1>\n            <\/div>\n<\/div>\n\n\n\n<div class=\"row content\"><div class=\"col-12 paragraph col-xl-10 offset-xl-1\">\n<p>Gem\u00e4\u00df Artikel 6 des Gesetzes Nr. 2004-575 vom 21. Juni 2004 \u00fcber das Vertrauen in die digitale Wirtschaft wird den Benutzern der Website von Sev-e die Identit\u00e4t der Betreiber offengelegt:<\/p>\n<\/div><\/div>\n\n<div class=\"row content\"><div class=\"col-12 paragraph col-xl-10 offset-xl-1\">\n<p><strong>Inhaber<\/strong><strong><\/strong><\/p>\n<\/div><\/div>\n\n<div class=\"row content\"><div class=\"col-12 list col-xl-10 offset-xl-1\">\n<ul class=\"wp-block-list\">\n<li>Name des Inhabers<\/li>\n\n\n\n<li>Adresse<\/li>\n\n\n\n<li>Telefon<\/li>\n\n\n\n<li>Rechtsform: Rechtsform<\/li>\n\n\n\n<li>SIRET: SIRET<\/li>\n\n\n\n<li>NAF-Code oder WPA: NAF- oder WPA-Code<\/li>\n\n\n\n<li>Stammkapital: Stammkapital<\/li>\n\n\n\n<li>UID-Nummer: UID-Nummer&nbsp;<\/li>\n\n\n\n<li>F\u00fcr die Website verantwortlich: Vorname NAME, Funktion &#8211; Telefon<\/li>\n<\/ul>\n<\/div><\/div>\n\n<div class=\"row content\"><div class=\"col-12 paragraph col-xl-10 offset-xl-1\">\n<p><strong>Webdesign<\/strong><strong><\/strong><\/p>\n<\/div><\/div>\n\n<div class=\"row content\"><div class=\"col-12 paragraph col-xl-10 offset-xl-1\">\n<p>B17 Kommunikation<\/p>\n<\/div><\/div>\n\n<div class=\"row content\"><div class=\"col-12 paragraph col-xl-10 offset-xl-1\">\n<p>19, rue du lieutenant Aug\u00e9<br>44230 Saint-S\u00e9bastien\/Loire<\/p>\n<\/div><\/div>\n\n<div class=\"row content\"><div class=\"col-12 paragraph col-xl-10 offset-xl-1\">\n<p>02 40 89 78 74<\/p>\n<\/div><\/div>\n\n<div class=\"row content\"><div class=\"col-12 paragraph col-xl-10 offset-xl-1\">\n<p><strong>Hosting<\/strong><strong><\/strong><\/p>\n<\/div><\/div>\n\n<div class=\"row content\"><div class=\"col-12 paragraph col-xl-10 offset-xl-1\">\n<p>Name des Providers<\/p>\n<\/div><\/div>\n\n<div class=\"row content\"><div class=\"col-12 paragraph col-xl-10 offset-xl-1\">\n<p>Adresse des Providers<\/p>\n<\/div><\/div>\n\n<div class=\"row content\"><div class=\"col-12 paragraph col-xl-10 offset-xl-1\">\n<p>Telefon des Providers<\/p>\n<\/div><\/div>\n\n<div class=\"row content\"><div class=\"col-12 paragraph col-xl-10 offset-xl-1\">\n<p><strong>Bildnachweise<\/strong><strong><\/strong><\/p>\n<\/div><\/div>\n\n<div class=\"row content\"><div class=\"col-12 paragraph col-xl-10 offset-xl-1\">\n<p>Shutterstock &#8211; andere?<\/p>\n<\/div><\/div>\n\n<div class=\"row content\"><div class=\"col-12 heading col-xl-10 offset-xl-1\">\n<h2 class=\"wp-block-heading\">2. Allgemeine Nutzungsbedingungen f\u00fcr die Website und die angebotenen Dienste<\/h2>\n<\/div><\/div>\n\n<div class=\"row content\"><div class=\"col-12 paragraph col-xl-10 offset-xl-1\">\n<p>Mit der Nutzung der Website von Sev-e werden die Allgemeinen Nutzungsbedingungen anerkannt. Diese Nutzungsbedingungen k\u00f6nnen jederzeit ge\u00e4ndert oder erg\u00e4nzt werden, weshalb die Nutzer der Website von Sev-e immer wieder zur Best\u00e4tigung aufgefordert werden.<\/p>\n<\/div><\/div>\n\n<div class=\"row content\"><div class=\"col-12 paragraph col-xl-10 offset-xl-1\">\n<p>Diese Website ist normalerweise jederzeit verf\u00fcgbar. F\u00fcr Wartungsarbeiten kann jedoch der Zugang durch Sev-e unterbrochen werden. In diesem Fall wird der Zeitrahmen der Unterbrechung bekannt gegeben.<\/p>\n<\/div><\/div>\n\n<div class=\"row content\"><div class=\"col-12 paragraph col-xl-10 offset-xl-1\">\n<p>Die Website von Sev-e wird regelm\u00e4\u00dfig aktualisiert. Auch das Impressum kann jederzeit ge\u00e4ndert werden. Die Benutzer sind daher angehalten, sich laufend \u00fcber dessen Inhalte informieren..<\/p>\n<\/div><\/div>\n\n<div class=\"row content\"><div class=\"col-12 heading col-xl-10 offset-xl-1\">\n<h2 class=\"wp-block-heading\">3. Beschreibung des Unternehmensgegenstandes<\/h2>\n<\/div><\/div>\n\n<div class=\"row content\"><div class=\"col-12 paragraph col-xl-10 offset-xl-1\">\n<p>Die Website von Sev-e gibt Auskunft \u00fcber den T\u00e4tigkeitsumfang des Unternehmens.<\/p>\n<\/div><\/div>\n\n<div class=\"row content\"><div class=\"col-12 paragraph col-xl-10 offset-xl-1\">\n<p>Sev-e ist bem\u00fcht, im Rahmen seiner&nbsp; Website m\u00f6glichst genaue Informationen zu liefern. Es kann jedoch keine Verantwortung f\u00fcr Fehler, Ungenauigkeiten und M\u00e4ngel bei der Aktualisierung \u00fcbernommen werden, die entweder durch das Unternehmen selbst oder vonseiten Dritter verursacht werden.<\/p>\n<\/div><\/div>\n\n<div class=\"row content\"><div class=\"col-12 paragraph col-xl-10 offset-xl-1\">\n<p>Alle Informationen auf der Website von Sev-e sind unverbindlich&nbsp; und k\u00f6nnen sich \u00e4ndern. Weiters stellen die Angaben auf der Website von Sev-e keinen Anspruch auf Vollst\u00e4ndigkeit. \u00c4nderungen seit der ersten Ver\u00f6ffentlichung der Website sind vorbehalten.<\/p>\n<\/div><\/div>\n\n<div class=\"row content\"><div class=\"col-12 heading col-xl-10 offset-xl-1\">\n<h2 class=\"wp-block-heading\">4. Vertragliche Beschr\u00e4nkungen f\u00fcr technische Daten<\/h2>\n<\/div><\/div>\n\n<div class=\"row content\"><div class=\"col-12 paragraph col-xl-10 offset-xl-1\">\n<p>Die Website verwendet die JavaScript-Technologie. Sie kann nicht f\u00fcr Sachsch\u00e4den im Zusammenhang mit ihrer Ben\u00fctzung haftbar gemacht werden. Dar\u00fcber hinaus ist die Website mit einem aktualisierten Browser und einer Hardware anzuwenden, die auf dem neuesten technischen Stand und frei von Viren ist.<\/p>\n<\/div><\/div>\n\n<div class=\"row content\"><div class=\"col-12 heading col-xl-10 offset-xl-1\">\n<h2 class=\"wp-block-heading\">5. Urheberrechte<\/h2>\n<\/div><\/div>\n\n<div class=\"row content\"><div class=\"col-12 paragraph col-xl-10 offset-xl-1\">\n<p>Sev-e ist entweder geistiger Eigent\u00fcmer aller im Rahmen der Website verwendeten Texten, Bildern, Grafiken, Logos, icons, Sounds und Software oder h\u00e4lt die jeweiligen Nutzungsrechte. Jede Vervielf\u00e4ltigung, Darstellung, \u00c4nderung, Ver\u00f6ffentlichung, Anpassung der Website oder Teilen davon, unabh\u00e4ngig von ihrer Art, ist verboten, sofern dies durch Sev-e nicht schriftlich genehmigt wurde. Jede unbefugte Verwertung der Website oder Teilen davon wird als F\u00e4lschungen angesehen und gem\u00e4\u00df den Artikeln L.335-2 ff. des Gesetzes \u00fcber geistiges Eigentum geahndet.<\/p>\n<\/div><\/div>\n\n<div class=\"row content\"><div class=\"col-12 heading col-xl-10 offset-xl-1\">\n<h2 class=\"wp-block-heading\">6. Haftungsbeschr\u00e4nkungen<\/h2>\n<\/div><\/div>\n\n<div class=\"row content\"><div class=\"col-12 paragraph col-xl-10 offset-xl-1\">\n<p>Sev-e haftet nicht f\u00fcr direkte und indirekte Sch\u00e4den an der Hardware des Benutzers, die beim Zugriff auf die Website von Sev-e entstehen, sei es aufgrund der Verwendung von Material, das nicht den Anforderungen gem. Punkt 4 entspricht, oder aufgrund von auftretenden Fehler.<\/p>\n<\/div><\/div>\n\n<div class=\"row content\"><div class=\"col-12 paragraph col-xl-10 offset-xl-1\">\n<p>Sev-e kann auch nicht f\u00fcr indirekte Sch\u00e4den (wie beispielsweise Gesch\u00e4ftsausf\u00e4lle&nbsp; oder verlorene Chancen) nach der Nutzung der Website von Sev-e verantwortlich gemacht werden.<\/p>\n<\/div><\/div>\n\n<div class=\"row content\"><div class=\"col-12 paragraph col-xl-10 offset-xl-1\">\n<p>Den Nutzern der Website stehen Foren zur Verf\u00fcgung, zum Beispiel um \u00fcber die Kontakt-Seite Fragen zu stellen.&nbsp; Sev-e beh\u00e4lt sich das Recht vor, ohne vorherige Mitteilung dar\u00fcber alle Inhalte zu l\u00f6schen, die gegen in Frankreich geltende Rechtsvorschriften, insbesondere die Datenschutzbestimmungen, versto\u00dfen. Gegebenenfalls beh\u00e4lt sich Sev-e die M\u00f6glichkeit vor, zivil- und\/oder strafrechtliche Handlungen einzuleiten, insbesondere f\u00fcr den Fall, dass rassistische, beleidigende, verleumderische oder pornografische Inhalte, unabh\u00e4ngig vom verwendeten Medium (Text, Fotografie&#8230;), geteilt werden.&nbsp;&nbsp;&nbsp;&nbsp;&nbsp;<\/p>\n<\/div><\/div>\n\n<div class=\"row content\"><div class=\"col-12 heading col-xl-10 offset-xl-1\">\n<h2 class=\"wp-block-heading\">7. Anwendbares Recht und Gerichtsstand<\/h2>\n<\/div><\/div>\n\n<div class=\"row content\"><div class=\"col-12 paragraph col-xl-10 offset-xl-1\">\n<p>Die auf der Website verbreiteten Informationen und die Nutzung dieser Informationen unterliegen ausschlie\u00dflich franz\u00f6sischem Recht. F\u00fcr eventuelle Streitigkeiten im Zusammenhang mit der Nutzung der Website sind ausschlie\u00dflich Gerichte zust\u00e4ndig, die in den Zust\u00e4ndigkeitsbereich des Firmensitzes von Sev-e fallen.<\/p>\n<\/div><\/div>","protected":false},"excerpt":{"rendered":"<p>Gem\u00e4\u00df Artikel 6 des Gesetzes Nr. 2004-575 vom 21. Juni 2004 \u00fcber das Vertrauen in die digitale Wirtschaft wird den Benutzern der Website von die Identit\u00e4t der Betreiber offengelegt: Inhaber Webdesign B17 Kommunikation 19, rue du lieutenant Aug\u00e944230 Saint-S\u00e9bastien\/Loire 02 40 89 78 74 Hosting Name des Providers Adresse des Providers Telefon des Providers Bildnachweise [&hellip;]<\/p>\n","protected":false},"author":1,"featured_media":0,"parent":0,"menu_order":0,"comment_status":"closed","ping_status":"closed","template":"","meta":{"_acf_changed":false,"footnotes":""},"class_list":["post-2032","page","type-page","status-publish","hentry"],"acf":[],"_links":{"self":[{"href":"https:\/\/sev-e.com\/de\/wp-json\/wp\/v2\/pages\/2032","targetHints":{"allow":["GET"]}}],"collection":[{"href":"https:\/\/sev-e.com\/de\/wp-json\/wp\/v2\/pages"}],"about":[{"href":"https:\/\/sev-e.com\/de\/wp-json\/wp\/v2\/types\/page"}],"author":[{"embeddable":true,"href":"https:\/\/sev-e.com\/de\/wp-json\/wp\/v2\/users\/1"}],"replies":[{"embeddable":true,"href":"https:\/\/sev-e.com\/de\/wp-json\/wp\/v2\/comments?post=2032"}],"version-history":[{"count":2,"href":"https:\/\/sev-e.com\/de\/wp-json\/wp\/v2\/pages\/2032\/revisions"}],"predecessor-version":[{"id":2034,"href":"https:\/\/sev-e.com\/de\/wp-json\/wp\/v2\/pages\/2032\/revisions\/2034"}],"wp:attachment":[{"href":"https:\/\/sev-e.com\/de\/wp-json\/wp\/v2\/media?parent=2032"}],"curies":[{"name":"wp","href":"https:\/\/api.w.org\/{rel}","templated":true}]}}