{"id":1814,"date":"2025-05-19T10:16:12","date_gmt":"2025-05-19T08:16:12","guid":{"rendered":"https:\/\/sev-e.com\/?page_id=1814"},"modified":"2025-10-20T10:52:53","modified_gmt":"2025-10-20T08:52:53","slug":"konnektivitaet-dienstleistungen","status":"publish","type":"page","link":"https:\/\/sev-e.com\/de\/konnektivitaet-dienstleistungen\/","title":{"rendered":"Konnektivit\u00e4t \/ Dienstleistungen"},"content":{"rendered":"\n\n<div id=\"block-hero-block_49eefc790fd6ebdd6b9a43f8c4395cd1\" class=\"row page_intro_part  block-hero\">\n    <div class=\"col-12 breadcrumb_part\">\n    <nav aria-label=\"breadcrumbs\" class=\"rank-math-breadcrumb\"><p><span class=\"last\">Startseite<\/span><\/p><\/nav>    <\/div>\n    <div class=\"col-12 col-xxl-8 offset-xxl-2\">\n        <h1 class=\"h1 blue\">Vernetztes Management: Die Grundlagen f\u00fcr ein erfolgreiches Projekt verstehen<\/h1>\n        <div class=\"desc\"><p>Bevor Sie ein vernetztes Management-Projekt starten, ist es wichtig, die zugrundeliegenden Prinzipien zu verstehen. Bei SEV\u24d4 helfen wir Ihnen, das Internet der Dinge (IoT) und seine Komponenten zu entmystifizieren, damit Sie diese Technologie voll aussch\u00f6pfen k\u00f6nnen.<\/p>\n<\/div>    <\/div>\n<\/div>\n\n\n\n\n<div style=\"height:50px\" aria-hidden=\"true\" class=\"wp-block-spacer\"><\/div>\n\n\n<div class=\"row content\"><div class=\"col-12 heading col-xl-10 offset-xl-1\">\n<h2 class=\"wp-block-heading\">Die wesentlichen Elemente<\/h2>\n<\/div><\/div>\n\n<div class=\"row content\"><div class=\"col-12 list col-xl-10 offset-xl-1\">\n<ul class=\"wp-block-list\">\n<li>IoT \u2013 Vernetzte Objekte, die Daten in Echtzeit erfassen und \u00fcbertragen (Internet of Things).<\/li>\n\n\n\n<li>Konnektivit\u00e4t \u2013 Kommunikationstechnologien, die eine schnelle und zuverl\u00e4ssige Verbindung f\u00fcr all Ihre vernetzten Ger\u00e4te gew\u00e4hrleisten.<\/li>\n\n\n\n<li>Plattform \u2013 Eine vereinfachte \u00dcberwachung zur Sammlung, Analyse und Visualisierung der Daten.<\/li>\n<\/ul>\n<\/div><\/div>\n\n\n<div style=\"height:50px\" aria-hidden=\"true\" class=\"wp-block-spacer\"><\/div>\n\n\n<div class=\"row content\"><div class=\"col-12 heading col-xl-10 offset-xl-1\">\n<h2 class=\"wp-block-heading\">Ma\u00dfgeschneiderte Konnektivit\u00e4t f\u00fcr Ihre Projekte<\/h2>\n<\/div><\/div>\n\n<div class=\"row content\"><div class=\"col-12 paragraph col-xl-10 offset-xl-1\">\n<p>Das IoT-Netzwerk spielt eine entscheidende Rolle, indem es vernetzten Objekten erm\u00f6glicht, zu kommunizieren und Informationen zu \u00fcbertragen. Die Wahl des richtigen Kommunikationsprotokolls erfordert jedoch die Ber\u00fccksichtigung mehrerer Kriterien wie Reichweite, Energieverbrauch, Zuverl\u00e4ssigkeit und Betriebskosten. Bei SEV\u24d4 begleiten wir Sie in diesem Prozess, um eine optimale und auf Ihre Bed\u00fcrfnisse abgestimmte Konnektivit\u00e4t sicherzustellen.<\/p>\n<\/div><\/div>\n\n\n<div style=\"height:50px\" aria-hidden=\"true\" class=\"wp-block-spacer\"><\/div>\n\n\n<div class=\"wp-block-image\">\n<figure class=\"aligncenter size-large\"><img decoding=\"async\" width=\"1024\" height=\"288\" src=\"https:\/\/sev-e.com\/wp-content\/uploads\/2025\/08\/Image-15-DE-1024x288.png\" alt=\"\" class=\"wp-image-1815\" srcset=\"https:\/\/sev-e.com\/wp-content\/uploads\/2025\/08\/Image-15-DE-1024x288.png 1024w, https:\/\/sev-e.com\/wp-content\/uploads\/2025\/08\/Image-15-DE-300x84.png 300w, https:\/\/sev-e.com\/wp-content\/uploads\/2025\/08\/Image-15-DE-768x216.png 768w, https:\/\/sev-e.com\/wp-content\/uploads\/2025\/08\/Image-15-DE-1536x432.png 1536w, https:\/\/sev-e.com\/wp-content\/uploads\/2025\/08\/Image-15-DE-2048x576.png 2048w, https:\/\/sev-e.com\/wp-content\/uploads\/2025\/08\/Image-15-DE-scaled.png 1900w, https:\/\/sev-e.com\/wp-content\/uploads\/2025\/08\/Image-15-DE-1320x371.png 1320w, https:\/\/sev-e.com\/wp-content\/uploads\/2025\/08\/Image-15-DE-990x278.png 990w, https:\/\/sev-e.com\/wp-content\/uploads\/2025\/08\/Image-15-DE-660x185.png 660w, https:\/\/sev-e.com\/wp-content\/uploads\/2025\/08\/Image-15-DE-450x126.png 450w, https:\/\/sev-e.com\/wp-content\/uploads\/2025\/08\/Image-15-DE-330x93.png 330w, https:\/\/sev-e.com\/wp-content\/uploads\/2025\/08\/Image-15-DE-180x51.png 180w, https:\/\/sev-e.com\/wp-content\/uploads\/2025\/08\/Image-15-DE-543x153.png 543w, https:\/\/sev-e.com\/wp-content\/uploads\/2025\/08\/Image-15-DE-321x90.png 321w\" sizes=\"(max-width: 1024px) 100vw, 1024px\" \/><\/figure>\n<\/div>\n\n\n<div style=\"height:50px\" aria-hidden=\"true\" class=\"wp-block-spacer\"><\/div>\n\n\n<div class=\"row content\"><div class=\"col-12 heading col-xl-10 offset-xl-1\">\n<h2 class=\"wp-block-heading\">SEV\u24d4: Ein umfassendes und flexibles Serviceangebot<\/h2>\n<\/div><\/div>\n\n<div class=\"row content\"><div class=\"col-12 paragraph col-xl-10 offset-xl-1\">\n<p>Wir unterst\u00fctzen Sie in jeder Phase Ihres Projekts mit einfachen und flexiblen Paketen, die sich an Ihre Anforderungen anpassen:<\/p>\n<\/div><\/div>\n\n<div class=\"row content\"><div class=\"col-12 list col-xl-10 offset-xl-1\">\n<ul class=\"wp-block-list\">\n<li>Support: Schnelle Hilfe zur L\u00f6sung aller technischen Probleme.<\/li>\n\n\n\n<li>IT-Kundendienst: Qualitativer After-Sales-Service f\u00fcr die Kontinuit\u00e4t und Leistung Ihrer Ger\u00e4te.<\/li>\n\n\n\n<li>Energieeffizienzberatung: Empfehlungen zur Optimierung der Energieeffizienz Ihrer Infrastruktur.<\/li>\n\n\n\n<li>Einsatzmanagement: Effektive \u00dcberwachung und Koordination von Eins\u00e4tzen f\u00fcr eine vereinfachte Wartung.<\/li>\n<\/ul>\n<\/div><\/div>\n\n<div class=\"row content\"><div class=\"col-12 paragraph col-xl-10 offset-xl-1\">\n<p>SEV\u24d4 hilft Ihnen, die Herausforderungen des vernetzten Managements zu meistern, indem wir Ihnen umfassende und modulare L\u00f6sungen bieten, die Ihre Daten in echte Handlungshebel verwandeln.<\/p>\n<\/div><\/div>\n\n\n<div style=\"height:50px\" aria-hidden=\"true\" class=\"wp-block-spacer\"><\/div>\n\n\n<div class=\"row content\"><div class=\"col-12 heading col-xl-10 offset-xl-1\">\n<h2 class=\"wp-block-heading has-text-align-center\">W\u00e4hlen Sie Ihre Anwendungsf\u00e4lle und profitieren Sie von einem Komplettangebot:<br>Konnektivit\u00e4t + Plattform + Services!<\/h2>\n<\/div><\/div>\n\n\n<div style=\"height:100px\" aria-hidden=\"true\" class=\"wp-block-spacer\"><\/div>\n","protected":false},"excerpt":{"rendered":"<p>Die wesentlichen Elemente Ma\u00dfgeschneiderte Konnektivit\u00e4t f\u00fcr Ihre Projekte Das IoT-Netzwerk spielt eine entscheidende Rolle, indem es vernetzten Objekten erm\u00f6glicht, zu kommunizieren und Informationen zu \u00fcbertragen. Die Wahl des richtigen Kommunikationsprotokolls erfordert jedoch die Ber\u00fccksichtigung mehrerer Kriterien wie Reichweite, Energieverbrauch, Zuverl\u00e4ssigkeit und Betriebskosten. Bei SEV\u24d4 begleiten wir Sie in diesem Prozess, um eine optimale und auf [&hellip;]<\/p>\n","protected":false},"author":1,"featured_media":0,"parent":0,"menu_order":0,"comment_status":"closed","ping_status":"closed","template":"","meta":{"_acf_changed":false,"footnotes":""},"class_list":["post-1814","page","type-page","status-publish","hentry"],"acf":[],"_links":{"self":[{"href":"https:\/\/sev-e.com\/de\/wp-json\/wp\/v2\/pages\/1814","targetHints":{"allow":["GET"]}}],"collection":[{"href":"https:\/\/sev-e.com\/de\/wp-json\/wp\/v2\/pages"}],"about":[{"href":"https:\/\/sev-e.com\/de\/wp-json\/wp\/v2\/types\/page"}],"author":[{"embeddable":true,"href":"https:\/\/sev-e.com\/de\/wp-json\/wp\/v2\/users\/1"}],"replies":[{"embeddable":true,"href":"https:\/\/sev-e.com\/de\/wp-json\/wp\/v2\/comments?post=1814"}],"version-history":[{"count":2,"href":"https:\/\/sev-e.com\/de\/wp-json\/wp\/v2\/pages\/1814\/revisions"}],"predecessor-version":[{"id":2175,"href":"https:\/\/sev-e.com\/de\/wp-json\/wp\/v2\/pages\/1814\/revisions\/2175"}],"wp:attachment":[{"href":"https:\/\/sev-e.com\/de\/wp-json\/wp\/v2\/media?parent=1814"}],"curies":[{"name":"wp","href":"https:\/\/api.w.org\/{rel}","templated":true}]}}