{"id":1812,"date":"2025-05-19T10:16:01","date_gmt":"2025-05-19T08:16:01","guid":{"rendered":"https:\/\/sev-e.com\/?page_id=1812"},"modified":"2025-08-14T10:54:07","modified_gmt":"2025-08-14T08:54:07","slug":"starter-kits","status":"publish","type":"page","link":"https:\/\/sev-e.com\/de\/starter-kits\/","title":{"rendered":"Starter kits"},"content":{"rendered":"\n\n<div id=\"block-hero-block_0847d958439830be2bcbc0f0b4262316\" class=\"row page_intro_part  block-hero\">\n    <div class=\"col-12 breadcrumb_part\">\n    <nav aria-label=\"breadcrumbs\" class=\"rank-math-breadcrumb\"><p><span class=\"last\">Startseite<\/span><\/p><\/nav>    <\/div>\n    <div class=\"col-12 col-xxl-8 offset-xxl-2\">\n        <h1 class=\"h1 blue\">Schl\u00fcsselfertige L\u00f6sungen f\u00fcr Ihre vernetzten Projekte<\/h1>\n        <div class=\"desc\"><p>Bei SEV\u24d4 wissen wir, dass der Start eines vernetzten Projekts manchmal komplex erscheinen kann. Deshalb haben wir Starter-Kits entwickelt, die auf Ihre Bed\u00fcrfnisse zugeschnitten sind \u2013 schl\u00fcsselfertige L\u00f6sungen, die den Einstieg und die Einf\u00fchrung innovativer Technologien erleichtern.<\/p>\n<\/div>    <\/div>\n<\/div>\n\n\n\n\n<div style=\"height:50px\" aria-hidden=\"true\" class=\"wp-block-spacer\"><\/div>\n\n\n<div class=\"row content\"><div class=\"col-12 heading col-xl-10 offset-xl-1\">\n<h2 class=\"wp-block-heading\">Angepasste L\u00f6sungen f\u00fcr Ihre Beleuchtungsprojekte<\/h2>\n<\/div><\/div>\n\n<div class=\"row content\"><div class=\"col-12 paragraph col-xl-10 offset-xl-1\">\n<p>Egal, ob Sie die Beleuchtung Ihres Stadions vernetzen, Ihre Elektroverteiler verwalten oder die Beleuchtung von Lichtpunkten optimieren m\u00f6chten \u2013 unsere Starter-Kits sind darauf ausgelegt, sich Ihren spezifischen Anforderungen anzupassen. Sie sind der ideale Weg, um vernetzte Technologien mit minimalem Aufwand und maximaler Effizienz zu erkunden und zu testen.<\/p>\n<\/div><\/div>\n\n\n<div style=\"height:50px\" aria-hidden=\"true\" class=\"wp-block-spacer\"><\/div>\n\n\n<div class=\"row content\"><div class=\"col-12 heading col-xl-10 offset-xl-1\">\n<h2 class=\"wp-block-heading\">Warum SEV\u24d4 Starter-Kits w\u00e4hlen?<\/h2>\n<\/div><\/div>\n\n<div class=\"row content\"><div class=\"col-12 list col-xl-10 offset-xl-1\">\n<ul class=\"wp-block-list\">\n<li>Schnelle Installation, einfache Bedienung<\/li>\n\n\n\n<li>Flexibel und erweiterbar<\/li>\n\n\n\n<li>Umfassender und personalisierter Kundensupport<\/li>\n<\/ul>\n<\/div><\/div>\n\n<div class=\"row content\"><div class=\"col-12 paragraph col-xl-10 offset-xl-1\">\n<p>Mit unseren Starter-Kits starten Sie Ihre vernetzten Projekte einfach und mit Vertrauen. Unser Ziel ist es, Sie bei Ihrem \u00dcbergang zu intelligenten, skalierbaren und nachhaltigen Beleuchtungsl\u00f6sungen zu begleiten.<\/p>\n<\/div><\/div>\n\n\n<div style=\"height:50px\" aria-hidden=\"true\" class=\"wp-block-spacer\"><\/div>\n\n\n\n<div class=\"wp-block-columns is-layout-flex wp-container-core-columns-is-layout-9d6595d7 wp-block-columns-is-layout-flex\">\n<div class=\"wp-block-column is-layout-flow wp-block-column-is-layout-flow\"><div class=\"wp-block-image\">\n<figure class=\"aligncenter size-large is-resized\"><a href=\"https:\/\/sev-e.com\/de\/document\/starter-kit-lichtpunkt\/#canva\" target=\"_blank\" rel=\" noreferrer noopener\"><img decoding=\"async\" width=\"722\" height=\"1024\" src=\"https:\/\/sev-e.com\/wp-content\/uploads\/2025\/05\/couv-kit-point-lumineux-722x1024.jpg\" alt=\"\" class=\"wp-image-433\" style=\"width:300px\" srcset=\"https:\/\/sev-e.com\/wp-content\/uploads\/2025\/05\/couv-kit-point-lumineux-722x1024.jpg 722w, https:\/\/sev-e.com\/wp-content\/uploads\/2025\/05\/couv-kit-point-lumineux-212x300.jpg 212w, https:\/\/sev-e.com\/wp-content\/uploads\/2025\/05\/couv-kit-point-lumineux-768x1089.jpg 768w, https:\/\/sev-e.com\/wp-content\/uploads\/2025\/05\/couv-kit-point-lumineux-698x990.jpg 698w, https:\/\/sev-e.com\/wp-content\/uploads\/2025\/05\/couv-kit-point-lumineux-465x660.jpg 465w, https:\/\/sev-e.com\/wp-content\/uploads\/2025\/05\/couv-kit-point-lumineux-317x450.jpg 317w, https:\/\/sev-e.com\/wp-content\/uploads\/2025\/05\/couv-kit-point-lumineux-233x330.jpg 233w, https:\/\/sev-e.com\/wp-content\/uploads\/2025\/05\/couv-kit-point-lumineux-127x180.jpg 127w, https:\/\/sev-e.com\/wp-content\/uploads\/2025\/05\/couv-kit-point-lumineux-331x470.jpg 331w, https:\/\/sev-e.com\/wp-content\/uploads\/2025\/05\/couv-kit-point-lumineux-178x252.jpg 178w, https:\/\/sev-e.com\/wp-content\/uploads\/2025\/05\/couv-kit-point-lumineux.jpg 875w\" sizes=\"(max-width: 722px) 100vw, 722px\" \/><\/a><\/figure>\n<\/div><\/div>\n\n\n\n<div class=\"wp-block-column is-layout-flow wp-block-column-is-layout-flow\"><div class=\"wp-block-image\">\n<figure class=\"aligncenter size-large is-resized\"><a href=\"https:\/\/sev-e.com\/de\/document\/starter-kit-schaltschrank\/#canva\" target=\"_blank\" rel=\" noreferrer noopener\"><img decoding=\"async\" width=\"722\" height=\"1024\" src=\"https:\/\/sev-e.com\/wp-content\/uploads\/2025\/05\/couv-kit-armoire-722x1024.jpg\" alt=\"\" class=\"wp-image-435\" style=\"width:300px\" srcset=\"https:\/\/sev-e.com\/wp-content\/uploads\/2025\/05\/couv-kit-armoire-722x1024.jpg 722w, https:\/\/sev-e.com\/wp-content\/uploads\/2025\/05\/couv-kit-armoire-212x300.jpg 212w, https:\/\/sev-e.com\/wp-content\/uploads\/2025\/05\/couv-kit-armoire-768x1089.jpg 768w, https:\/\/sev-e.com\/wp-content\/uploads\/2025\/05\/couv-kit-armoire-698x990.jpg 698w, https:\/\/sev-e.com\/wp-content\/uploads\/2025\/05\/couv-kit-armoire-465x660.jpg 465w, https:\/\/sev-e.com\/wp-content\/uploads\/2025\/05\/couv-kit-armoire-317x450.jpg 317w, https:\/\/sev-e.com\/wp-content\/uploads\/2025\/05\/couv-kit-armoire-233x330.jpg 233w, https:\/\/sev-e.com\/wp-content\/uploads\/2025\/05\/couv-kit-armoire-127x180.jpg 127w, https:\/\/sev-e.com\/wp-content\/uploads\/2025\/05\/couv-kit-armoire-331x470.jpg 331w, https:\/\/sev-e.com\/wp-content\/uploads\/2025\/05\/couv-kit-armoire-178x252.jpg 178w, https:\/\/sev-e.com\/wp-content\/uploads\/2025\/05\/couv-kit-armoire.jpg 875w\" sizes=\"(max-width: 722px) 100vw, 722px\" \/><\/a><\/figure>\n<\/div><\/div>\n\n\n\n<div class=\"wp-block-column is-layout-flow wp-block-column-is-layout-flow\"><div class=\"wp-block-image\">\n<figure class=\"aligncenter size-large is-resized\"><a href=\"https:\/\/sev-e.com\/de\/document\/starter-kit-stadion\/#canva\" target=\"_blank\" rel=\" noreferrer noopener\"><img decoding=\"async\" width=\"722\" height=\"1024\" src=\"https:\/\/sev-e.com\/wp-content\/uploads\/2025\/05\/couv-kit-stade-722x1024.jpg\" alt=\"\" class=\"wp-image-431\" style=\"width:300px\" srcset=\"https:\/\/sev-e.com\/wp-content\/uploads\/2025\/05\/couv-kit-stade-722x1024.jpg 722w, https:\/\/sev-e.com\/wp-content\/uploads\/2025\/05\/couv-kit-stade-212x300.jpg 212w, https:\/\/sev-e.com\/wp-content\/uploads\/2025\/05\/couv-kit-stade-768x1089.jpg 768w, https:\/\/sev-e.com\/wp-content\/uploads\/2025\/05\/couv-kit-stade-698x990.jpg 698w, https:\/\/sev-e.com\/wp-content\/uploads\/2025\/05\/couv-kit-stade-465x660.jpg 465w, https:\/\/sev-e.com\/wp-content\/uploads\/2025\/05\/couv-kit-stade-317x450.jpg 317w, https:\/\/sev-e.com\/wp-content\/uploads\/2025\/05\/couv-kit-stade-233x330.jpg 233w, https:\/\/sev-e.com\/wp-content\/uploads\/2025\/05\/couv-kit-stade-127x180.jpg 127w, https:\/\/sev-e.com\/wp-content\/uploads\/2025\/05\/couv-kit-stade-331x470.jpg 331w, https:\/\/sev-e.com\/wp-content\/uploads\/2025\/05\/couv-kit-stade-178x252.jpg 178w, https:\/\/sev-e.com\/wp-content\/uploads\/2025\/05\/couv-kit-stade.jpg 875w\" sizes=\"(max-width: 722px) 100vw, 722px\" \/><\/a><\/figure>\n<\/div><\/div>\n<\/div>\n\n\n\n<div style=\"height:100px\" aria-hidden=\"true\" class=\"wp-block-spacer\"><\/div>\n","protected":false},"excerpt":{"rendered":"<p>Angepasste L\u00f6sungen f\u00fcr Ihre Beleuchtungsprojekte Egal, ob Sie die Beleuchtung Ihres Stadions vernetzen, Ihre Elektroverteiler verwalten oder die Beleuchtung von Lichtpunkten optimieren m\u00f6chten \u2013 unsere Starter-Kits sind darauf ausgelegt, sich Ihren spezifischen Anforderungen anzupassen. Sie sind der ideale Weg, um vernetzte Technologien mit minimalem Aufwand und maximaler Effizienz zu erkunden und zu testen. Warum SEV\u24d4 [&hellip;]<\/p>\n","protected":false},"author":1,"featured_media":0,"parent":0,"menu_order":0,"comment_status":"closed","ping_status":"closed","template":"","meta":{"_acf_changed":false,"footnotes":""},"class_list":["post-1812","page","type-page","status-publish","hentry"],"acf":[],"_links":{"self":[{"href":"https:\/\/sev-e.com\/de\/wp-json\/wp\/v2\/pages\/1812","targetHints":{"allow":["GET"]}}],"collection":[{"href":"https:\/\/sev-e.com\/de\/wp-json\/wp\/v2\/pages"}],"about":[{"href":"https:\/\/sev-e.com\/de\/wp-json\/wp\/v2\/types\/page"}],"author":[{"embeddable":true,"href":"https:\/\/sev-e.com\/de\/wp-json\/wp\/v2\/users\/1"}],"replies":[{"embeddable":true,"href":"https:\/\/sev-e.com\/de\/wp-json\/wp\/v2\/comments?post=1812"}],"version-history":[{"count":2,"href":"https:\/\/sev-e.com\/de\/wp-json\/wp\/v2\/pages\/1812\/revisions"}],"predecessor-version":[{"id":1966,"href":"https:\/\/sev-e.com\/de\/wp-json\/wp\/v2\/pages\/1812\/revisions\/1966"}],"wp:attachment":[{"href":"https:\/\/sev-e.com\/de\/wp-json\/wp\/v2\/media?parent=1812"}],"curies":[{"name":"wp","href":"https:\/\/api.w.org\/{rel}","templated":true}]}}