{"id":1810,"date":"2025-05-19T10:15:44","date_gmt":"2025-05-19T08:15:44","guid":{"rendered":"https:\/\/sev-e.com\/?page_id=1810"},"modified":"2025-08-14T09:20:02","modified_gmt":"2025-08-14T07:20:02","slug":"produkte","status":"publish","type":"page","link":"https:\/\/sev-e.com\/de\/produkte\/","title":{"rendered":"Produkte"},"content":{"rendered":"\n\n<div id=\"block-hero-block_b6bbed85aa02bd4c9beacb35af200d21\" class=\"row page_intro_part  block-hero\">\n    <div class=\"col-12 breadcrumb_part\">\n    <nav aria-label=\"breadcrumbs\" class=\"rank-math-breadcrumb\"><p><span class=\"last\">Startseite<\/span><\/p><\/nav>    <\/div>\n    <div class=\"col-12 col-xxl-8 offset-xxl-2\">\n        <h1 class=\"h1 blue\">Entdecken Sie die Produkte der SEV&#8217;osph\u00e4re<\/h1>\n        <div class=\"desc\"><p>Bei SEV\u24d4 wird jedes Produkt sorgf\u00e4ltig ausgew\u00e4hlt, um den spezifischen Bed\u00fcrfnissen innovativer, flexibler und verantwortungsbewusster Regionen gerecht zu werden. Wir schaffen ein \u00d6kosystem, das auf Nachhaltigkeit und Effizienz ausgerichtet ist und gleichzeitig einen lokalen und ethischen Ansatz verfolgt.<\/p>\n<\/div>    <\/div>\n<\/div>\n\n\n\n\n<div style=\"height:50px\" aria-hidden=\"true\" class=\"wp-block-spacer\"><\/div>\n\n\n<div class=\"row content\"><div class=\"col-12 heading col-xl-10 offset-xl-1\">\n<h2 class=\"wp-block-heading\">Ein verantwortungsbewusstes und lokales \u00d6kosystem<\/h2>\n<\/div><\/div>\n\n<div class=\"row content\"><div class=\"col-12 paragraph col-xl-10 offset-xl-1\">\n<p>Das Herzst\u00fcck der SEV&#8217;osph\u00e4re liegt in der strategischen Auswahl unserer Partner. Wir bauen intelligente und gegenseitige Gesch\u00e4ftsbeziehungen auf, die auf gemeinsamen ethischen Grunds\u00e4tzen und einer geteilten Vision basieren. Dieser Ansatz stellt sicher, dass die von uns angebotenen L\u00f6sungen nicht nur leistungsf\u00e4hig sind, sondern auch mit den Werten der Nachhaltigkeit und des Umweltschutzes \u00fcbereinstimmen.<\/p>\n<\/div><\/div>\n\n\n<div style=\"height:50px\" aria-hidden=\"true\" class=\"wp-block-spacer\"><\/div>\n\n\n<div class=\"row content\"><div class=\"col-12 heading col-xl-10 offset-xl-1\">\n<h2 class=\"wp-block-heading\">Produkte, die auf Ihre Bed\u00fcrfnisse zugeschnitten sind<\/h2>\n<\/div><\/div>\n\n<div class=\"row content\"><div class=\"col-12 paragraph col-xl-10 offset-xl-1\">\n<p>Jedes Produkt der SEV&#8217;osph\u00e4re ist so konzipiert, dass es f\u00fcr eine Vielzahl von Anwendungsf\u00e4llen anpassbar ist. Wir ber\u00fccksichtigen Ihre speziellen Anforderungen und empfehlen ma\u00dfgeschneiderte L\u00f6sungen.<\/p>\n<\/div><\/div>\n\n\n<div style=\"height:50px\" aria-hidden=\"true\" class=\"wp-block-spacer\"><\/div>\n\n\n<div class=\"row content\"><div class=\"col-12 heading col-xl-10 offset-xl-1\">\n<h2 class=\"wp-block-heading\">Unsere Verpflichtungen<\/h2>\n<\/div><\/div>\n\n<div class=\"row content\"><div class=\"col-12 list col-xl-10 offset-xl-1\">\n<ul class=\"wp-block-list\">\n<li>Qualit\u00e4t: Unsere Produkte werden aufgrund ihrer Zuverl\u00e4ssigkeit und ihrer F\u00e4higkeit ausgew\u00e4hlt, die h\u00f6chsten Standards zu erf\u00fcllen.<\/li>\n\n\n\n<li>Leistung: Jede L\u00f6sung ist optimiert, um die Energie- und Funktionseffizienz zu maximieren und den Herausforderungen moderner Regionen gerecht zu werden.<\/li>\n\n\n\n<li>Nachhaltigkeit: Wir verpflichten uns, Produkte zu f\u00f6rdern, die ihre Umweltbelastung \u00fcber den gesamten Lebenszyklus minimieren.<\/li>\n<\/ul>\n<\/div><\/div>\n\n\n<div style=\"height:50px\" aria-hidden=\"true\" class=\"wp-block-spacer\"><\/div>\n\n\n<div class=\"row content\"><div class=\"col-12 heading col-xl-10 offset-xl-1\">\n<h2 class=\"wp-block-heading\">L\u00f6sungen f\u00fcr verantwortungsbewusste Regionen<\/h2>\n<\/div><\/div>\n\n<div class=\"row content\"><div class=\"col-12 paragraph col-xl-10 offset-xl-1\">\n<p>Die SEV&#8217;osph\u00e4re ist nicht nur ein Produktkatalog, sondern ein \u00d6kosystem, das mit den sich wandelnden Bed\u00fcrfnissen der Regionen w\u00e4chst. Durch die Integration modernster Technologien und die Zusammenarbeit mit Partnern, die unsere Werte teilen, schaffen wir L\u00f6sungen, die nachhaltige Entwicklung und Innovation f\u00f6rdern.<\/p>\n<\/div><\/div>\n\n\n<div style=\"height:100px\" aria-hidden=\"true\" class=\"wp-block-spacer\"><\/div>\n\n\n<div class=\"row content\"><div class=\"col-12 paragraph col-xl-10 offset-xl-1\">\n<p><\/p>\n<\/div><\/div>","protected":false},"excerpt":{"rendered":"<p>Ein verantwortungsbewusstes und lokales \u00d6kosystem Das Herzst\u00fcck der SEV&#8217;osph\u00e4re liegt in der strategischen Auswahl unserer Partner. Wir bauen intelligente und gegenseitige Gesch\u00e4ftsbeziehungen auf, die auf gemeinsamen ethischen Grunds\u00e4tzen und einer geteilten Vision basieren. Dieser Ansatz stellt sicher, dass die von uns angebotenen L\u00f6sungen nicht nur leistungsf\u00e4hig sind, sondern auch mit den Werten der Nachhaltigkeit und [&hellip;]<\/p>\n","protected":false},"author":1,"featured_media":0,"parent":0,"menu_order":0,"comment_status":"closed","ping_status":"closed","template":"","meta":{"_acf_changed":false,"footnotes":""},"class_list":["post-1810","page","type-page","status-publish","hentry"],"acf":[],"_links":{"self":[{"href":"https:\/\/sev-e.com\/de\/wp-json\/wp\/v2\/pages\/1810","targetHints":{"allow":["GET"]}}],"collection":[{"href":"https:\/\/sev-e.com\/de\/wp-json\/wp\/v2\/pages"}],"about":[{"href":"https:\/\/sev-e.com\/de\/wp-json\/wp\/v2\/types\/page"}],"author":[{"embeddable":true,"href":"https:\/\/sev-e.com\/de\/wp-json\/wp\/v2\/users\/1"}],"replies":[{"embeddable":true,"href":"https:\/\/sev-e.com\/de\/wp-json\/wp\/v2\/comments?post=1810"}],"version-history":[{"count":1,"href":"https:\/\/sev-e.com\/de\/wp-json\/wp\/v2\/pages\/1810\/revisions"}],"predecessor-version":[{"id":1811,"href":"https:\/\/sev-e.com\/de\/wp-json\/wp\/v2\/pages\/1810\/revisions\/1811"}],"wp:attachment":[{"href":"https:\/\/sev-e.com\/de\/wp-json\/wp\/v2\/media?parent=1810"}],"curies":[{"name":"wp","href":"https:\/\/api.w.org\/{rel}","templated":true}]}}