{"id":1808,"date":"2025-05-19T10:15:33","date_gmt":"2025-05-19T08:15:33","guid":{"rendered":"https:\/\/sev-e.com\/?page_id=1808"},"modified":"2025-08-14T10:53:17","modified_gmt":"2025-08-14T08:53:17","slug":"die-platform","status":"publish","type":"page","link":"https:\/\/sev-e.com\/de\/die-platform\/","title":{"rendered":"Die platform"},"content":{"rendered":"\n\n<div id=\"block-hero-block_cb7f043425cfb828ba85006f414d702a\" class=\"row page_intro_part  block-hero\">\n    <div class=\"col-12 breadcrumb_part\">\n    <nav aria-label=\"breadcrumbs\" class=\"rank-math-breadcrumb\"><p><span class=\"last\">Startseite<\/span><\/p><\/nav>    <\/div>\n    <div class=\"col-12 col-xxl-8 offset-xxl-2\">\n        <h1 class=\"h1 blue\">SEV\u24d4 Connect<br>Eine intuitive und vielseitige Plattform zur Datenverwaltung<\/h1>\n        <div class=\"desc\"><p>SEV\u24d4 Connect ist weit mehr als ein einfaches Tool zur Datenvisualisierung. Es handelt sich um eine innovative Plattform, die daf\u00fcr entwickelt wurde, alle Ihre Sensoren zu programmieren und zu verbinden \u2013 unabh\u00e4ngig vom verwendeten Kommunikationsprotokoll und f\u00fcr alle Einsatzbereiche. Sie vereinfacht die Verwaltung Ihrer Daten und bietet gleichzeitig einen ma\u00dfgeschneiderten und skalierbaren Ansatz.<\/p>\n<\/div>    <\/div>\n<\/div>\n\n\n\n\n<div style=\"height:50px\" aria-hidden=\"true\" class=\"wp-block-spacer\"><\/div>\n\n\n<div class=\"row content\"><div class=\"col-12 heading col-xl-10 offset-xl-1\">\n<h2 class=\"wp-block-heading\">St\u00e4rken der Plattform<\/h2>\n<\/div><\/div>\n\n<div id=\"block-hero-block_e3d96566d58faee9a8a40c037d5f5032\" class=\"row txt_media_part left block-hero\">\n\t<div class=\"col-12 col-lg-6 col-xl-5 order-1 media_bloc d-lg-flex align-items-center\">\n\t\t<img decoding=\"async\" src=\"https:\/\/sev-e.com\/wp-content\/uploads\/2025\/08\/plateforme-seve.jpg\" alt=\"\" class=\"img-fluid\">\t<\/div>\n\t<div class=\"col-12 col-lg-6 col-xl-7 d-flex align-items-center order-2 txt_bloc\">\n        <div class=\"content p-2 p-sm-5\">\n\t\t<ul>\n<li><strong>Intuitiv<\/strong>: Eine klare und benutzerfreundliche Oberfl\u00e4che, die es allen Nutzern erm\u00f6glicht, sich einfach durch die Daten zu navigieren.<\/li>\n<li><strong>Interoperabel<\/strong>: Kompatibel mit allen Kommunikationsprotokollen, passt sich SEV\u24d4 Connect flexibel an Ihre vorhandene Ausr\u00fcstung an.<\/li>\n<li><strong>Modular<\/strong>: Passen Sie die Plattform individuell an Ihre speziellen Anforderungen und Anwendungsf\u00e4lle an.<\/li>\n<li><strong>Skalierbar<\/strong>: Die Flexibilit\u00e4t von SEV\u24d4 Connect erm\u00f6glicht es, jederzeit neue Sensoren oder Funktionen hinzuzuf\u00fcgen, um wachsenden Anforderungen gerecht zu werden.<\/li>\n<li><strong>Sicher<\/strong>: Entwickelt mit dem Fokus auf Datenschutz und Einhaltung der DSGVO, steht Sicherheit im Zentrum unserer L\u00f6sung.<\/li>\n<\/ul>\n        <\/div>\n\t<\/div>\n<\/div>\n\n\n\n\n<div class=\"row content\"><div class=\"col-12 paragraph col-xl-10 offset-xl-1\">\n<p>SEV\u24d4 Connect zeichnet sich durch die F\u00e4higkeit aus, jeden beliebigen Sensor oder vernetzte Ger\u00e4te anzubinden und die Daten auf einem individuell anpassbaren Dashboard darzustellen, das auf verschiedene Fachbereiche zugeschnitten ist. Ob Sie komplexe Daten analysieren oder Sensoren in Echtzeit \u00fcberwachen m\u00f6chten \u2013 SEV\u24d4 Connect bietet tausende M\u00f6glichkeiten, den idealen Anwendungsfall zu gestalten.<\/p>\n<\/div><\/div>\n\n\n<div style=\"height:50px\" aria-hidden=\"true\" class=\"wp-block-spacer\"><\/div>\n\n\n<div class=\"row content\"><div class=\"col-12 heading col-xl-10 offset-xl-1\">\n<h2 class=\"wp-block-heading\">Fortgeschrittene Funktionen f\u00fcr eine optimale Steuerung<\/h2>\n<\/div><\/div>\n\n<div id=\"block-hero-block_0c00d8f27a77520f6aa3270b5ce7a2e9\" class=\"row txt_media_part right block-hero\">\n\t<div class=\"col-12 col-lg-6 col-xl-5 order-1 order-lg-2 media_bloc d-lg-flex align-items-center\">\n\t\t<img decoding=\"async\" src=\"https:\/\/sev-e.com\/wp-content\/uploads\/2025\/06\/Image-14-543x470.png\" alt=\"\" class=\"img-fluid\">\t<\/div>\n\t<div class=\"col-12 col-lg-6 col-xl-7 d-flex align-items-center order-2 order-lg-1 txt_bloc\">\n        <div class=\"content p-2 p-sm-5\">\n\t\t<ul>\n<li><strong>Vereinfachtes Dashboard<\/strong>: Klare und effiziente Visualisierung f\u00fcr schnellen Zugriff auf die wichtigsten Informationen.<\/li>\n<li><strong>Angepasste Zugriffsrechte<\/strong>: Personalisierbare Berechtigungen, damit jeder Nutzer nur die f\u00fcr seine Rolle relevanten Daten sieht.<\/li>\n<li><strong>Analyse und Prognose<\/strong>: Nutzen Sie historische Daten, um Trends zu erkennen, zuk\u00fcnftige Ereignisse vorherzusagen und Entscheidungen zu verbessern.<\/li>\n<li><strong>Ereignisausl\u00f6sung<\/strong>: Stellen Sie Schwellenwerte und Warnungen ein, um Ver\u00e4nderungen fr\u00fchzeitig zu erkennen und schnell zu reagieren.<\/li>\n<li><strong>Echtzeit-Tracking<\/strong>: Verfolgen Sie Ihre Sensoren auf einer interaktiven Karte f\u00fcr eine vollst\u00e4ndige und sofortige \u00dcbersicht Ihrer Infrastruktur.<\/li>\n<\/ul>\n        <\/div>\n\t<\/div>\n<\/div>\n\n\n\n\n<div class=\"wp-block-image\">\n<figure class=\"aligncenter size-large\"><img decoding=\"async\" width=\"1024\" height=\"683\" src=\"https:\/\/sev-e.com\/wp-content\/uploads\/2025\/06\/Image-13-1024x683.png\" alt=\"\" class=\"wp-image-648\" srcset=\"https:\/\/sev-e.com\/wp-content\/uploads\/2025\/06\/Image-13-1024x683.png 1024w, https:\/\/sev-e.com\/wp-content\/uploads\/2025\/06\/Image-13-300x200.png 300w, https:\/\/sev-e.com\/wp-content\/uploads\/2025\/06\/Image-13-768x512.png 768w, https:\/\/sev-e.com\/wp-content\/uploads\/2025\/06\/Image-13-1536x1024.png 1536w, https:\/\/sev-e.com\/wp-content\/uploads\/2025\/06\/Image-13-2048x1365.png 2048w, https:\/\/sev-e.com\/wp-content\/uploads\/2025\/06\/Image-13-scaled.png 1900w, https:\/\/sev-e.com\/wp-content\/uploads\/2025\/06\/Image-13-1320x880.png 1320w, https:\/\/sev-e.com\/wp-content\/uploads\/2025\/06\/Image-13-990x660.png 990w, https:\/\/sev-e.com\/wp-content\/uploads\/2025\/06\/Image-13-660x440.png 660w, https:\/\/sev-e.com\/wp-content\/uploads\/2025\/06\/Image-13-450x300.png 450w, https:\/\/sev-e.com\/wp-content\/uploads\/2025\/06\/Image-13-330x220.png 330w, https:\/\/sev-e.com\/wp-content\/uploads\/2025\/06\/Image-13-180x120.png 180w, https:\/\/sev-e.com\/wp-content\/uploads\/2025\/06\/Image-13-543x362.png 543w, https:\/\/sev-e.com\/wp-content\/uploads\/2025\/06\/Image-13-321x214.png 321w\" sizes=\"(max-width: 1024px) 100vw, 1024px\" \/><\/figure>\n<\/div>\n\n\n<div style=\"height:50px\" aria-hidden=\"true\" class=\"wp-block-spacer\"><\/div>\n\n\n<div class=\"row content\"><div class=\"col-12 buttons col-xl-10 offset-xl-1\">\n<div class=\"wp-block-buttons is-content-justification-center is-layout-flex wp-container-core-buttons-is-layout-16018d1d wp-block-buttons-is-layout-flex\"><div class=\"wp-block-button\"><a class=\"wp-block-button__link wp-element-button\" href=\"https:\/\/sev-e.com\/de\/kontakt\/\"><span>Demo anfordern<\/span><\/a><\/div><\/div>\n<\/div><\/div>\n\n\n<div style=\"height:100px\" aria-hidden=\"true\" class=\"wp-block-spacer\"><\/div>\n","protected":false},"excerpt":{"rendered":"<p>St\u00e4rken der Plattform SEV\u24d4 Connect zeichnet sich durch die F\u00e4higkeit aus, jeden beliebigen Sensor oder vernetzte Ger\u00e4te anzubinden und die Daten auf einem individuell anpassbaren Dashboard darzustellen, das auf verschiedene Fachbereiche zugeschnitten ist. Ob Sie komplexe Daten analysieren oder Sensoren in Echtzeit \u00fcberwachen m\u00f6chten \u2013 SEV\u24d4 Connect bietet tausende M\u00f6glichkeiten, den idealen Anwendungsfall zu gestalten. [&hellip;]<\/p>\n","protected":false},"author":1,"featured_media":0,"parent":0,"menu_order":0,"comment_status":"closed","ping_status":"closed","template":"","meta":{"_acf_changed":false,"footnotes":""},"class_list":["post-1808","page","type-page","status-publish","hentry"],"acf":[],"_links":{"self":[{"href":"https:\/\/sev-e.com\/de\/wp-json\/wp\/v2\/pages\/1808","targetHints":{"allow":["GET"]}}],"collection":[{"href":"https:\/\/sev-e.com\/de\/wp-json\/wp\/v2\/pages"}],"about":[{"href":"https:\/\/sev-e.com\/de\/wp-json\/wp\/v2\/types\/page"}],"author":[{"embeddable":true,"href":"https:\/\/sev-e.com\/de\/wp-json\/wp\/v2\/users\/1"}],"replies":[{"embeddable":true,"href":"https:\/\/sev-e.com\/de\/wp-json\/wp\/v2\/comments?post=1808"}],"version-history":[{"count":2,"href":"https:\/\/sev-e.com\/de\/wp-json\/wp\/v2\/pages\/1808\/revisions"}],"predecessor-version":[{"id":1964,"href":"https:\/\/sev-e.com\/de\/wp-json\/wp\/v2\/pages\/1808\/revisions\/1964"}],"wp:attachment":[{"href":"https:\/\/sev-e.com\/de\/wp-json\/wp\/v2\/media?parent=1808"}],"curies":[{"name":"wp","href":"https:\/\/api.w.org\/{rel}","templated":true}]}}