{"id":1801,"date":"2025-05-19T10:15:18","date_gmt":"2025-05-19T08:15:18","guid":{"rendered":"https:\/\/sev-e.com\/?page_id=1801"},"modified":"2025-10-20T11:51:58","modified_gmt":"2025-10-20T09:51:58","slug":"gebaeude","status":"publish","type":"page","link":"https:\/\/sev-e.com\/de\/gebaeude\/","title":{"rendered":"Geb\u00e4ude"},"content":{"rendered":"\n\n<div id=\"block-hero-block_f17007cb1b2fad6997bc3430e50f3504\" class=\"row page_intro_part  block-hero\">\n    <div class=\"col-12 breadcrumb_part\">\n    <nav aria-label=\"breadcrumbs\" class=\"rank-math-breadcrumb\"><p><span class=\"last\">Startseite<\/span><\/p><\/nav>    <\/div>\n    <div class=\"col-12 col-xxl-8 offset-xxl-2\">\n        <h1 class=\"h1 blue\">Geb\u00e4ude<\/h1>\n        <div class=\"desc\"><p>Die vernetzte Geb\u00e4udeverwaltung basiert auf der Echtzeitanalyse von Daten, um die Energieeffizienz, den Komfort der Nutzer und die Sicherheit zu optimieren. Durch intelligente Automatisierung erm\u00f6glicht sie die Senkung der Betriebskosten, die fr\u00fchzeitige Erkennung von Wartungsbedarf und die Minimierung der Umweltbelastung. Dieser innovative Ansatz verwandelt Geb\u00e4ude in nachhaltigere, reaktionsf\u00e4higere und an moderne Nutzungen angepasste R\u00e4ume.<\/p>\n<\/div>    <\/div>\n<\/div>\n\n\n\n\n<div style=\"height:50px\" aria-hidden=\"true\" class=\"wp-block-spacer\"><\/div>\n\n\n\n\n<div id=\"block-hero-block_fa2c06a57e1e587308db9aa38a148a71\" class=\"row columns_part  block-hero\">\n            <div class=\"col-12 col-sm-6 col-xl-3 p-3 text-center \">\n            <div class=\"column\">\n                                <div class=\"img\">\n                    <img decoding=\"async\" src=\"https:\/\/sev-e.com\/wp-content\/uploads\/2025\/06\/Picto-18.png\" alt=\"\" class=\"img-fluid\">\n                <\/div>\n                                <div class=\"txt text-start\">\n                    <p><strong>Sicherheit <\/strong><\/p>\n<p>\u00dcberwachen Sie in Echtzeit Zug\u00e4nge und Parkpl\u00e4tze, erkennen Sie Einbr\u00fcche und reagieren Sie schnell auf Vorf\u00e4lle, um eine sichere und gesch\u00fctzte Umgebung zu gew\u00e4hrleisten.<\/p>\n                <\/div>\n            <\/div>\n        <\/div>\n            <div class=\"col-12 col-sm-6 col-xl-3 p-3 text-center \">\n            <div class=\"column\">\n                                <div class=\"img\">\n                    <img decoding=\"async\" src=\"https:\/\/sev-e.com\/wp-content\/uploads\/2025\/06\/Picto-19.png\" alt=\"\" class=\"img-fluid\">\n                <\/div>\n                                <div class=\"txt text-start\">\n                    <p><strong>Wartung <\/strong><\/p>\n<p>\u00dcberwachen Sie die Leistung in Echtzeit, antizipieren Sie Ausf\u00e4lle und reduzieren Sie Ausfallzeiten, um eine kontinuierliche und effiziente Produktion sicherzustellen.<\/p>\n                <\/div>\n            <\/div>\n        <\/div>\n            <div class=\"col-12 col-sm-6 col-xl-3 p-3 text-center \">\n            <div class=\"column\">\n                                <div class=\"img\">\n                    <img decoding=\"async\" src=\"https:\/\/sev-e.com\/wp-content\/uploads\/2025\/06\/Picto-11.png\" alt=\"\" class=\"img-fluid\">\n                <\/div>\n                                <div class=\"txt text-start\">\n                    <p><strong>Verbesserung des Arbeitsumfelds <\/strong><\/p>\n<p>Verbessern Sie die Umgebung Ihrer R\u00e4ume durch vernetzte M\u00fcll- und L\u00e4rmmessungen, um ein angenehmes und gesundes Lebensumfeld zu schaffen.<\/p>\n                <\/div>\n            <\/div>\n        <\/div>\n            <div class=\"col-12 col-sm-6 col-xl-3 p-3 text-center \">\n            <div class=\"column\">\n                                <div class=\"img\">\n                    <img decoding=\"async\" src=\"https:\/\/sev-e.com\/wp-content\/uploads\/2025\/06\/Picto-20.png\" alt=\"\" class=\"img-fluid\">\n                <\/div>\n                                <div class=\"txt text-start\">\n                    <p><strong>Ressourcenmanagement <\/strong><\/p>\n<p>\u00dcberwachen Sie in Echtzeit Ihren Wasser-, Gas- und Stromverbrauch, erkennen Sie schnell Lecks und optimieren Sie die Ressourcennutzung f\u00fcr ein nachhaltiges und effizientes Management.<\/p>\n                <\/div>\n            <\/div>\n        <\/div>\n    <\/div>\n\n\n\n\n<div style=\"height:50px\" aria-hidden=\"true\" class=\"wp-block-spacer\"><\/div>\n\n\n<div id=\"block-hero-block_ffd5d85ad8bec9f6fe16b36494f15840\" class=\"row txt_media_part left block-hero\">\n\t<div class=\"col-12 col-lg-6 col-xl-5 order-1 media_bloc d-lg-flex align-items-center\">\n\t\t<img decoding=\"async\" src=\"https:\/\/sev-e.com\/wp-content\/uploads\/2025\/07\/plateforme-batiments-543x470.jpg\" alt=\"\" class=\"img-fluid\">\t<\/div>\n\t<div class=\"col-12 col-lg-6 col-xl-7 d-flex align-items-center order-2 txt_bloc\">\n        <div class=\"content p-2 p-sm-5\">\n\t\t<h2>Anwendungsf\u00e4lle im Geb\u00e4udebereich<\/h2>\n<ul>\n<li>Erkennung von Schadstoffen\/Partikeln\/Allergenen<\/li>\n<li>Hygieneindikatoren<\/li>\n<li>Kontrolle von Bel\u00fcftung und Luftfiltration<\/li>\n<li>Programmierung<\/li>\n<li>Fernsteuerung<\/li>\n<li>Messungen<\/li>\n<li>Klimatisierung<\/li>\n<li>Erkennung offener T\u00fcren<\/li>\n<li>Z\u00e4hlung von Ein- und Ausg\u00e4ngen<\/li>\n<li>Leckerkennung<\/li>\n<li>Pr\u00e4senzdetektion<\/li>\n<li>Ausfallrisiken<\/li>\n<li>Nat\u00fcrliches Licht<\/li>\n<li>Z\u00e4hlerfernauslesung<\/li>\n<li>L\u00e4rm\u00fcberwachung<\/li>\n<li>Abfallmanagement<\/li>\n<\/ul>\n        <\/div>\n\t<\/div>\n<\/div>\n\n\n\n\n\n<div style=\"height:30px\" aria-hidden=\"true\" class=\"wp-block-spacer\"><\/div>\n\n\n\n\n<div id=\"block-hero-block_43bd64bef2b00018a55afaa79c686872\" class=\"row columns_part  block-hero\">\n            <div class=\"col-12 col-sm-6 col-xl-3 p-3 text-center offset-lg-3\">\n            <div class=\"column\">\n                                <div class=\"txt text-start\">\n                    <p style=\"text-align: center;\">Die Beleuchtung im terti\u00e4ren Sektor verursacht derzeit<br \/>\n<span style=\"color: #f0d18b; font-size: 300%; font-weight: bold;\"> 1 600 000<\/span><br \/>\nCO2-Emissionen. Eine gut durchgef\u00fchrte Renovierung dieser Bereiche k\u00f6nnte diesen CO2-Fu\u00dfabdruck auf 650.000 Tonnen reduzieren.<\/p>\n                <\/div>\n            <\/div>\n        <\/div>\n            <div class=\"col-12 col-sm-6 col-xl-3 p-3 text-center \">\n            <div class=\"column\">\n                                <div class=\"txt text-start\">\n                    <p style=\"text-align: center;\">Seit Oktober 2023 verpflichtet eine<br \/>\nRichtlinie \u00f6ffentliche Geb\u00e4ude, ihren Energieverbrauch j\u00e4rlich um<br \/>\n<span style=\"color: #f0d18b; font-size: 300%; font-weight: bold;\">1,9%<\/span><br \/>\nzu senken und jedes Jahr<br \/>\n<span style=\"color: #f0d18b; font-size: 300%; font-weight: bold;\">3%<\/span><br \/>\nihrer beheizten oder gek\u00fchlten Fl\u00e4che zu renovieren.<\/p>\n                <\/div>\n            <\/div>\n        <\/div>\n    <\/div>\n\n\n\n\n<div style=\"height:100px\" aria-hidden=\"true\" class=\"wp-block-spacer\"><\/div>\n","protected":false},"excerpt":{"rendered":"","protected":false},"author":1,"featured_media":0,"parent":0,"menu_order":0,"comment_status":"closed","ping_status":"closed","template":"","meta":{"_acf_changed":false,"footnotes":""},"class_list":["post-1801","page","type-page","status-publish","hentry"],"acf":[],"_links":{"self":[{"href":"https:\/\/sev-e.com\/de\/wp-json\/wp\/v2\/pages\/1801","targetHints":{"allow":["GET"]}}],"collection":[{"href":"https:\/\/sev-e.com\/de\/wp-json\/wp\/v2\/pages"}],"about":[{"href":"https:\/\/sev-e.com\/de\/wp-json\/wp\/v2\/types\/page"}],"author":[{"embeddable":true,"href":"https:\/\/sev-e.com\/de\/wp-json\/wp\/v2\/users\/1"}],"replies":[{"embeddable":true,"href":"https:\/\/sev-e.com\/de\/wp-json\/wp\/v2\/comments?post=1801"}],"version-history":[{"count":4,"href":"https:\/\/sev-e.com\/de\/wp-json\/wp\/v2\/pages\/1801\/revisions"}],"predecessor-version":[{"id":2245,"href":"https:\/\/sev-e.com\/de\/wp-json\/wp\/v2\/pages\/1801\/revisions\/2245"}],"wp:attachment":[{"href":"https:\/\/sev-e.com\/de\/wp-json\/wp\/v2\/media?parent=1801"}],"curies":[{"name":"wp","href":"https:\/\/api.w.org\/{rel}","templated":true}]}}