{"id":1800,"date":"2025-05-19T10:15:08","date_gmt":"2025-05-19T08:15:08","guid":{"rendered":"https:\/\/sev-e.com\/?page_id=1800"},"modified":"2025-10-20T11:44:13","modified_gmt":"2025-10-20T09:44:13","slug":"energie","status":"publish","type":"page","link":"https:\/\/sev-e.com\/de\/energie\/","title":{"rendered":"Energie"},"content":{"rendered":"\n\n<div id=\"block-hero-block_73b7cca202677af25349a0396797920d\" class=\"row page_intro_part  block-hero\">\n    <div class=\"col-12 breadcrumb_part\">\n    <nav aria-label=\"breadcrumbs\" class=\"rank-math-breadcrumb\"><p><span class=\"last\">Startseite<\/span><\/p><\/nav>    <\/div>\n    <div class=\"col-12 col-xxl-8 offset-xxl-2\">\n        <h1 class=\"h1 blue\">Energie<\/h1>\n        <div class=\"desc\"><p>Dank technologischer Fortschritte sind wir heute in der Lage, unsere Ressourcen besser zu steuern und zu optimieren. Die Reduzierung des Energieverbrauchs ist eine unserer vorrangigen Herausforderungen und erfordert die Integration erneuerbarer und lokaler Energien. Besonderes Augenmerk gilt dabei den Verteilnetzen, den Ladestationen und der Solarenergieerzeugung.<\/p>\n<\/div>    <\/div>\n<\/div>\n\n\n\n\n<div style=\"height:50px\" aria-hidden=\"true\" class=\"wp-block-spacer\"><\/div>\n\n\n\n\n<div id=\"block-hero-block_1eafff5e92d889ab857179e56876ecbe\" class=\"row columns_part  block-hero\">\n            <div class=\"col-12 col-sm-6 col-xl-3 p-3 text-center \">\n            <div class=\"column\">\n                                <div class=\"img\">\n                    <img decoding=\"async\" src=\"https:\/\/sev-e.com\/wp-content\/uploads\/2025\/06\/Picto-14.png\" alt=\"\" class=\"img-fluid\">\n                <\/div>\n                                <div class=\"txt text-start\">\n                    <p><strong>Elektrische Netze <\/strong><\/p>\n<p>Sch\u00fctzen und sichern Sie Ihre elektrische Anlage. \u00dcberwachen Sie Ihren Verbrauch in Echtzeit entsprechend Ihrer Nutzung und erkennen Sie schnell m\u00f6gliche St\u00f6rungen oder Diebst\u00e4hle.<\/p>\n                <\/div>\n            <\/div>\n        <\/div>\n            <div class=\"col-12 col-sm-6 col-xl-3 p-3 text-center \">\n            <div class=\"column\">\n                                <div class=\"img\">\n                    <img decoding=\"async\" src=\"https:\/\/sev-e.com\/wp-content\/uploads\/2025\/06\/Picto-15.png\" alt=\"\" class=\"img-fluid\">\n                <\/div>\n                                <div class=\"txt text-start\">\n                    <p><strong>Erneuerbare Energien <\/strong><\/p>\n<p>Die Produktion erneuerbarer Energien ist eine globale Herausforderung f\u00fcr \u00d6kologie und Energieeinsparung. Verwalten Sie Ihre Produktion und senken Sie gleichzeitig Ihre Kosten.<\/p>\n                <\/div>\n            <\/div>\n        <\/div>\n            <div class=\"col-12 col-sm-6 col-xl-3 p-3 text-center \">\n            <div class=\"column\">\n                                <div class=\"img\">\n                    <img decoding=\"async\" src=\"https:\/\/sev-e.com\/wp-content\/uploads\/2025\/06\/Picto-16.png\" alt=\"\" class=\"img-fluid\">\n                <\/div>\n                                <div class=\"txt text-start\">\n                    <p><strong>Verkehrsenergie <\/strong><\/p>\n<p>\u00dcberwachen Sie Ihre Ladestationen und Kraftstoffst\u00e4nde in Echtzeit, optimieren Sie deren Nutzung und erkennen Sie schnell Anomalien, um eine reibungslose und nachhaltige Mobilit\u00e4t zu gew\u00e4hrleisten.<\/p>\n                <\/div>\n            <\/div>\n        <\/div>\n            <div class=\"col-12 col-sm-6 col-xl-3 p-3 text-center \">\n            <div class=\"column\">\n                                <div class=\"img\">\n                    <img decoding=\"async\" src=\"https:\/\/sev-e.com\/wp-content\/uploads\/2025\/06\/Picto-17.png\" alt=\"\" class=\"img-fluid\">\n                <\/div>\n                                <div class=\"txt text-start\">\n                    <p><strong>Ressourcenmanagement<\/strong><\/p>\n<p>\u00dcberwachen Sie Ihren Wasser- und Gasverbrauch in Echtzeit, erkennen Sie Lecks fr\u00fchzeitig und optimieren Sie den Ressourceneinsatz f\u00fcr ein nachhaltiges und effizientes Management.<\/p>\n                <\/div>\n            <\/div>\n        <\/div>\n    <\/div>\n\n\n\n\n<div style=\"height:50px\" aria-hidden=\"true\" class=\"wp-block-spacer\"><\/div>\n\n\n<div id=\"block-hero-block_224b0d478b5db7fdffc6b66c058bf641\" class=\"row txt_media_part left block-hero\">\n\t<div class=\"col-12 col-lg-6 col-xl-5 order-1 media_bloc d-lg-flex align-items-center\">\n\t\t<img decoding=\"async\" src=\"https:\/\/sev-e.com\/wp-content\/uploads\/2025\/07\/plateforme-energie-543x470.jpg\" alt=\"\" class=\"img-fluid\">\t<\/div>\n\t<div class=\"col-12 col-lg-6 col-xl-7 d-flex align-items-center order-2 txt_bloc\">\n        <div class=\"content p-2 p-sm-5\">\n\t\t<h2>Anwendungsf\u00e4lle im Energiebereich<\/h2>\n<ul>\n<li>Hoch- und Mittelspannungsanlagen<\/li>\n<li>Leitungsverluste \/ Zustand der Kabel<\/li>\n<li>Kabeldiebstahl<\/li>\n<li>Z\u00e4hlerfernauslesung<\/li>\n<li>Stra\u00dfenbeleuchtungsschr\u00e4nke<\/li>\n<li>Betriebszustand<\/li>\n<li>Fehleralarme<\/li>\n<li>Produktions- und Verbrauchsanalyse<\/li>\n<li>Verteilung der erzeugten Energien<\/li>\n<li>Reservekapazit\u00e4ten<\/li>\n<li>Z\u00e4hlerfernauslesung<\/li>\n<\/ul>\n        <\/div>\n\t<\/div>\n<\/div>\n\n\n\n\n\n<div style=\"height:30px\" aria-hidden=\"true\" class=\"wp-block-spacer\"><\/div>\n\n\n\n\n<div id=\"block-hero-block_dd3b8a28ca1d8d248e81f5916c8e1589\" class=\"row columns_part  block-hero\">\n            <div class=\"col-12 col-sm-6 col-xl-3 p-3 text-center offset-lg-3\">\n            <div class=\"column\">\n                                <div class=\"txt text-start\">\n                    <p style=\"text-align: center;\">Etwa<br \/>\n<span style=\"color: #f0d18b; font-size: 300%; font-weight: bold;\">2 \u00e0 4%<\/span><br \/>\nder weltweiten Erdgasproduktion gehen j\u00e4hrlich durch Lecks und Abfackeln verloren, was die Methanemissionen versch\u00e4rft (Quelle: International Energy Agency).<\/p>\n                <\/div>\n            <\/div>\n        <\/div>\n            <div class=\"col-12 col-sm-6 col-xl-3 p-3 text-center \">\n            <div class=\"column\">\n                                <div class=\"txt text-start\">\n                    <p style=\"text-align: center;\">Etwa<\/p>\n<p style=\"text-align: center;\"><span style=\"color: #f0d18b; font-size: 300%; font-weight: bold;\">30%<\/span><br \/>\ndes weltweiten Stroms werden aus erneuerbaren Energien erzeugt (Quelle: International Energy Agency).<\/p>\n                <\/div>\n            <\/div>\n        <\/div>\n    <\/div>\n\n\n\n\n<div style=\"height:100px\" aria-hidden=\"true\" class=\"wp-block-spacer\"><\/div>\n","protected":false},"excerpt":{"rendered":"","protected":false},"author":1,"featured_media":0,"parent":0,"menu_order":0,"comment_status":"closed","ping_status":"closed","template":"","meta":{"_acf_changed":false,"footnotes":""},"class_list":["post-1800","page","type-page","status-publish","hentry"],"acf":[],"_links":{"self":[{"href":"https:\/\/sev-e.com\/de\/wp-json\/wp\/v2\/pages\/1800","targetHints":{"allow":["GET"]}}],"collection":[{"href":"https:\/\/sev-e.com\/de\/wp-json\/wp\/v2\/pages"}],"about":[{"href":"https:\/\/sev-e.com\/de\/wp-json\/wp\/v2\/types\/page"}],"author":[{"embeddable":true,"href":"https:\/\/sev-e.com\/de\/wp-json\/wp\/v2\/users\/1"}],"replies":[{"embeddable":true,"href":"https:\/\/sev-e.com\/de\/wp-json\/wp\/v2\/comments?post=1800"}],"version-history":[{"count":5,"href":"https:\/\/sev-e.com\/de\/wp-json\/wp\/v2\/pages\/1800\/revisions"}],"predecessor-version":[{"id":2232,"href":"https:\/\/sev-e.com\/de\/wp-json\/wp\/v2\/pages\/1800\/revisions\/2232"}],"wp:attachment":[{"href":"https:\/\/sev-e.com\/de\/wp-json\/wp\/v2\/media?parent=1800"}],"curies":[{"name":"wp","href":"https:\/\/api.w.org\/{rel}","templated":true}]}}