{"id":1799,"date":"2025-05-19T10:14:48","date_gmt":"2025-05-19T08:14:48","guid":{"rendered":"https:\/\/sev-e.com\/?page_id=1799"},"modified":"2025-10-20T11:31:02","modified_gmt":"2025-10-20T09:31:02","slug":"beduerfnisse","status":"publish","type":"page","link":"https:\/\/sev-e.com\/de\/beduerfnisse\/","title":{"rendered":"Bed\u00fcrfnisse"},"content":{"rendered":"\n\n<div id=\"block-hero-block_409461fd8c382a63f307240241e0d9f6\" class=\"row page_intro_part  block-hero\">\n    <div class=\"col-12 breadcrumb_part\">\n    <nav aria-label=\"breadcrumbs\" class=\"rank-math-breadcrumb\"><p><span class=\"last\">Startseite<\/span><\/p><\/nav>    <\/div>\n    <div class=\"col-12 col-xxl-8 offset-xxl-2\">\n        <h1 class=\"h1 blue\">Bed\u00fcrfnisse<\/h1>\n        <div class=\"desc\"><p>Verschmutzung, Abf\u00e4lle, Ger\u00e4usche, Ger\u00fcche, Druck, Feuchtigkeit&#8230; Die Umwelt zu analysieren bedeutet, sich um die Menschen zu k\u00fcmmern, die darin leben.<\/p>\n<p>Machen Sie Ihr Gebiet zu einem sichereren und ges\u00fcnderen Ort, indem Sie eine echte Umweltintelligenz in Echtzeit implementieren.<\/p>\n<\/div>    <\/div>\n<\/div>\n\n\n\n\n<div style=\"height:50px\" aria-hidden=\"true\" class=\"wp-block-spacer\"><\/div>\n\n\n\n\n<div id=\"block-hero-block_59274eff18e8cbd20aae13c27d284364\" class=\"row columns_part  block-hero\">\n            <div class=\"col-12 col-sm-6 col-xl-3 p-3 text-center offset-lg-1\">\n            <div class=\"column\">\n                                <div class=\"img\">\n                    <img decoding=\"async\" src=\"https:\/\/sev-e.com\/wp-content\/uploads\/2025\/06\/Picto-11.png\" alt=\"\" class=\"img-fluid\">\n                <\/div>\n                                <div class=\"txt text-start\">\n                    <p><strong>Luftqualit\u00e4t <\/strong><\/p>\n<p>Eine fortschrittliche Umwelt- und Situationsintelligenz, um die Luftqualit\u00e4t und die Gesundheit zu verbessern.<\/p>\n                <\/div>\n            <\/div>\n        <\/div>\n            <div class=\"col-12 col-sm-6 col-xl-3 p-3 text-center \">\n            <div class=\"column\">\n                                <div class=\"img\">\n                    <img decoding=\"async\" src=\"https:\/\/sev-e.com\/wp-content\/uploads\/2025\/06\/Picto-12.png\" alt=\"\" class=\"img-fluid\">\n                <\/div>\n                                <div class=\"txt text-start\">\n                    <p><strong>Abfallmanagement <\/strong><\/p>\n<p>Reduzieren Sie den \u00f6kologischen Fu\u00dfabdruck des Menschen, verringern Sie das Abfallvolumen, erh\u00f6hen Sie die Sortier- und Recyclingquoten und begrenzen Sie den Energieverbrauch bei der Abfallsammlung.<\/p>\n                <\/div>\n            <\/div>\n        <\/div>\n            <div class=\"col-12 col-sm-6 col-xl-3 p-3 text-center \">\n            <div class=\"column\">\n                                <div class=\"img\">\n                    <img decoding=\"async\" src=\"https:\/\/sev-e.com\/wp-content\/uploads\/2025\/06\/Picto-13.png\" alt=\"\" class=\"img-fluid\">\n                <\/div>\n                                <div class=\"txt text-start\">\n                    <p><strong>L\u00e4rmbelastung <\/strong><\/p>\n<p>Analysieren Sie die akustische Umgebung und kontrollieren Sie die L\u00e4rmbelastung, um die damit verbundenen Bel\u00e4stigungen zu verringern.<\/p>\n                <\/div>\n            <\/div>\n        <\/div>\n    <\/div>\n\n\n\n\n<div style=\"height:50px\" aria-hidden=\"true\" class=\"wp-block-spacer\"><\/div>\n\n\n<div id=\"block-hero-block_ab7abbf1fc424e4e030c80c0ceadac7c\" class=\"row txt_media_part left block-hero\">\n\t<div class=\"col-12 col-lg-6 col-xl-5 order-1 media_bloc d-lg-flex align-items-center\">\n\t\t<img decoding=\"async\" src=\"https:\/\/sev-e.com\/wp-content\/uploads\/2025\/07\/plateforme-environnement-543x470.jpg\" alt=\"\" class=\"img-fluid\">\t<\/div>\n\t<div class=\"col-12 col-lg-6 col-xl-7 d-flex align-items-center order-2 txt_bloc\">\n        <div class=\"content p-2 p-sm-5\">\n\t\t<h2>Anwendungsf\u00e4lle im Bereich Umwelt<\/h2>\n<ul>\n<li>Erkennung von Schadstoffen<\/li>\n<li>Quantifizierung von Partikeln und Allergenen<\/li>\n<li>Wetterdaten<\/li>\n<li>Erkennung gesundheitlicher Risiken<\/li>\n<li>\u00dcberwachung von Geruchsbel\u00e4stigungen<\/li>\n<li>Pollen<\/li>\n<li>F\u00fcllstand und Alarme<\/li>\n<li>Erkennung von Sperrm\u00fcll und illegalen Ablagerungen<\/li>\n<li>Bioabfallmanagement<\/li>\n<li>L\u00e4rm\u00fcberwachung<\/li>\n<\/ul>\n        <\/div>\n\t<\/div>\n<\/div>\n\n\n\n\n\n<div style=\"height:30px\" aria-hidden=\"true\" class=\"wp-block-spacer\"><\/div>\n\n\n\n\n<div id=\"block-hero-block_9573dd8a11c0175442a6a377748b4932\" class=\"row columns_part  block-hero\">\n            <div class=\"col-12 col-sm-6 col-xl-3 p-3 text-center offset-lg-3\">\n            <div class=\"column\">\n                                <div class=\"txt text-start\">\n                    <p style=\"text-align: center;\"><span style=\"color: #f0d18b; font-size: 300%; font-weight: bold;\">92%<\/span><br \/>\nder Weltbev\u00f6lkerung lebt an Orten, die die Empfehlungen zur Luftqualit\u00e4t \u00fcberschreiten.<br \/>\n(Quelle: Weltgesundheitsorganisation)<\/p>\n                <\/div>\n            <\/div>\n        <\/div>\n            <div class=\"col-12 col-sm-6 col-xl-3 p-3 text-center \">\n            <div class=\"column\">\n                                <div class=\"txt text-start\">\n                    <p style=\"text-align: center;\">Im Jahr 2020 erzeugte die Welt etwa<br \/>\n<span style=\"color: #f0d18b; font-size: 300%; font-weight: bold;\">2,01<\/span><br \/>\nMilliarden Tonnen kommunale feste Abf\u00e4lle. (Quelle: Weltbank)<\/p>\n                <\/div>\n            <\/div>\n        <\/div>\n    <\/div>\n\n\n\n\n<div style=\"height:100px\" aria-hidden=\"true\" class=\"wp-block-spacer\"><\/div>\n","protected":false},"excerpt":{"rendered":"","protected":false},"author":1,"featured_media":0,"parent":0,"menu_order":0,"comment_status":"closed","ping_status":"closed","template":"","meta":{"_acf_changed":false,"footnotes":""},"class_list":["post-1799","page","type-page","status-publish","hentry"],"acf":[],"_links":{"self":[{"href":"https:\/\/sev-e.com\/de\/wp-json\/wp\/v2\/pages\/1799","targetHints":{"allow":["GET"]}}],"collection":[{"href":"https:\/\/sev-e.com\/de\/wp-json\/wp\/v2\/pages"}],"about":[{"href":"https:\/\/sev-e.com\/de\/wp-json\/wp\/v2\/types\/page"}],"author":[{"embeddable":true,"href":"https:\/\/sev-e.com\/de\/wp-json\/wp\/v2\/users\/1"}],"replies":[{"embeddable":true,"href":"https:\/\/sev-e.com\/de\/wp-json\/wp\/v2\/comments?post=1799"}],"version-history":[{"count":4,"href":"https:\/\/sev-e.com\/de\/wp-json\/wp\/v2\/pages\/1799\/revisions"}],"predecessor-version":[{"id":2217,"href":"https:\/\/sev-e.com\/de\/wp-json\/wp\/v2\/pages\/1799\/revisions\/2217"}],"wp:attachment":[{"href":"https:\/\/sev-e.com\/de\/wp-json\/wp\/v2\/media?parent=1799"}],"curies":[{"name":"wp","href":"https:\/\/api.w.org\/{rel}","templated":true}]}}