{"id":1798,"date":"2025-05-19T10:14:37","date_gmt":"2025-05-19T08:14:37","guid":{"rendered":"https:\/\/sev-e.com\/?page_id=1798"},"modified":"2025-10-20T11:25:34","modified_gmt":"2025-10-20T09:25:34","slug":"mobilitaet","status":"publish","type":"page","link":"https:\/\/sev-e.com\/de\/mobilitaet\/","title":{"rendered":"Mobilit\u00e4t"},"content":{"rendered":"\n\n<div id=\"block-hero-block_596e569f5ea1021a80c388af1b83af64\" class=\"row page_intro_part  block-hero\">\n    <div class=\"col-12 breadcrumb_part\">\n    <nav aria-label=\"breadcrumbs\" class=\"rank-math-breadcrumb\"><p><span class=\"last\">Startseite<\/span><\/p><\/nav>    <\/div>\n    <div class=\"col-12 col-xxl-8 offset-xxl-2\">\n        <h1 class=\"h1 blue\">Mobilit\u00e4t<\/h1>\n        <div class=\"desc\"><p>Intelligente Mobilit\u00e4t muss nachhaltig sein und alle vorhandenen Werkzeuge nutzen, um den Nutzern eine bessere Erfahrung zu bieten und gleichzeitig die Umweltbelastung zu reduzieren. Sie erf\u00fcllt die individuellen und kollektiven Bed\u00fcrfnisse der Nutzer in den Bereichen Zug\u00e4nglichkeit, sanfte Mobilit\u00e4t, Parken, Sicherheit und mehr. Sie ist vernetzt, multimodal, umweltfreundlich, sanft, versteht die Verkehrsprobleme, passt sich der Stadt an und bietet den Nutzern einen erheblichen Mehrwert.<\/p>\n<\/div>    <\/div>\n<\/div>\n\n\n\n\n<div style=\"height:50px\" aria-hidden=\"true\" class=\"wp-block-spacer\"><\/div>\n\n\n\n\n<div id=\"block-hero-block_dcfe3d587f31d6eaecdf2b520ca37f55\" class=\"row columns_part  block-hero\">\n            <div class=\"col-12 col-sm-6 col-xl-3 p-3 text-center offset-lg-1\">\n            <div class=\"column\">\n                                <div class=\"img\">\n                    <img decoding=\"async\" src=\"https:\/\/sev-e.com\/wp-content\/uploads\/2025\/06\/Picto-8.png\" alt=\"\" class=\"img-fluid\">\n                <\/div>\n                                <div class=\"txt text-start\">\n                    <p><strong>Verkehrsmanagement <\/strong><\/p>\n<p>Nutzen Sie unsere Plattform, um Risiken fr\u00fchzeitig zu erkennen und den Verkehrsfluss zu optimieren. Analysieren Sie die Bewegungen von Fu\u00dfg\u00e4ngern und Radfahrern, passen Sie Ihre st\u00e4dtische Infrastruktur an und f\u00f6rdern Sie eine fl\u00fcssigere und vielf\u00e4ltigere Mobilit\u00e4t.<\/p>\n                <\/div>\n            <\/div>\n        <\/div>\n            <div class=\"col-12 col-sm-6 col-xl-3 p-3 text-center \">\n            <div class=\"column\">\n                                <div class=\"img\">\n                    <img decoding=\"async\" src=\"https:\/\/sev-e.com\/wp-content\/uploads\/2025\/06\/Picto-9.png\" alt=\"\" class=\"img-fluid\">\n                <\/div>\n                                <div class=\"txt text-start\">\n                    <p><strong>Parkraummanagement <\/strong><\/p>\n<p>Profitieren Sie von pr\u00e4zisen Echtzeitinformationen, um Ihr Parkraumangebot optimal zu verwalten. Maximieren Sie den Verkehrsfluss, reduzieren Sie Staus und CO\u2082-Emissionen und verbessern Sie gleichzeitig die Nutzererfahrung.<\/p>\n                <\/div>\n            <\/div>\n        <\/div>\n            <div class=\"col-12 col-sm-6 col-xl-3 p-3 text-center \">\n            <div class=\"column\">\n                                <div class=\"img\">\n                    <img decoding=\"async\" src=\"https:\/\/sev-e.com\/wp-content\/uploads\/2025\/06\/Picto-10.png\" alt=\"\" class=\"img-fluid\">\n                <\/div>\n                                <div class=\"txt text-start\">\n                    <p><strong>Infrastrukturmanagement<\/strong><\/p>\n<p>Verbessern Sie dank Echtzeit-Updates die Verkehrssicherheit durch schnelle Eingriffe, um die Stra\u00dfen in gutem Zustand zu halten.<\/p>\n                <\/div>\n            <\/div>\n        <\/div>\n    <\/div>\n\n\n\n\n<div style=\"height:50px\" aria-hidden=\"true\" class=\"wp-block-spacer\"><\/div>\n\n\n<div id=\"block-hero-block_8dced717b8ff7b142eaaabaaa8e62210\" class=\"row txt_media_part left block-hero\">\n\t<div class=\"col-12 col-lg-6 col-xl-5 order-1 media_bloc d-lg-flex align-items-center\">\n\t\t<img decoding=\"async\" src=\"https:\/\/sev-e.com\/wp-content\/uploads\/2025\/07\/plateforme-mobilite-543x470.jpg\" alt=\"\" class=\"img-fluid\">\t<\/div>\n\t<div class=\"col-12 col-lg-6 col-xl-7 d-flex align-items-center order-2 txt_bloc\">\n        <div class=\"content p-2 p-sm-5\">\n\t\t<h2>Anwendungsf\u00e4lle im Bereich Mobilit\u00e4t<\/h2>\n<ul>\n<li>Erkennung und Z\u00e4hlung<\/li>\n<li>Geschwindigkeitsabsch\u00e4tzung<\/li>\n<li>\u00dcberwachung von Radwegen<\/li>\n<li>\u00dcberwachung von Warteschlangen an Ampeln<\/li>\n<li>Stauerkennung<\/li>\n<li>Warnung bei Geisterfahrern<\/li>\n<li>Fahrzeugklassifizierung nach Typ<\/li>\n<li>Herkunft\/Ziel<\/li>\n<li>Steuerung von Informationsschildern und Ampeln (SLT)<\/li>\n<li>Erkennung freier\/belegter Parkpl\u00e4tze<\/li>\n<li>Warnung bei falsch parkenden Fahrzeugen<\/li>\n<li>Auslastungsrate<\/li>\n<li>\u00dcberwachung von Kurzzeitparkzonen<\/li>\n<li>Stra\u00dfenstatus<\/li>\n<li>Vernetzte Station<\/li>\n<li>Ladestation<\/li>\n<li>\u00dcberdachung<\/li>\n<\/ul>\n        <\/div>\n\t<\/div>\n<\/div>\n\n\n\n\n\n<div style=\"height:30px\" aria-hidden=\"true\" class=\"wp-block-spacer\"><\/div>\n\n\n\n\n<div id=\"block-hero-block_0216a7d854635fd8fde3a8f9ce67c5ec\" class=\"row columns_part  block-hero\">\n            <div class=\"col-12 col-sm-6 col-xl-3 p-3 text-center offset-lg-3\">\n            <div class=\"column\">\n                                <div class=\"txt text-start\">\n                    <p style=\"text-align: center;\"><span style=\"color: #f0d18b; font-size: 300%; font-weight: bold;\">12,4%<\/span><br \/>\nder weltweiten CO2-Emissionen stammen aus dem Stra\u00dfenverkehr (Quelle: World Resources Institute \u2013 WRI)<\/p>\n                <\/div>\n            <\/div>\n        <\/div>\n            <div class=\"col-12 col-sm-6 col-xl-3 p-3 text-center \">\n            <div class=\"column\">\n                                <div class=\"txt text-start\">\n                    <p style=\"text-align: center;\"><span style=\"color: #f0d18b; font-size: 300%; font-weight: bold;\">53%<\/span><br \/>\nder Todesopfer bei Verkehrsunf\u00e4llen sind gef\u00e4hrdete Verkehrsteilnehmer (Quelle: Weltgesundheitsorganisation \u2013 WHO)<\/p>\n                <\/div>\n            <\/div>\n        <\/div>\n    <\/div>\n\n\n\n\n<div style=\"height:100px\" aria-hidden=\"true\" class=\"wp-block-spacer\"><\/div>\n","protected":false},"excerpt":{"rendered":"","protected":false},"author":1,"featured_media":0,"parent":0,"menu_order":0,"comment_status":"closed","ping_status":"closed","template":"","meta":{"_acf_changed":false,"footnotes":""},"class_list":["post-1798","page","type-page","status-publish","hentry"],"acf":[],"_links":{"self":[{"href":"https:\/\/sev-e.com\/de\/wp-json\/wp\/v2\/pages\/1798","targetHints":{"allow":["GET"]}}],"collection":[{"href":"https:\/\/sev-e.com\/de\/wp-json\/wp\/v2\/pages"}],"about":[{"href":"https:\/\/sev-e.com\/de\/wp-json\/wp\/v2\/types\/page"}],"author":[{"embeddable":true,"href":"https:\/\/sev-e.com\/de\/wp-json\/wp\/v2\/users\/1"}],"replies":[{"embeddable":true,"href":"https:\/\/sev-e.com\/de\/wp-json\/wp\/v2\/comments?post=1798"}],"version-history":[{"count":4,"href":"https:\/\/sev-e.com\/de\/wp-json\/wp\/v2\/pages\/1798\/revisions"}],"predecessor-version":[{"id":2211,"href":"https:\/\/sev-e.com\/de\/wp-json\/wp\/v2\/pages\/1798\/revisions\/2211"}],"wp:attachment":[{"href":"https:\/\/sev-e.com\/de\/wp-json\/wp\/v2\/media?parent=1798"}],"curies":[{"name":"wp","href":"https:\/\/api.w.org\/{rel}","templated":true}]}}