{"id":1797,"date":"2025-05-19T10:14:27","date_gmt":"2025-05-19T08:14:27","guid":{"rendered":"https:\/\/sev-e.com\/?page_id=1797"},"modified":"2025-10-20T11:18:16","modified_gmt":"2025-10-20T09:18:16","slug":"wasser","status":"publish","type":"page","link":"https:\/\/sev-e.com\/de\/wasser\/","title":{"rendered":"Wasser"},"content":{"rendered":"\n\n<div id=\"block-hero-block_9cd811dbb2c47cf54f8e3e4f8dca7ab3\" class=\"row page_intro_part  block-hero\">\n    <div class=\"col-12 breadcrumb_part\">\n    <nav aria-label=\"breadcrumbs\" class=\"rank-math-breadcrumb\"><p><span class=\"last\">Startseite<\/span><\/p><\/nav>    <\/div>\n    <div class=\"col-12 col-xxl-8 offset-xxl-2\">\n        <h1 class=\"h1 blue\">Wasser<\/h1>\n        <div class=\"desc\"><p>W\u00e4hrend der weltweite Wasserbedarf weiter steigt, nehmen die Ressourcen ab. Die Erhaltung der Menge und Qualit\u00e4t dieser Ressource, die zu knapp geworden ist, ist eine gro\u00dfe Herausforderung. Die intelligente Stadt von morgen wird eine Kombination aus \u00f6kologisch verantwortlicher Stadtplanung, intelligentem Ressourcenmanagement und einer guten Lebensqualit\u00e4t f\u00fcr ihre B\u00fcrger erreichen.<\/p>\n<\/div>    <\/div>\n<\/div>\n\n\n\n\n<div style=\"height:50px\" aria-hidden=\"true\" class=\"wp-block-spacer\"><\/div>\n\n\n\n\n<div id=\"block-hero-block_f8bff8768378f97815e327d1a7afe6f8\" class=\"row columns_part  block-hero\">\n            <div class=\"col-12 col-sm-6 col-xl-3 p-3 text-center offset-lg-1\">\n            <div class=\"column\">\n                                <div class=\"img\">\n                    <img decoding=\"async\" src=\"https:\/\/sev-e.com\/wp-content\/uploads\/2025\/06\/Picto-5.png\" alt=\"\" class=\"img-fluid\">\n                <\/div>\n                                <div class=\"txt text-start\">\n                    <p><strong>Netz\u00fcberwachung <\/strong><\/p>\n<p>Erkennen Sie mit einem Blick Lecks, messen Sie den Durchfluss und automatisieren Sie die Steuerung der Ventile f\u00fcr eine proaktive und effiziente Netzverwaltung.<\/p>\n                <\/div>\n            <\/div>\n        <\/div>\n            <div class=\"col-12 col-sm-6 col-xl-3 p-3 text-center \">\n            <div class=\"column\">\n                                <div class=\"img\">\n                    <img decoding=\"async\" src=\"https:\/\/sev-e.com\/wp-content\/uploads\/2025\/06\/Picto-6.png\" alt=\"\" class=\"img-fluid\">\n                <\/div>\n                                <div class=\"txt text-start\">\n                    <p><strong>Bew\u00e4sserung <\/strong><\/p>\n<p>Automatisierte Programmierung der Zyklen, Echtzeit\u00fcberwachung von Wetter- und Bodenbedingungen sowie Optimierung des Wasserverbrauchs \u2013 SEV\u24d4 garantiert Ihnen eine effektive Bew\u00e4sserung bei gleichzeitiger Ressourcenschonung.<\/p>\n                <\/div>\n            <\/div>\n        <\/div>\n            <div class=\"col-12 col-sm-6 col-xl-3 p-3 text-center \">\n            <div class=\"column\">\n                                <div class=\"img\">\n                    <img decoding=\"async\" src=\"https:\/\/sev-e.com\/wp-content\/uploads\/2025\/06\/Picto-7.png\" alt=\"\" class=\"img-fluid\">\n                <\/div>\n                                <div class=\"txt text-start\">\n                    <p><strong>\u00dcberwachung <\/strong><\/p>\n<p>Kontrollieren Sie die Wasserqualit\u00e4t, bewerten Sie das Risiko von Trockenheit oder Hochwasser und verfolgen Sie den F\u00fcllstand der Beh\u00e4lter, um eine sichere Verwaltung der Wasserressourcen und der zugeh\u00f6rigen Infrastruktur sicherzustellen.<\/p>\n                <\/div>\n            <\/div>\n        <\/div>\n    <\/div>\n\n\n\n\n<div style=\"height:50px\" aria-hidden=\"true\" class=\"wp-block-spacer\"><\/div>\n\n\n<div id=\"block-hero-block_9b4c8c05e313a185a1ac40f4df8819d2\" class=\"row txt_media_part left block-hero\">\n\t<div class=\"col-12 col-lg-6 col-xl-5 order-1 media_bloc d-lg-flex align-items-center\">\n\t\t<img decoding=\"async\" src=\"https:\/\/sev-e.com\/wp-content\/uploads\/2025\/07\/plateforme-eau-543x470.jpg\" alt=\"\" class=\"img-fluid\">\t<\/div>\n\t<div class=\"col-12 col-lg-6 col-xl-7 d-flex align-items-center order-2 txt_bloc\">\n        <div class=\"content p-2 p-sm-5\">\n\t\t<h2>Anwendungsf\u00e4lle im Bereich Wasser<\/h2>\n<ul>\n<li>Z\u00e4hlerfernauslesung<\/li>\n<li>Verbrauchsanalyse<\/li>\n<li>Leckerkennung<\/li>\n<li>Durchflussmessung<\/li>\n<li>\u00d6ffnen\/Schlie\u00dfen von Ventilen<\/li>\n<li>Wetterdaten<\/li>\n<li>Feuchtigkeitswerte<\/li>\n<li>Wasserqualit\u00e4t<\/li>\n<li>F\u00fcllstand<\/li>\n<li>Risikoabsch\u00e4tzung<\/li>\n<li>Hydranten<\/li>\n<\/ul>\n<p>&nbsp;<\/p>\n        <\/div>\n\t<\/div>\n<\/div>\n\n\n\n\n\n<div style=\"height:30px\" aria-hidden=\"true\" class=\"wp-block-spacer\"><\/div>\n\n\n\n\n<div id=\"block-hero-block_437312427841b87f78e15d282eb9be6f\" class=\"row columns_part  block-hero\">\n            <div class=\"col-12 col-sm-6 col-xl-3 p-3 text-center offset-lg-3\">\n            <div class=\"column\">\n                                <div class=\"txt text-start\">\n                    <p style=\"text-align: center;\">In Frankreich gehen<br \/>\n<span style=\"color: #f0d18b; font-size: 300%; font-weight: bold;\">20%<\/span><br \/>\ndes Trinkwassers aufgrund von Lecks im Netz verloren (Quelle: Observatorium f\u00fcr Wasser- und Sanit\u00e4rdienste)<\/p>\n                <\/div>\n            <\/div>\n        <\/div>\n            <div class=\"col-12 col-sm-6 col-xl-3 p-3 text-center \">\n            <div class=\"column\">\n                                <div class=\"txt text-start\">\n                    <p style=\"text-align: center;\"><span style=\"color: #f0d18b; font-size: 300%; font-weight: bold;\">48%<\/span><br \/>\ndes franz\u00f6sischen Gebiets sind anf\u00e4llig f\u00fcr D\u00fcrre (Quelle: B\u00fcro f\u00fcr geologische und Bergbau-Forschung)<\/p>\n                <\/div>\n            <\/div>\n        <\/div>\n    <\/div>\n\n\n\n\n<div style=\"height:100px\" aria-hidden=\"true\" class=\"wp-block-spacer\"><\/div>\n","protected":false},"excerpt":{"rendered":"","protected":false},"author":1,"featured_media":0,"parent":0,"menu_order":0,"comment_status":"closed","ping_status":"closed","template":"","meta":{"_acf_changed":false,"footnotes":""},"class_list":["post-1797","page","type-page","status-publish","hentry"],"acf":[],"_links":{"self":[{"href":"https:\/\/sev-e.com\/de\/wp-json\/wp\/v2\/pages\/1797","targetHints":{"allow":["GET"]}}],"collection":[{"href":"https:\/\/sev-e.com\/de\/wp-json\/wp\/v2\/pages"}],"about":[{"href":"https:\/\/sev-e.com\/de\/wp-json\/wp\/v2\/types\/page"}],"author":[{"embeddable":true,"href":"https:\/\/sev-e.com\/de\/wp-json\/wp\/v2\/users\/1"}],"replies":[{"embeddable":true,"href":"https:\/\/sev-e.com\/de\/wp-json\/wp\/v2\/comments?post=1797"}],"version-history":[{"count":4,"href":"https:\/\/sev-e.com\/de\/wp-json\/wp\/v2\/pages\/1797\/revisions"}],"predecessor-version":[{"id":2199,"href":"https:\/\/sev-e.com\/de\/wp-json\/wp\/v2\/pages\/1797\/revisions\/2199"}],"wp:attachment":[{"href":"https:\/\/sev-e.com\/de\/wp-json\/wp\/v2\/media?parent=1797"}],"curies":[{"name":"wp","href":"https:\/\/api.w.org\/{rel}","templated":true}]}}