{"id":1796,"date":"2025-05-19T10:14:16","date_gmt":"2025-05-19T08:14:16","guid":{"rendered":"https:\/\/sev-e.com\/?page_id=1796"},"modified":"2025-10-20T11:08:20","modified_gmt":"2025-10-20T09:08:20","slug":"beleuchtung","status":"publish","type":"page","link":"https:\/\/sev-e.com\/de\/beleuchtung\/","title":{"rendered":"Beleuchtung"},"content":{"rendered":"\n\n<div id=\"block-hero-block_a5ccceb11143f8f3eb519067e4811cd1\" class=\"row page_intro_part  block-hero\">\n    <div class=\"col-12 breadcrumb_part\">\n    <nav aria-label=\"breadcrumbs\" class=\"rank-math-breadcrumb\"><p><span class=\"last\">Startseite<\/span><\/p><\/nav>    <\/div>\n    <div class=\"col-12 col-xxl-8 offset-xxl-2\">\n        <h1 class=\"h1 blue\">Beleuchtung<\/h1>\n        <div class=\"desc\"><p>Die \u00f6ffentliche Beleuchtung steht im Mittelpunkt der Herausforderung der Energieeinsparung. Ein zentraler Fokus f\u00fcr kommunale Beh\u00f6rden ist die Effizienz und Optimierung ihrer Beleuchtung sowie ein wesentlicher Bestandteil ihrer wirtschaftlichen und \u00f6kologischen \u00dcberg\u00e4nge. Als wichtiges Werkzeug zur Optimierung von Ressourcen verwenden wir Technologien, die eine faire und angemessene Verwaltung in Interaktion mit dem Benutzer gew\u00e4hrleisten.<\/p>\n<\/div>    <\/div>\n<\/div>\n\n\n\n\n<div style=\"height:50px\" aria-hidden=\"true\" class=\"wp-block-spacer\"><\/div>\n\n\n\n\n<div id=\"block-hero-block_acea68fb16627c13d3c668d51390b9b2\" class=\"row columns_part  block-hero\">\n            <div class=\"col-12 col-sm-6 col-xl-3 p-3 text-center \">\n            <div class=\"column\">\n                                <div class=\"img\">\n                    <img decoding=\"async\" src=\"https:\/\/sev-e.com\/wp-content\/uploads\/2025\/06\/Picto-1.png\" alt=\"\" class=\"img-fluid\">\n                <\/div>\n                                <div class=\"txt text-start\">\n                    <p><strong>Management <\/strong><\/p>\n<p><!-- \/wp:paragraph --> <!-- wp:paragraph --><\/p>\n<p>\u00dcberwachen Sie einfach Ihre gesamte Beleuchtungsinfrastruktur mit der Plattform SEV\u24d4 Connect. Der intuitive Profil-Editor vereinfacht und beschleunigt die Erstellung und bietet Ihnen optimale Pr\u00e4zision. Verwalten Sie alle Aspekte Ihrer Beleuchtung von einem zentralen, skalierbaren Dashboard aus.<\/p>\n                <\/div>\n            <\/div>\n        <\/div>\n            <div class=\"col-12 col-sm-6 col-xl-3 p-3 text-center \">\n            <div class=\"column\">\n                                <div class=\"img\">\n                    <img decoding=\"async\" src=\"https:\/\/sev-e.com\/wp-content\/uploads\/2025\/06\/Picto-2.png\" alt=\"\" class=\"img-fluid\">\n                <\/div>\n                                <div class=\"txt text-start\">\n                    <p><strong>Programmierung <\/strong><\/p>\n<p>Passen Sie die Beleuchtung Ihrer Stadt nach Uhrzeit, Jahreszeit oder besonderen Ereignissen an. Schalten Sie die Beleuchtung bei Vorf\u00e4llen sofort ein oder reduzieren Sie sie, wenn die Stra\u00dfen ruhig sind. Integrieren Sie Bewegungsmelder oder schaffen Sie festliche Beleuchtungsstimmungen zu Weihnachten. Alles mit wenigen Klicks!<\/p>\n                <\/div>\n            <\/div>\n        <\/div>\n            <div class=\"col-12 col-sm-6 col-xl-3 p-3 text-center \">\n            <div class=\"column\">\n                                <div class=\"img\">\n                    <img decoding=\"async\" src=\"https:\/\/sev-e.com\/wp-content\/uploads\/2025\/06\/Picto-3.png\" alt=\"\" class=\"img-fluid\">\n                <\/div>\n                                <div class=\"txt text-start\">\n                    <p><strong>\u00dcberwachung <\/strong><\/p>\n<p>Erhalten Sie sofortige Warnmeldungen bei Problemen und reagieren Sie schnell, um Ausf\u00e4lle zu minimieren. Das System sammelt in Echtzeit Daten von Sensoren an Leuchten und Schaltschr\u00e4nken, garantiert eine kontinuierliche \u00dcberwachung, effiziente Reparaturen und optimierte Nutzung.<\/p>\n                <\/div>\n            <\/div>\n        <\/div>\n            <div class=\"col-12 col-sm-6 col-xl-3 p-3 text-center \">\n            <div class=\"column\">\n                                <div class=\"img\">\n                    <img decoding=\"async\" src=\"https:\/\/sev-e.com\/wp-content\/uploads\/2025\/06\/Picto-4.png\" alt=\"\" class=\"img-fluid\">\n                <\/div>\n                                <div class=\"txt text-start\">\n                    <p><strong>Optimierung <\/strong><\/p>\n<p>Dank der Expertise unserer Teams und der Plattform SEV\u24d4 Connect profitiert jedes Projekt von einer ma\u00dfgeschneiderten Energieoptimierung! Reduzieren Sie Ihre CO\u2082-Emissionen, senken Sie Ihren Energieverbrauch und die Kosten und erreichen Sie Ihre Nachhaltigkeitsziele.<\/p>\n                <\/div>\n            <\/div>\n        <\/div>\n    <\/div>\n\n\n\n\n<div style=\"height:50px\" aria-hidden=\"true\" class=\"wp-block-spacer\"><\/div>\n\n\n<div id=\"block-hero-block_c8412e60469e621c5c3b8add71ee4675\" class=\"row txt_media_part left block-hero\">\n\t<div class=\"col-12 col-lg-6 col-xl-5 order-1 media_bloc d-lg-flex align-items-center\">\n\t\t<img decoding=\"async\" src=\"https:\/\/sev-e.com\/wp-content\/uploads\/2025\/07\/plateforme-eclairage-543x470.jpg\" alt=\"\" class=\"img-fluid\">\t<\/div>\n\t<div class=\"col-12 col-lg-6 col-xl-7 d-flex align-items-center order-2 txt_bloc\">\n        <div class=\"content p-2 p-sm-5\">\n\t\t<h2>Anwendungsf\u00e4lle im Bereich Beleuchtung<\/h2>\n<ul>\n<li>Steuerung am Schaltkasten oder Leuchtpunkt<\/li>\n<li>Geolokalisierung<\/li>\n<li>Notfallmanagement<\/li>\n<li>Personalisierte Helligkeitsprofile<\/li>\n<li>Verwaltung von Solarleuchten und Photovoltaikmodulen<\/li>\n<li>Verwaltung von Standardwochen und Ausnahmen<\/li>\n<li>Sonnenauf- und -untergangszeiten sowie Kalender<\/li>\n<li>Betriebsinformationen<\/li>\n<li>Inventarisierung bei Ausf\u00e4llen<\/li>\n<li>Alarm- und Benachrichtigungsmanagement<\/li>\n<li>Leistungsanalyse<\/li>\n<li>Pr\u00e4ventive Wartung<\/li>\n<li>Fehlerdiagnose<\/li>\n<li>Dynamische und adaptive Beleuchtung<\/li>\n<li>Farbtemperatur\u00e4nderungen<\/li>\n<\/ul>\n        <\/div>\n\t<\/div>\n<\/div>\n\n\n\n\n\n<div style=\"height:30px\" aria-hidden=\"true\" class=\"wp-block-spacer\"><\/div>\n\n\n\n\n<div id=\"block-hero-block_994843b4c4dd533904513b8d79cc8af7\" class=\"row columns_part  block-hero\">\n            <div class=\"col-12 col-sm-6 col-xl-3 p-3 text-center offset-lg-3\">\n            <div class=\"column\">\n                                <div class=\"txt text-start\">\n                    <p style=\"text-align: center;\">Bis zu<br \/>\n<span style=\"color: #f0d18b; font-size: 300%; font-weight: bold;\">80%<\/span><br \/>\nEnergieeinsparungen<\/p>\n                <\/div>\n            <\/div>\n        <\/div>\n            <div class=\"col-12 col-sm-6 col-xl-3 p-3 text-center \">\n            <div class=\"column\">\n                                <div class=\"txt text-start\">\n                    <p style=\"text-align: center;\">Mehr als<br \/>\n<span style=\"color: #f0d18b; font-size: 300%; font-weight: bold;\">80%<\/span><br \/>\ndes Planeten sind von Lichtverschmutzung betroffen (Quelle: Weltatlas der k\u00fcnstlichen Beleuchtung)<\/p>\n                <\/div>\n            <\/div>\n        <\/div>\n    <\/div>\n\n\n\n\n<div style=\"height:100px\" aria-hidden=\"true\" class=\"wp-block-spacer\"><\/div>\n\n\n<div class=\"row content\"><div class=\"col-12 paragraph col-xl-10 offset-xl-1\">\n<p><\/p>\n<\/div><\/div>","protected":false},"excerpt":{"rendered":"","protected":false},"author":1,"featured_media":0,"parent":0,"menu_order":0,"comment_status":"closed","ping_status":"closed","template":"","meta":{"_acf_changed":false,"footnotes":""},"class_list":["post-1796","page","type-page","status-publish","hentry"],"acf":[],"_links":{"self":[{"href":"https:\/\/sev-e.com\/de\/wp-json\/wp\/v2\/pages\/1796","targetHints":{"allow":["GET"]}}],"collection":[{"href":"https:\/\/sev-e.com\/de\/wp-json\/wp\/v2\/pages"}],"about":[{"href":"https:\/\/sev-e.com\/de\/wp-json\/wp\/v2\/types\/page"}],"author":[{"embeddable":true,"href":"https:\/\/sev-e.com\/de\/wp-json\/wp\/v2\/users\/1"}],"replies":[{"embeddable":true,"href":"https:\/\/sev-e.com\/de\/wp-json\/wp\/v2\/comments?post=1796"}],"version-history":[{"count":4,"href":"https:\/\/sev-e.com\/de\/wp-json\/wp\/v2\/pages\/1796\/revisions"}],"predecessor-version":[{"id":2184,"href":"https:\/\/sev-e.com\/de\/wp-json\/wp\/v2\/pages\/1796\/revisions\/2184"}],"wp:attachment":[{"href":"https:\/\/sev-e.com\/de\/wp-json\/wp\/v2\/media?parent=1796"}],"curies":[{"name":"wp","href":"https:\/\/api.w.org\/{rel}","templated":true}]}}