{"id":1788,"date":"2025-05-19T10:16:39","date_gmt":"2025-05-19T08:16:39","guid":{"rendered":"https:\/\/sev-e.com\/?page_id=1788"},"modified":"2025-09-26T15:44:29","modified_gmt":"2025-09-26T13:44:29","slug":"die-umwelt-unser-dna","status":"publish","type":"page","link":"https:\/\/sev-e.com\/de\/die-umwelt-unser-dna\/","title":{"rendered":"Die Umwelt, unser DNA"},"content":{"rendered":"\n\n<div id=\"block-hero-block_cff2b4c2ee06b9a0a6f3ac58cef4fee7\" class=\"row page_intro_part  block-hero\">\n    <div class=\"col-12 breadcrumb_part\">\n    <nav aria-label=\"breadcrumbs\" class=\"rank-math-breadcrumb\"><p><span class=\"last\">Startseite<\/span><\/p><\/nav>    <\/div>\n    <div class=\"col-12 col-xxl-8 offset-xxl-2\">\n        <h1 class=\"h1 blue\">Die Umwelt, unser DNA<\/h1>\n            <\/div>\n<\/div>\n\n\n\n\n<div style=\"height:50px\" aria-hidden=\"true\" class=\"wp-block-spacer\"><\/div>\n\n\n<div class=\"wp-block-image\">\n<figure class=\"aligncenter size-large is-resized\"><img decoding=\"async\" width=\"1004\" height=\"1024\" src=\"https:\/\/sev-e.com\/wp-content\/uploads\/2025\/08\/Image-5-DE-1004x1024.png\" alt=\"\" class=\"wp-image-1789\" style=\"width:800px\" srcset=\"https:\/\/sev-e.com\/wp-content\/uploads\/2025\/08\/Image-5-DE-1004x1024.png 1004w, https:\/\/sev-e.com\/wp-content\/uploads\/2025\/08\/Image-5-DE-294x300.png 294w, https:\/\/sev-e.com\/wp-content\/uploads\/2025\/08\/Image-5-DE-768x783.png 768w, https:\/\/sev-e.com\/wp-content\/uploads\/2025\/08\/Image-5-DE-1507x1536.png 1507w, https:\/\/sev-e.com\/wp-content\/uploads\/2025\/08\/Image-5-DE-2009x2048.png 2009w, https:\/\/sev-e.com\/wp-content\/uploads\/2025\/08\/Image-5-DE.png 1864w, https:\/\/sev-e.com\/wp-content\/uploads\/2025\/08\/Image-5-DE-1295x1320.png 1295w, https:\/\/sev-e.com\/wp-content\/uploads\/2025\/08\/Image-5-DE-971x990.png 971w, https:\/\/sev-e.com\/wp-content\/uploads\/2025\/08\/Image-5-DE-647x660.png 647w, https:\/\/sev-e.com\/wp-content\/uploads\/2025\/08\/Image-5-DE-441x450.png 441w, https:\/\/sev-e.com\/wp-content\/uploads\/2025\/08\/Image-5-DE-324x330.png 324w, https:\/\/sev-e.com\/wp-content\/uploads\/2025\/08\/Image-5-DE-177x180.png 177w, https:\/\/sev-e.com\/wp-content\/uploads\/2025\/08\/Image-5-DE-461x470.png 461w, https:\/\/sev-e.com\/wp-content\/uploads\/2025\/08\/Image-5-DE-247x252.png 247w\" sizes=\"(max-width: 1004px) 100vw, 1004px\" \/><\/figure>\n<\/div>\n\n\n<div style=\"height:50px\" aria-hidden=\"true\" class=\"wp-block-spacer\"><\/div>\n\n\n<div class=\"row content\"><div class=\"col-12 paragraph col-xl-10 offset-xl-1\">\n<p>Bei SEV\u24d4 sind wir fest davon \u00fcberzeugt, dass soziale und \u00f6kologische Verantwortung keine blo\u00dfe Initiative, sondern eine echte Mission ist, die all unser Handeln leitet. Als \u201eUnternehmen mit Auftrag\u201c ist es unser Ziel, die \u00f6kologischen, digitalen und sozialen Transformationen der Regionen zu f\u00f6rdern, indem wir ihnen den Zugang zu intelligenten und verantwortungsvollen Technologien erm\u00f6glichen.<\/p>\n<\/div><\/div>\n\n<div class=\"row content\"><div class=\"col-12 paragraph col-xl-10 offset-xl-1\">\n<p>Als engagiertes Unternehmen sind wir stolz darauf, die Ziele f\u00fcr nachhaltige Entwicklung (Sustainable Development Goals \u2013 SDGs) zu unterst\u00fctzen und vom Franz\u00f6sischen Amt f\u00fcr Biodiversit\u00e4t (OFB) als \u201eUnternehmen im Einsatz f\u00fcr die Natur\u201c zertifiziert zu sein.<\/p>\n<\/div><\/div>\n\n\n<div class=\"wp-block-columns is-layout-flex wp-container-core-columns-is-layout-9d6595d7 wp-block-columns-is-layout-flex\">\n<div class=\"wp-block-column is-layout-flow wp-block-column-is-layout-flow\"><div class=\"wp-block-image\">\n<figure class=\"alignright size-full is-resized\"><a href=\"https:\/\/www.observatoiredessocietesamission.com\/\" target=\"_blank\" rel=\" noreferrer noopener\"><img decoding=\"async\" width=\"337\" height=\"338\" src=\"https:\/\/sev-e.com\/wp-content\/uploads\/2025\/07\/logo-entreprise-a-mission.jpg\" alt=\"\" class=\"wp-image-943\" style=\"width:150px\" srcset=\"https:\/\/sev-e.com\/wp-content\/uploads\/2025\/07\/logo-entreprise-a-mission.jpg 337w, https:\/\/sev-e.com\/wp-content\/uploads\/2025\/07\/logo-entreprise-a-mission-300x300.jpg 300w, https:\/\/sev-e.com\/wp-content\/uploads\/2025\/07\/logo-entreprise-a-mission-150x150.jpg 150w, https:\/\/sev-e.com\/wp-content\/uploads\/2025\/07\/logo-entreprise-a-mission-330x330.jpg 330w, https:\/\/sev-e.com\/wp-content\/uploads\/2025\/07\/logo-entreprise-a-mission-180x180.jpg 180w, https:\/\/sev-e.com\/wp-content\/uploads\/2025\/07\/logo-entreprise-a-mission-251x252.jpg 251w\" sizes=\"(max-width: 337px) 100vw, 337px\" \/><\/a><\/figure>\n<\/div><\/div>\n\n\n\n<div class=\"wp-block-column is-layout-flow wp-block-column-is-layout-flow\"><div class=\"wp-block-image\">\n<figure class=\"alignleft size-full is-resized\"><a href=\"https:\/\/engagespourlanature.ofb.fr\/entreprises\" target=\"_blank\" rel=\" noreferrer noopener\"><img decoding=\"async\" width=\"337\" height=\"338\" src=\"https:\/\/sev-e.com\/wp-content\/uploads\/2025\/06\/entreprise-engagee-logo-1.png\" alt=\"\" class=\"wp-image-840\" style=\"width:150px\" srcset=\"https:\/\/sev-e.com\/wp-content\/uploads\/2025\/06\/entreprise-engagee-logo-1.png 337w, https:\/\/sev-e.com\/wp-content\/uploads\/2025\/06\/entreprise-engagee-logo-1-300x300.png 300w, https:\/\/sev-e.com\/wp-content\/uploads\/2025\/06\/entreprise-engagee-logo-1-150x150.png 150w, https:\/\/sev-e.com\/wp-content\/uploads\/2025\/06\/entreprise-engagee-logo-1-330x330.png 330w, https:\/\/sev-e.com\/wp-content\/uploads\/2025\/06\/entreprise-engagee-logo-1-180x180.png 180w, https:\/\/sev-e.com\/wp-content\/uploads\/2025\/06\/entreprise-engagee-logo-1-251x252.png 251w\" sizes=\"(max-width: 337px) 100vw, 337px\" \/><\/a><\/figure>\n<\/div><\/div>\n<\/div>\n\n\n\n<div style=\"height:50px\" aria-hidden=\"true\" class=\"wp-block-spacer\"><\/div>\n\n\n<div class=\"row content\"><div class=\"col-12 heading col-xl-10 offset-xl-1\">\n<h2 class=\"wp-block-heading\">Kollektive Intelligenz mobilisieren<\/h2>\n<\/div><\/div>\n\n<div class=\"row content\"><div class=\"col-12 paragraph col-xl-10 offset-xl-1\">\n<p>Bei uns z\u00e4hlt jede Stimme und jede Idee kann einen Unterschied machen. Angetrieben von einem starken Zusammenhalt und dem Willen, Gutes zu tun, gehen wir gemeinsam einen anspruchsvollen CSR-Weg, der mit den heutigen \u00f6kologischen und gesellschaftlichen Herausforderungen im Einklang steht.<\/p>\n<\/div><\/div>\n\n\n<div style=\"height:50px\" aria-hidden=\"true\" class=\"wp-block-spacer\"><\/div>\n\n\n<div class=\"row content\"><div class=\"col-12 heading col-xl-10 offset-xl-1\">\n<h2 class=\"wp-block-heading\">Vier grundlegende Missionen f\u00fcr globale Wirkung<\/h2>\n<\/div><\/div>\n\n\n\n<div id=\"block-hero-block_df069d21cb9f60b79d7168f89fae7688\" class=\"row project_bloc_part  block-hero\">\n                <div class=\"col-12 col-md-6 col-lg-3 p-lg-3 p-xl-4 p-xxl-5 mb-5 mb-lg-2 px-4 px-xl-2 text-center\">\n            <div class=\"bloc\">\n                                <p class=\"title blue text-start\">\u00d6kologisch<\/p>\n                <div class=\"txt text-start\">\n                    <p>Unseren \u00f6kologischen Fu\u00dfabdruck reduzieren durch nachhaltige und innovative L\u00f6sungen.<\/p>\n                <\/div>\n            <\/div>\n        <\/div>\n            <div class=\"col-12 col-md-6 col-lg-3 p-lg-3 p-xl-4 p-xxl-5 mb-5 mb-lg-2 px-4 px-xl-2 text-center\">\n            <div class=\"bloc\">\n                                <p class=\"title blue text-start\">Gesellschaftlich <\/p>\n                <div class=\"txt text-start\">\n                    <p>Unsere positive Wirkung auf lokale Gemeinschaften st\u00e4rken, indem wir inklusive Initiativen f\u00f6rdern, die das kollektive Wohlbefinden und die Lebensqualit\u00e4t der B\u00fcrger unterst\u00fctzen.<\/p>\n                <\/div>\n            <\/div>\n        <\/div>\n            <div class=\"col-12 col-md-6 col-lg-3 p-lg-3 p-xl-4 p-xxl-5 mb-5 mb-lg-2 px-4 px-xl-2 text-center\">\n            <div class=\"bloc\">\n                                <p class=\"title blue text-start\">Sozial<\/p>\n                <div class=\"txt text-start\">\n                    <p>Ein inklusives und f\u00fcrsorgliches Arbeitsumfeld schaffen, das auf die pers\u00f6nliche und berufliche Entwicklung jedes Einzelnen ausgerichtet ist.<\/p>\n                <\/div>\n            <\/div>\n        <\/div>\n            <div class=\"col-12 col-md-6 col-lg-3 p-lg-3 p-xl-4 p-xxl-5 mb-5 mb-lg-2 px-4 px-xl-2 text-center\">\n            <div class=\"bloc\">\n                                <p class=\"title blue text-start\">Wirtschaftlich<\/p>\n                <div class=\"txt text-start\">\n                    <p>Wert verantwortungsvoll schaffen, indem wir Rentabilit\u00e4t mit der Achtung unserer ethischen und nachhaltigen Werte in Einklang bringen.<\/p>\n                <\/div>\n            <\/div>\n        <\/div>\n    <\/div>\n\n\n\n\n<div style=\"height:50px\" aria-hidden=\"true\" class=\"wp-block-spacer\"><\/div>\n\n\n<div class=\"row content\"><div class=\"col-12 heading col-xl-10 offset-xl-1\">\n<h2 class=\"wp-block-heading\">Ein Engagement f\u00fcr die Zukunft<\/h2>\n<\/div><\/div>\n\n<div class=\"row content\"><div class=\"col-12 paragraph col-xl-10 offset-xl-1\">\n<p>In den letzten Jahren haben wir zahlreiche Projekte gestartet. Das ist jedoch nur der Anfang eines Weges, den wir entschlossen weitergehen werden \u2013 Hand in Hand mit unseren Partnern und Kunden, um verantwortungsbewusste, nachhaltige und menschliche Regionen zu schaffen.<\/p>\n<\/div><\/div>\n\n<div class=\"row content\"><div class=\"col-12 paragraph col-xl-10 offset-xl-1\">\n<p>Wir sind \u00fcberzeugt, dass jede kleine Handlung z\u00e4hlt und dass wir gemeinsam einen echten Einfluss auf unsere Umwelt und Gesellschaft haben k\u00f6nnen. Unsere CSR-Politik ist eine sich st\u00e4ndig weiterentwickelnde Reise, bei der uns jeder Schritt einem nachhaltigeren und gerechteren Morgen n\u00e4herbringt.<\/p>\n<\/div><\/div>\n\n\n<div style=\"height:50px\" aria-hidden=\"true\" class=\"wp-block-spacer\"><\/div>\n\n\n<div class=\"row content\"><div class=\"col-12 buttons col-xl-10 offset-xl-1\">\n<div class=\"wp-block-buttons is-layout-flex wp-block-buttons-is-layout-flex\"><div class=\"wp-block-button\"><a class=\"wp-block-button__link wp-element-button\" href=\"https:\/\/sev-e.com\/de\/document\/missionsbericht-2024\/#canva\" target=\"_blank\" rel=\"noreferrer noopener\"><span>Bericht zur Mission 2024 ansehen<\/span><\/a><\/div><\/div>\n<\/div><\/div>\n\n\n<div style=\"height:100px\" aria-hidden=\"true\" class=\"wp-block-spacer\"><\/div>\n","protected":false},"excerpt":{"rendered":"<p>Bei SEV\u24d4 sind wir fest davon \u00fcberzeugt, dass soziale und \u00f6kologische Verantwortung keine blo\u00dfe Initiative, sondern eine echte Mission ist, die all unser Handeln leitet. Als \u201eUnternehmen mit Auftrag\u201c ist es unser Ziel, die \u00f6kologischen, digitalen und sozialen Transformationen der Regionen zu f\u00f6rdern, indem wir ihnen den Zugang zu intelligenten und verantwortungsvollen Technologien erm\u00f6glichen. Als [&hellip;]<\/p>\n","protected":false},"author":1,"featured_media":0,"parent":0,"menu_order":0,"comment_status":"closed","ping_status":"closed","template":"","meta":{"_acf_changed":false,"footnotes":""},"class_list":["post-1788","page","type-page","status-publish","hentry"],"acf":[],"_links":{"self":[{"href":"https:\/\/sev-e.com\/de\/wp-json\/wp\/v2\/pages\/1788","targetHints":{"allow":["GET"]}}],"collection":[{"href":"https:\/\/sev-e.com\/de\/wp-json\/wp\/v2\/pages"}],"about":[{"href":"https:\/\/sev-e.com\/de\/wp-json\/wp\/v2\/types\/page"}],"author":[{"embeddable":true,"href":"https:\/\/sev-e.com\/de\/wp-json\/wp\/v2\/users\/1"}],"replies":[{"embeddable":true,"href":"https:\/\/sev-e.com\/de\/wp-json\/wp\/v2\/comments?post=1788"}],"version-history":[{"count":3,"href":"https:\/\/sev-e.com\/de\/wp-json\/wp\/v2\/pages\/1788\/revisions"}],"predecessor-version":[{"id":2069,"href":"https:\/\/sev-e.com\/de\/wp-json\/wp\/v2\/pages\/1788\/revisions\/2069"}],"wp:attachment":[{"href":"https:\/\/sev-e.com\/de\/wp-json\/wp\/v2\/media?parent=1788"}],"curies":[{"name":"wp","href":"https:\/\/api.w.org\/{rel}","templated":true}]}}