{"id":1786,"date":"2025-05-19T10:16:24","date_gmt":"2025-05-19T08:16:24","guid":{"rendered":"https:\/\/sev-e.com\/?page_id=1786"},"modified":"2025-08-14T10:50:10","modified_gmt":"2025-08-14T08:50:10","slug":"vorstellung","status":"publish","type":"page","link":"https:\/\/sev-e.com\/de\/vorstellung\/","title":{"rendered":"Vorstellung"},"content":{"rendered":"\n<div style=\"height:100px\" aria-hidden=\"true\" class=\"wp-block-spacer\"><\/div>\n\n\n\n\n<div id=\"block-hero-block_fe14c4af52380e3064d912b34fd490bd\" class=\"row page_intro_part  block-hero\">\n    <div class=\"col-12 breadcrumb_part\">\n    <nav aria-label=\"breadcrumbs\" class=\"rank-math-breadcrumb\"><p><span class=\"last\">Startseite<\/span><\/p><\/nav>    <\/div>\n    <div class=\"col-12 col-xxl-8 offset-xxl-2\">\n        <h1 class=\"h1 blue\">SEV\u24d4 : Pionier der \u00f6kologischen und wirtschaftlichen Transformation<\/h1>\n        <div class=\"desc\"><p>In einer Zeit, in der Energiesparen zu einer unverzichtbaren Priorit\u00e4t geworden ist, ist es essenziell, das kollektive und individuelle Wohlbefinden zu sichern, w\u00e4hrend wir unsere Ressourcen schonen und unseren CO\u2082-Fu\u00dfabdruck reduzieren. Vor diesem Hintergrund wurde SEV\u24d4 gegr\u00fcndet mit der Mission, Regionen bei ihrem \u00f6kologischen und wirtschaftlichen Wandel zu begleiten.<\/p>\n<\/div>    <\/div>\n<\/div>\n\n\n\n<div id=\"anchor1\" class=\"row txt_media_part left block-hero\">\n\t<div class=\"col-12 col-lg-6 col-xl-5 order-1 media_bloc d-lg-flex align-items-center\">\n\t\t<img decoding=\"async\" src=\"https:\/\/sev-e.com\/wp-content\/uploads\/2025\/06\/Image-4-1.jpg\" alt=\"\" class=\"img-fluid\">\t<\/div>\n\t<div class=\"col-12 col-lg-6 col-xl-7 d-flex align-items-center order-2 txt_bloc\">\n        <div class=\"content p-2 p-sm-5\">\n\t\t<h2>Eine Geschichte von Begegnung und Engagement<\/h2>\n<p>SEV\u24d4 ist vor allem das Ergebnis einer inspirierenden Zusammenarbeit zwischen Thierry Suzanne und dem Unternehmen <a href=\"https:\/\/www.groupe-ragni.com\/de\/\" target=\"_blank\" rel=\"noopener\">RAGNI<\/a>. Angesichts der rasanten Marktver\u00e4nderungen und der wachsenden Erwartungen der Kunden entschied sich Thierry, der \u00fcber umfassende Erfahrung im Bereich der \u00f6ffentlichen Beleuchtung verf\u00fcgt, die zentralen Herausforderungen der wirtschaftlichen und \u00f6kologischen Transformation anzugehen. Er erkannte die Notwendigkeit, Entscheidungstr\u00e4ger mit einfachen und zug\u00e4nglichen L\u00f6sungen wirkungsvoll zu unterst\u00fctzen.<\/p>\n<p>So entstand SEV\u24d4, ein \u201eUnternehmen mit Auftrag\u201c, das sich auf die Bereitstellung vernetzter und nachhaltiger L\u00f6sungen spezialisiert hat. Das Ziel ist klar: den Energieverbrauch von St\u00e4dten und Unternehmen zu minimieren und gleichzeitig einen umweltbewussten Ansatz zu f\u00f6rdern.<\/p>\n<p><em>\u201eWir tragen alle einen Teil zur komplexen L\u00f6sung bei, die im Kampf gegen den Klimawandel und die Reduzierung der Treibhausgasemissionen notwendig ist. Politische Entscheidungstr\u00e4ger und einflussreiche Pers\u00f6nlichkeiten m\u00fcssen ihr Engagement und ihre Beteiligung an diesem Kampf zeigen. Deshalb m\u00f6chte ich mit der Gr\u00fcndung von SEV\u24d4 das Engagement der \u00f6ffentlichen Hand hervorheben und beschleunigen \u2013 besonders auf dem Weg zur Energieeffizienz.\u201c<\/em><\/p>\n        <\/div>\n\t<\/div>\n<\/div>\n\n\n\n\n\n<div style=\"height:50px\" aria-hidden=\"true\" class=\"wp-block-spacer\"><\/div>\n\n\n<div class=\"wp-block-image\">\n<figure class=\"aligncenter size-full is-resized\"><img decoding=\"async\" width=\"1900\" height=\"1265\" src=\"https:\/\/sev-e.com\/wp-content\/uploads\/2025\/07\/JC_Ragni_Marcel_Ragni_Stephane_Ragni_version_web-1900x1265.jpg\" alt=\"\" class=\"wp-image-888\" style=\"width:800px\" srcset=\"https:\/\/sev-e.com\/wp-content\/uploads\/2025\/07\/JC_Ragni_Marcel_Ragni_Stephane_Ragni_version_web.jpg 1900w, https:\/\/sev-e.com\/wp-content\/uploads\/2025\/07\/JC_Ragni_Marcel_Ragni_Stephane_Ragni_version_web-300x200.jpg 300w, https:\/\/sev-e.com\/wp-content\/uploads\/2025\/07\/JC_Ragni_Marcel_Ragni_Stephane_Ragni_version_web-1024x682.jpg 1024w, https:\/\/sev-e.com\/wp-content\/uploads\/2025\/07\/JC_Ragni_Marcel_Ragni_Stephane_Ragni_version_web-768x511.jpg 768w, https:\/\/sev-e.com\/wp-content\/uploads\/2025\/07\/JC_Ragni_Marcel_Ragni_Stephane_Ragni_version_web-1536x1022.jpg 1536w, https:\/\/sev-e.com\/wp-content\/uploads\/2025\/07\/JC_Ragni_Marcel_Ragni_Stephane_Ragni_version_web-1320x878.jpg 1320w, https:\/\/sev-e.com\/wp-content\/uploads\/2025\/07\/JC_Ragni_Marcel_Ragni_Stephane_Ragni_version_web-990x659.jpg 990w, https:\/\/sev-e.com\/wp-content\/uploads\/2025\/07\/JC_Ragni_Marcel_Ragni_Stephane_Ragni_version_web-660x439.jpg 660w, https:\/\/sev-e.com\/wp-content\/uploads\/2025\/07\/JC_Ragni_Marcel_Ragni_Stephane_Ragni_version_web-450x299.jpg 450w, https:\/\/sev-e.com\/wp-content\/uploads\/2025\/07\/JC_Ragni_Marcel_Ragni_Stephane_Ragni_version_web-330x220.jpg 330w, https:\/\/sev-e.com\/wp-content\/uploads\/2025\/07\/JC_Ragni_Marcel_Ragni_Stephane_Ragni_version_web-180x120.jpg 180w, https:\/\/sev-e.com\/wp-content\/uploads\/2025\/07\/JC_Ragni_Marcel_Ragni_Stephane_Ragni_version_web-543x361.jpg 543w, https:\/\/sev-e.com\/wp-content\/uploads\/2025\/07\/JC_Ragni_Marcel_Ragni_Stephane_Ragni_version_web-321x214.jpg 321w\" sizes=\"(max-width: 1900px) 100vw, 1900px\" \/><\/figure>\n<\/div>\n\n\n<div style=\"height:50px\" aria-hidden=\"true\" class=\"wp-block-spacer\"><\/div>\n\n\n<div class=\"row content\"><div class=\"col-12 buttons col-xl-10 offset-xl-1\">\n<div class=\"wp-block-buttons is-content-justification-center is-layout-flex wp-container-core-buttons-is-layout-16018d1d wp-block-buttons-is-layout-flex\"><div class=\"wp-block-button\"><a class=\"wp-block-button__link has-text-align-center wp-element-button\" href=\"https:\/\/www.groupe-ragni.com\/de\/\" target=\"_blank\" rel=\"noreferrer noopener\"><span>Entdecken Sie die GROUPE RAGNI<\/span><\/a><\/div><\/div>\n<\/div><\/div>\n\n\n<div style=\"height:50px\" aria-hidden=\"true\" class=\"wp-block-spacer\"><\/div>\n\n\n<div class=\"row content\"><div class=\"col-12 heading col-xl-10 offset-xl-1\">\n<h2 class=\"wp-block-heading\" id=\"potentiel\">Das Potenzial der Regionen von morgen freisetzen<\/h2>\n<\/div><\/div>\n\n<div class=\"row content\"><div class=\"col-12 paragraph col-xl-10 offset-xl-1\">\n<p>Das Fazit ist eindeutig: Es gibt L\u00f6sungen in verschiedenen Bereichen, die jeweils darauf abzielen, die beste Alternative f\u00fcr die jeweiligen Herausforderungen zu bieten. Anstatt eine einheitliche Sichtweise aufzuzwingen, legt SEV\u24d4 Wert auf Kooperation und Zusammenarbeit. Etwa zehn sehr unterschiedliche Partner arbeiten daran, vielf\u00e4ltige Herausforderungen zu meistern \u2013 wie die Verwaltung der \u00f6ffentlichen Beleuchtung, die Implementierung von Ladestationen f\u00fcr Elektrofahrzeuge, die Analyse des Strom-, Wasser- und Gasverbrauchs sowie die Abfall- und Verkehrssteuerung.<\/p>\n<\/div><\/div>\n\n<div class=\"row content\"><div class=\"col-12 paragraph col-xl-10 offset-xl-1\">\n<p><em>\u201eDer erste Schritt ist, die Bed\u00fcrfnisse des Kunden zu h\u00f6ren und unsere technische Antwort entsprechend dem Projekt und seinen Besonderheiten anzupassen. Es wird nicht mehr der Kunde sein, der eine Standardl\u00f6sung ausw\u00e4hlen muss, die vielleicht nicht vollst\u00e4ndig seinen W\u00fcnschen entspricht \u2013 so wie es heute oft der Fall ist.\u201c<\/em><\/p>\n<\/div><\/div>\n\n<div class=\"row content\"><div class=\"col-12 paragraph col-xl-10 offset-xl-1\">\n<p>Diese Flexibilit\u00e4t ist das Markenzeichen von SEV\u24d4, einem Unternehmen, das seinen Partnern und Kunden zuh\u00f6rt, um verantwortungsvolle, nachhaltige und menschliche Regionen aufzubauen.<\/p>\n<\/div><\/div>\n\n\n<div style=\"height:50px\" aria-hidden=\"true\" class=\"wp-block-spacer\"><\/div>\n\n\n<div class=\"row content\"><div class=\"col-12 heading col-xl-10 offset-xl-1\">\n<h2 class=\"wp-block-heading\">Grenzenlose M\u00f6glichkeiten<\/h2>\n<\/div><\/div>\n\n<div class=\"row content\"><div class=\"col-12 paragraph col-xl-10 offset-xl-1\">\n<p>Mit seinem Open-Source-Management erweitert SEV\u24d4 die Grenzen des Machbaren. An eine bereits vorhandene L\u00f6sung anpassen? Neue Technologien hinzuf\u00fcgen? Das Angebot ist anpassbar und modular. Dabei pr\u00e4sentiert sich das technische Angebot von SEV\u24d4 wie eine Schubladenl\u00f6sung, aus der die Kunden genau die L\u00f6sungen ausw\u00e4hlen k\u00f6nnen, die sie interessieren. Anschlie\u00dfend wird, entsprechend der weiteren Bed\u00fcrfnisse, ein individuelles Betreuungs- und Supportniveau angeboten.<\/p>\n<\/div><\/div>\n\n<div class=\"row content\"><div class=\"col-12 paragraph col-xl-10 offset-xl-1\">\n<p>\u201eHeute scheitern viele Projekte an mangelndem Kundensupport oder fehlender Schulung. Es ist entscheidend, den Nutzern Autonomie zu geben, um sicherzustellen, dass die Anlagen langfristig funktionieren. Es geht darum, den Betrieb der Regionen zu optimieren \u2013 und das gelingt nur durch Schulungen der Mitarbeiter vor Ort oder durch ein passendes Serviceangebot f\u00fcr jedes Projekt.\u201c<\/p>\n<\/div><\/div>\n\n\n<div style=\"height:50px\" aria-hidden=\"true\" class=\"wp-block-spacer\"><\/div>\n\n\n<div class=\"row content\"><div class=\"col-12 buttons col-xl-10 offset-xl-1\">\n<div class=\"wp-block-buttons is-content-justification-center is-layout-flex wp-container-core-buttons-is-layout-16018d1d wp-block-buttons-is-layout-flex\"><div class=\"wp-block-button\"><a class=\"wp-block-button__link wp-element-button\" href=\"https:\/\/sev-e.com\/de\/konnektivitaet-dienstleistungen\/\"><span>Entdecken Sie unsere Begleitservices<\/span><\/a><\/div><\/div>\n<\/div><\/div>\n\n\n<div style=\"height:100px\" aria-hidden=\"true\" class=\"wp-block-spacer\"><\/div>\n\n\n<div class=\"row content\"><div class=\"col-12 paragraph col-xl-10 offset-xl-1\">\n<p><\/p>\n<\/div><\/div>","protected":false},"excerpt":{"rendered":"<p>Das Potenzial der Regionen von morgen freisetzen Das Fazit ist eindeutig: Es gibt L\u00f6sungen in verschiedenen Bereichen, die jeweils darauf abzielen, die beste Alternative f\u00fcr die jeweiligen Herausforderungen zu bieten. Anstatt eine einheitliche Sichtweise aufzuzwingen, legt SEV\u24d4 Wert auf Kooperation und Zusammenarbeit. Etwa zehn sehr unterschiedliche Partner arbeiten daran, vielf\u00e4ltige Herausforderungen zu meistern \u2013 wie [&hellip;]<\/p>\n","protected":false},"author":1,"featured_media":0,"parent":0,"menu_order":0,"comment_status":"closed","ping_status":"closed","template":"","meta":{"_acf_changed":false,"footnotes":""},"class_list":["post-1786","page","type-page","status-publish","hentry"],"acf":[],"_links":{"self":[{"href":"https:\/\/sev-e.com\/de\/wp-json\/wp\/v2\/pages\/1786","targetHints":{"allow":["GET"]}}],"collection":[{"href":"https:\/\/sev-e.com\/de\/wp-json\/wp\/v2\/pages"}],"about":[{"href":"https:\/\/sev-e.com\/de\/wp-json\/wp\/v2\/types\/page"}],"author":[{"embeddable":true,"href":"https:\/\/sev-e.com\/de\/wp-json\/wp\/v2\/users\/1"}],"replies":[{"embeddable":true,"href":"https:\/\/sev-e.com\/de\/wp-json\/wp\/v2\/comments?post=1786"}],"version-history":[{"count":2,"href":"https:\/\/sev-e.com\/de\/wp-json\/wp\/v2\/pages\/1786\/revisions"}],"predecessor-version":[{"id":1961,"href":"https:\/\/sev-e.com\/de\/wp-json\/wp\/v2\/pages\/1786\/revisions\/1961"}],"wp:attachment":[{"href":"https:\/\/sev-e.com\/de\/wp-json\/wp\/v2\/media?parent=1786"}],"curies":[{"name":"wp","href":"https:\/\/api.w.org\/{rel}","templated":true}]}}