{"id":1783,"date":"2025-05-19T10:34:01","date_gmt":"2025-05-19T08:34:01","guid":{"rendered":"https:\/\/sev-e.com\/?page_id=1783"},"modified":"2025-09-29T12:06:20","modified_gmt":"2025-09-29T10:06:20","slug":"accueil","status":"publish","type":"page","link":"https:\/\/sev-e.com\/de\/","title":{"rendered":"Startseite"},"content":{"rendered":"<\/section>\n<div id=\"block-hero-block_7d227f4ca2a12bfd21699c5f5d95d3c4\" class=\"container-fluid home_header_part  block-hero\">\n        <div class=\"title_part\">\n        <div class=\"overlay\">\n            <h1 class=\"h1 white\">SEV\u24d4 &#8211; eine einzigartige Begleitung f\u00fcr Ihre vernetzten Projekte<\/h1>\n        <\/div>\n    <\/div>\n        <div class=\"media_part\" Xstyle=\"background: url(https:\/\/sev-e.com\/wp-content\/uploads\/2025\/08\/image-header-2-1900x1615.png) no-repeat center \/ cover;\"><img decoding=\"async\" src=\"https:\/\/sev-e.com\/wp-content\/uploads\/2025\/08\/image-header-2-1900x1615.png\" alt=\"\" class=\"hero_image\"\/><\/div>    <a href=\"#next_section\" class=\"scroll_bottom\"><span class=\"icon icon-bottom\"><i class=\"icon-arrow-bottom\"><\/i><\/span><\/a>\n<\/div>\n<section id=\"next_section\" class=\"container\">\n\n\n\n<div style=\"height:100px\" aria-hidden=\"true\" class=\"wp-block-spacer\"><\/div>\n\n\n<\/section>\n\n<div id=\"block-hero-block_ae5169e675751882e55a6c770adaed40\" class=\"container-fluid slider_page_part  block-hero\">\n    <div class=\"container\">\n    \n        <div class=\"row\">\n            <div class=\"col-12 col-xxl-10\">\n                <h2 class=\"h2 blue\">1 IoT-Plattform mit mehreren Anwendungsbereichen, ma\u00dfgeschneidert und vollst\u00e4ndig interoperabel<\/h2>\n            <\/div>\n        <\/div>\n\n    \n                <div class=\"row slider_row\">\n                <div class=\"col-12 slider_content\">\n                    <div class=\"page_slider\">\n                        \n                            <a href=\"https:\/\/sev-e.com\/de\/beleuchtung\/\" class=\"item\" style=\"background:url(https:\/\/sev-e.com\/wp-content\/uploads\/2025\/07\/Eclairage_public-330x330.jpg) no-repeat center \/ cover;\">\n\n                                <div class=\"content\">\n                                    <div class=\"txt\">\n                                    <h3 class=\"title\">\u00d6ffentliche Beleuchtung<\/h3>\n                                    <p class=\"desc\">Die \u00f6ffentliche Beleuchtung steht im Mittelpunkt der Herausforderungen der Ressourcenschonung. F\u00fcr Kommunen ist die Effizienz und Optimierung ihrer Beleuchtung eines der Schl\u00fcsselelemente ihrer wirtschaftlichen und \u00f6kologischen Transformation.<\/p>\n                                    <\/div>\n                                <\/div>\n                            <\/a>\n                        \n                            <a href=\"https:\/\/sev-e.com\/de\/wasser\/\" class=\"item\" style=\"background:url(https:\/\/sev-e.com\/wp-content\/uploads\/2025\/07\/Eau-330x330.jpg) no-repeat center \/ cover;\">\n\n                                <div class=\"content\">\n                                    <div class=\"txt\">\n                                    <h3 class=\"title\">Wasser<\/h3>\n                                    <p class=\"desc\">W\u00e4hrend der weltweite Wasserbedarf kontinuierlich steigt, nimmt die Ressource selbst ab. Die Erhaltung von Menge und Qualit\u00e4t dieser Ressource ist eine gro\u00dfe Herausforderung.<\/p>\n                                    <\/div>\n                                <\/div>\n                            <\/a>\n                        \n                            <a href=\"https:\/\/sev-e.com\/de\/mobilitaet\/\" class=\"item\" style=\"background:url(https:\/\/sev-e.com\/wp-content\/uploads\/2025\/07\/Mobilite-330x330.jpg) no-repeat center \/ cover;\">\n\n                                <div class=\"content\">\n                                    <div class=\"txt\">\n                                    <h3 class=\"title\">Mobilit\u00e4t<\/h3>\n                                    <p class=\"desc\">Intelligente Mobilit\u00e4t ist vernetzt, multimodal, umweltfreundlich und sanft, ber\u00fccksichtigt Verkehrsfragen, passt sich der Stadt an und bietet den Nutzern einen hohen Mehrwert.<\/p>\n                                    <\/div>\n                                <\/div>\n                            <\/a>\n                        \n                            <a href=\"https:\/\/sev-e.com\/de\/beduerfnisse\/\" class=\"item\" style=\"background:url(https:\/\/sev-e.com\/wp-content\/uploads\/2025\/07\/Environnement-330x330.jpg) no-repeat center \/ cover;\">\n\n                                <div class=\"content\">\n                                    <div class=\"txt\">\n                                    <h3 class=\"title\">Umwelt<\/h3>\n                                    <p class=\"desc\">Verschmutzung, Abfall, Ger\u00e4usche, Ger\u00fcche, Druck, Feuchtigkeit\u2026 Die Analyse der Umwelt bedeutet, sich um die Menschen zu k\u00fcmmern, die darin leben. Machen Sie Ihre Region sicherer und ges\u00fcnder, indem Sie eine echte Echtzeit-Umweltintelligenz implementieren.<\/p>\n                                    <\/div>\n                                <\/div>\n                            <\/a>\n                        \n                            <a href=\"https:\/\/sev-e.com\/de\/energie\/\" class=\"item\" style=\"background:url(https:\/\/sev-e.com\/wp-content\/uploads\/2025\/07\/Energie-330x330.jpg) no-repeat center \/ cover;\">\n\n                                <div class=\"content\">\n                                    <div class=\"txt\">\n                                    <h3 class=\"title\">Energie<\/h3>\n                                    <p class=\"desc\">Die Reduzierung des Energieverbrauchs z\u00e4hlt zu unseren wichtigsten Aufgaben und erfordert die Integration erneuerbarer und lokaler Energien. Dies beinhaltet besondere Aufmerksamkeit f\u00fcr Verteilernetze, Ladestationen und Solarenergieerzeugung.<\/p>\n                                    <\/div>\n                                <\/div>\n                            <\/a>\n                        \n                            <a href=\"https:\/\/sev-e.com\/de\/gebaeude\/\" class=\"item\" style=\"background:url(https:\/\/sev-e.com\/wp-content\/uploads\/2025\/07\/Batiments-330x330.jpg) no-repeat center \/ cover;\">\n\n                                <div class=\"content\">\n                                    <div class=\"txt\">\n                                    <h3 class=\"title\">Geb\u00e4ude<\/h3>\n                                    <p class=\"desc\">Die vernetzte Geb\u00e4udeverwaltung basiert auf der Echtzeitanalyse von Daten zur Optimierung der Energieeffizienz, des Komforts der Nutzer und der Sicherheit. Dieser innovative Ansatz verwandelt Geb\u00e4ude in nachhaltige, reaktionsf\u00e4hige und an moderne Nutzungen angepasste R\u00e4ume.<\/p>\n                                    <\/div>\n                                <\/div>\n                            <\/a>\n                                            <\/div>\n                    <div class=\"slick-nav\">\n                        <span class=\"slick-prev\">\n                            <span class=\"icon-slider\">\n                                <i class=\"icon-prev\"><\/i>\n                            <\/span>\n                        <\/span>\n                        <span class=\"slick-next\">\n                                        <span class=\"icon-slider\">\n                                <i class=\"icon-next\"><\/i>\n                            <\/span>\n                        <\/span>\n                    <\/div>\n                <\/div>\n            <\/div>\n    \n    <div class=\"text_part container-fluid mt-5\">\n        <div class=\"container py-5\">\n            <div class=\"row\">\n                                    <div class=\"col-12 col-lg-4 bloc\">\n                        <p class=\"title blue\">St\u00e4dtische Effizienz<\/p>\n                        <p class=\"desc gray\">\u00dcber 70 Anwendungsf\u00e4lle zur Erfassung, Analyse und Visualisierung Ihrer Daten.<\/p>\n                    <\/div>\n                                    <div class=\"col-12 col-lg-4 bloc\">\n                        <p class=\"title blue\">Nachhaltige und inklusive Regionen<\/p>\n                        <p class=\"desc gray\">Mehr als 800 integrierte Sensoren, die sich an all Ihre Projekte anpassen \u2013 klein oder gro\u00df, einfach oder komplex.<\/p>\n                    <\/div>\n                                    <div class=\"col-12 col-lg-4 bloc\">\n                        <p class=\"title blue\">Energieeinsparungen<\/p>\n                        <p class=\"desc gray\">Bis zu 80 % Einsparungen bei Energie- und Betriebskosten zur Optimierung der Ressourcen und zur Entwicklung nachhaltiger Regionen.<\/p>\n                    <\/div>\n                            <\/div>\n            <div class=\"row\">\n                <div class=\"col-12 text-center p-5\">\n                                            <a href=\"https:\/\/sev-e.com\/de\/die-platform\/\" target=\"\" class=\"btn bg-white\"><span>Entdecken Sie die Plattform SEV\u24d4 Connect <\/span><\/a>\n                                    <\/div>\n            <\/div>\n        <\/div>\n\n    <\/div>\n\n    <\/div>\n<\/div>\n\n<section id=\"\" class=\"container\">\n\n\n<div class=\"wp-block-image\">\n<figure class=\"aligncenter size-large\"><img decoding=\"async\" width=\"1024\" height=\"643\" src=\"https:\/\/sev-e.com\/wp-content\/uploads\/2025\/06\/Image-2-1-1024x643.gif\" alt=\"\" class=\"wp-image-792\" srcset=\"https:\/\/sev-e.com\/wp-content\/uploads\/2025\/06\/Image-2-1-1024x643.gif 1024w, https:\/\/sev-e.com\/wp-content\/uploads\/2025\/06\/Image-2-1-300x188.gif 300w, https:\/\/sev-e.com\/wp-content\/uploads\/2025\/06\/Image-2-1-768x482.gif 768w, https:\/\/sev-e.com\/wp-content\/uploads\/2025\/06\/Image-2-1-1536x964.gif 1536w, https:\/\/sev-e.com\/wp-content\/uploads\/2025\/06\/Image-2-1-1320x829.gif 1320w, https:\/\/sev-e.com\/wp-content\/uploads\/2025\/06\/Image-2-1-990x621.gif 990w, https:\/\/sev-e.com\/wp-content\/uploads\/2025\/06\/Image-2-1-660x414.gif 660w, https:\/\/sev-e.com\/wp-content\/uploads\/2025\/06\/Image-2-1-450x282.gif 450w, https:\/\/sev-e.com\/wp-content\/uploads\/2025\/06\/Image-2-1-330x207.gif 330w, https:\/\/sev-e.com\/wp-content\/uploads\/2025\/06\/Image-2-1-180x113.gif 180w, https:\/\/sev-e.com\/wp-content\/uploads\/2025\/06\/Image-2-1-543x341.gif 543w, https:\/\/sev-e.com\/wp-content\/uploads\/2025\/06\/Image-2-1-321x202.gif 321w\" sizes=\"(max-width: 1024px) 100vw, 1024px\" \/><\/figure>\n<\/div>\n\n\n\n<div id=\"block-hero-block_c93f77a7c07dc353b99f2ef5df680c72\" class=\"row scrolling_txt_part  block-hero\">\n    <div class=\"col-12 col-xl-10 offset-xl-1 \">\n        <h2 class=\"h2 blue\">Vorteile<\/h2>        <div class=\"scrolling_wrapper\">\n\n            <div class=\"custom_scrollbar\">\n                            <\/div>\n\n            <div class=\"scrolling_content\">\n\n                <div class=\"item active\">\n                             <h3 class=\"h3 blue\">Vereinfachtes Management<\/h3>\n                             <p class=\"txt\">Mit einer intuitiven Plattform und Verwaltungsebenen, die an verschiedene Nutzer angepasst sind, optimieren Sie Ihre Ressourcen und Dienstleistungen, senken Kosten, vereinfachen die Wartung und verbessern die operative Effizienz.<\/p>\n                            <\/div><div class=\"item \">\n                             <h3 class=\"h3 blue\">Optimierte Entscheidungsfindung<\/h3>\n                             <p class=\"txt\">Das vernetzte Management bietet Ihnen eine sofortige und pr\u00e4zise \u00dcbersicht \u00fcber den Zustand Ihrer Infrastruktur. Die Analyse der gesammelten Daten erm\u00f6glicht schnelle und fundierte Entscheidungen.<\/p>\n                            <\/div><div class=\"item \">\n                             <h3 class=\"h3 blue\">Qualit\u00e4tsservices<\/h3>\n                             <p class=\"txt\">Stellen Sie die Nutzer in den Mittelpunkt Ihrer Projekte und antizipieren Sie ihre Bed\u00fcrfnisse f\u00fcr funktionale, effiziente, inklusive und nachhaltige Umgebungen.<\/p>\n                            <\/div><div class=\"item \">\n                             <h3 class=\"h3 blue\">Nachhaltige Entwicklung<\/h3>\n                             <p class=\"txt\">Mit unseren vernetzten L\u00f6sungen reduzieren Sie Ihre CO\u2082-Emissionen und minimieren die Umweltbelastung durch menschliche Aktivit\u00e4ten.<\/p>\n                            <\/div>            <\/div>\n        <\/div>\n    <\/div>\n<\/div>\n\n\n\n\n<div style=\"height:100px\" aria-hidden=\"true\" class=\"wp-block-spacer\"><\/div>\n\n\n\n\n<div id=\"block-hero-block_6874a0c25c93bcee76a42aab58404dc5\" class=\"row project_bloc_part  block-hero\">\n    <div class=\"col-12 p-5\"><h2 class=\"h2 blue text-center\">Ihr Projekt in Schritten<\/h2><\/div>            <div class=\"col-12 col-md-6 col-lg-3 p-lg-3 p-xl-4 p-xxl-5 mb-5 mb-lg-2 px-4 px-xl-2 text-center\">\n            <div class=\"bloc\">\n                                <span class=\"number\"><span>1<\/span><\/span>\n                                <p class=\"title blue text-start\">Analyse<\/p>\n                <div class=\"txt text-start\">\n                    <p>Wir begleiten Sie bei der <strong>Zusammenstellung Ihres Projekts<\/strong>, um Ihre Bed\u00fcrfnisse, Ziele und die Besonderheiten Ihres Gebiets zu bewerten.<\/p>\n                <\/div>\n            <\/div>\n        <\/div>\n            <div class=\"col-12 col-md-6 col-lg-3 p-lg-3 p-xl-4 p-xxl-5 mb-5 mb-lg-2 px-4 px-xl-2 text-center\">\n            <div class=\"bloc\">\n                                <span class=\"number\"><span>2<\/span><\/span>\n                                <p class=\"title blue text-start\">Konfiguration<\/p>\n                <div class=\"txt text-start\">\n                    <p><strong>Wir konfigurieren Ihre Infrastruktur<\/strong> entsprechend den Spezifika Ihres Projekts und der gew\u00e4hlten Anwendungsf\u00e4lle.<\/p>\n                <\/div>\n            <\/div>\n        <\/div>\n            <div class=\"col-12 col-md-6 col-lg-3 p-lg-3 p-xl-4 p-xxl-5 mb-5 mb-lg-2 px-4 px-xl-2 text-center\">\n            <div class=\"bloc\">\n                                <span class=\"number\"><span>3<\/span><\/span>\n                                <p class=\"title blue text-start\">Schulung<\/p>\n                <div class=\"txt text-start\">\n                    <p><strong>Wir schulen Sie<\/strong> in der Nutzung unserer intuitiven und sicheren Plattform, damit Sie Ihre Daten in Echtzeit effizient nutzen k\u00f6nnen.<\/p>\n                <\/div>\n            <\/div>\n        <\/div>\n            <div class=\"col-12 col-md-6 col-lg-3 p-lg-3 p-xl-4 p-xxl-5 mb-5 mb-lg-2 px-4 px-xl-2 text-center\">\n            <div class=\"bloc\">\n                                <span class=\"number\"><span>4<\/span><\/span>\n                                <p class=\"title blue text-start\">Begleitung<\/p>\n                <div class=\"txt text-start\">\n                    <p><strong>Wir bieten Ihnen einen Begleitservice an<\/strong>, um die Optimierung und den Betrieb Ihres vernetzten Gebiets bestm\u00f6glich zu gew\u00e4hrleisten.<\/p>\n                <\/div>\n            <\/div>\n        <\/div>\n    <\/div>\n\n\n\n\n<div style=\"height:100px\" aria-hidden=\"true\" class=\"wp-block-spacer\"><\/div>\n","protected":false},"excerpt":{"rendered":"","protected":false},"author":1,"featured_media":0,"parent":0,"menu_order":0,"comment_status":"closed","ping_status":"closed","template":"","meta":{"_acf_changed":false,"footnotes":""},"class_list":["post-1783","page","type-page","status-publish","hentry"],"acf":[],"_links":{"self":[{"href":"https:\/\/sev-e.com\/de\/wp-json\/wp\/v2\/pages\/1783","targetHints":{"allow":["GET"]}}],"collection":[{"href":"https:\/\/sev-e.com\/de\/wp-json\/wp\/v2\/pages"}],"about":[{"href":"https:\/\/sev-e.com\/de\/wp-json\/wp\/v2\/types\/page"}],"author":[{"embeddable":true,"href":"https:\/\/sev-e.com\/de\/wp-json\/wp\/v2\/users\/1"}],"replies":[{"embeddable":true,"href":"https:\/\/sev-e.com\/de\/wp-json\/wp\/v2\/comments?post=1783"}],"version-history":[{"count":8,"href":"https:\/\/sev-e.com\/de\/wp-json\/wp\/v2\/pages\/1783\/revisions"}],"predecessor-version":[{"id":2132,"href":"https:\/\/sev-e.com\/de\/wp-json\/wp\/v2\/pages\/1783\/revisions\/2132"}],"wp:attachment":[{"href":"https:\/\/sev-e.com\/de\/wp-json\/wp\/v2\/media?parent=1783"}],"curies":[{"name":"wp","href":"https:\/\/api.w.org\/{rel}","templated":true}]}}